{"id":765,"date":"2025-12-31T09:21:27","date_gmt":"2025-12-31T06:21:27","guid":{"rendered":"https:\/\/mustibilgi.com\/magaza\/?post_type=product&#038;p=765"},"modified":"2025-12-31T09:21:27","modified_gmt":"2025-12-31T06:21:27","slug":"2-el-klasor-cikma-dosya-klasor-1000-adet-kusur","status":"publish","type":"product","link":"https:\/\/mustibilgi.com\/magaza\/urun\/2-el-klasor-cikma-dosya-klasor-1000-adet-kusur\/","title":{"rendered":"2. el klas\u00f6r \u00e7\u0131kma dosya klas\u00f6r 1000 adet k\u00fcsur"},"content":{"rendered":"<p><img loading=\"lazy\" decoding=\"async\" src=\"https:\/\/mustibilgi.com\/magaza\/wp-content\/uploads\/2025\/12\/2.-el-klasor-cikma-dosya-klasor-2.png\" alt=\"\" width=\"1219\" height=\"918\" class=\"aligncenter size-full wp-image-767\" title=\"\" srcset=\"https:\/\/mustibilgi.com\/magaza\/wp-content\/uploads\/2025\/12\/2.-el-klasor-cikma-dosya-klasor-2.png 1219w, https:\/\/mustibilgi.com\/magaza\/wp-content\/uploads\/2025\/12\/2.-el-klasor-cikma-dosya-klasor-2-300x226.png 300w, https:\/\/mustibilgi.com\/magaza\/wp-content\/uploads\/2025\/12\/2.-el-klasor-cikma-dosya-klasor-2-1024x771.png 1024w, https:\/\/mustibilgi.com\/magaza\/wp-content\/uploads\/2025\/12\/2.-el-klasor-cikma-dosya-klasor-2-768x578.png 768w, https:\/\/mustibilgi.com\/magaza\/wp-content\/uploads\/2025\/12\/2.-el-klasor-cikma-dosya-klasor-2-160x120.png 160w, https:\/\/mustibilgi.com\/magaza\/wp-content\/uploads\/2025\/12\/2.-el-klasor-cikma-dosya-klasor-2-600x452.png 600w\" sizes=\"auto, (max-width: 1219px) 100vw, 1219px\" \/><\/p>\n","protected":false},"excerpt":{"rendered":"<p>2. el klas\u00f6r \u00e7\u0131kma dosya klas\u00f6r<\/p>\n","protected":false},"featured_media":766,"template":"","meta":[],"product_brand":[],"product_cat":[15],"product_tag":[],"class_list":{"0":"post-765","1":"product","2":"type-product","3":"status-publish","4":"has-post-thumbnail","6":"product_cat-ikinci-el-esya","8":"first","9":"instock","10":"sale","11":"shipping-taxable","12":"purchasable","13":"product-type-simple"},"_links":{"self":[{"href":"https:\/\/mustibilgi.com\/magaza\/wp-json\/wp\/v2\/product\/765","targetHints":{"allow":["GET"]}}],"collection":[{"href":"https:\/\/mustibilgi.com\/magaza\/wp-json\/wp\/v2\/product"}],"about":[{"href":"https:\/\/mustibilgi.com\/magaza\/wp-json\/wp\/v2\/types\/product"}],"wp:featuredmedia":[{"embeddable":true,"href":"https:\/\/mustibilgi.com\/magaza\/wp-json\/wp\/v2\/media\/766"}],"wp:attachment":[{"href":"https:\/\/mustibilgi.com\/magaza\/wp-json\/wp\/v2\/media?parent=765"}],"wp:term":[{"taxonomy":"product_brand","embeddable":true,"href":"https:\/\/mustibilgi.com\/magaza\/wp-json\/wp\/v2\/product_brand?post=765"},{"taxonomy":"product_cat","embeddable":true,"href":"https:\/\/mustibilgi.com\/magaza\/wp-json\/wp\/v2\/product_cat?post=765"},{"taxonomy":"product_tag","embeddable":true,"href":"https:\/\/mustibilgi.com\/magaza\/wp-json\/wp\/v2\/product_tag?post=765"}],"curies":[{"name":"wp","href":"https:\/\/api.w.org\/{rel}","templated":true}]}}