{"id":751,"date":"2025-12-08T15:23:52","date_gmt":"2025-12-08T12:23:52","guid":{"rendered":"https:\/\/mustibilgi.com\/magaza\/?post_type=product&#038;p=751"},"modified":"2025-12-08T15:23:52","modified_gmt":"2025-12-08T12:23:52","slug":"cok-az-oynanmis-ikinci-el-sorunsuz-ps5","status":"publish","type":"product","link":"https:\/\/mustibilgi.com\/magaza\/urun\/cok-az-oynanmis-ikinci-el-sorunsuz-ps5\/","title":{"rendered":"\u00c7OK AZ OYNANMI\u015e \u0130K\u0130NC\u0130 EL SORUNSUZ PS5"},"content":{"rendered":"<p><img loading=\"lazy\" decoding=\"async\" src=\"https:\/\/mustibilgi.com\/magaza\/wp-content\/uploads\/2025\/12\/IKINCI-EL-SORUNSUZ-PS5-2.png\" alt=\"\" width=\"1269\" height=\"859\" class=\"aligncenter size-full wp-image-754\" title=\"\" srcset=\"https:\/\/mustibilgi.com\/magaza\/wp-content\/uploads\/2025\/12\/IKINCI-EL-SORUNSUZ-PS5-2.png 1269w, https:\/\/mustibilgi.com\/magaza\/wp-content\/uploads\/2025\/12\/IKINCI-EL-SORUNSUZ-PS5-2-300x203.png 300w, https:\/\/mustibilgi.com\/magaza\/wp-content\/uploads\/2025\/12\/IKINCI-EL-SORUNSUZ-PS5-2-1024x693.png 1024w, https:\/\/mustibilgi.com\/magaza\/wp-content\/uploads\/2025\/12\/IKINCI-EL-SORUNSUZ-PS5-2-768x520.png 768w, https:\/\/mustibilgi.com\/magaza\/wp-content\/uploads\/2025\/12\/IKINCI-EL-SORUNSUZ-PS5-2-600x406.png 600w\" sizes=\"auto, (max-width: 1269px) 100vw, 1269px\" \/><\/p>\n","protected":false},"excerpt":{"rendered":"<p>PS5 cihaz\u0131m ihtiya\u00e7 sebebi ile sat\u0131l\u0131kt\u0131r. Kutular\u0131 dahi durmaktad\u0131r, yan\u0131nda verilecektir. 1 TB CD&#8217;li PS5, 2 kol ve 1 \u015farj stand\u0131 olarak t\u00fcm\u00fc verilecektir. Selam herkese 18.500e az kullan\u0131lm\u0131\u015f garantisi 20ay devam eden tek kol ps5 almak m\u0131 mant\u0131kl\u0131 yoksa \u00e7ift kol 19.500e garantisiz yurtd\u0131\u015f\u0131 cihaz\u0131 .. \u0130\u015f yo\u011funlu\u011fu sebebi ile \u00e7ok az kullan\u0131lm\u0131\u015ft\u0131r, s\u0131f\u0131r ayar\u0131ndad\u0131r. Selamlar 2. el bir PS5 buldum da almay\u0131 d\u00fc\u015f\u00fcn\u00fcyorum. Oyun konusunda PC&#8217;nin d\u0131\u015f\u0131na \u00e7\u0131kmad\u0131m. \u0130lk oyun konsolum olacak 2. el alaca\u011f\u0131m i\u00e7in sizce Ciddi al\u0131c\u0131lar\u0131n yazmas\u0131 ricad\u0131r, takas yoktur nakit ihtiyac\u0131 vard\u0131r. Mu\u011fladad\u0131r sat\u0131labilmesi icin konulmu\u015ftur.<\/p>\n","protected":false},"featured_media":752,"template":"","meta":[],"product_brand":[],"product_cat":[15],"product_tag":[],"class_list":{"0":"post-751","1":"product","2":"type-product","3":"status-publish","4":"has-post-thumbnail","6":"product_cat-ikinci-el-esya","8":"first","9":"instock","10":"shipping-taxable","11":"product-type-simple"},"_links":{"self":[{"href":"https:\/\/mustibilgi.com\/magaza\/wp-json\/wp\/v2\/product\/751","targetHints":{"allow":["GET"]}}],"collection":[{"href":"https:\/\/mustibilgi.com\/magaza\/wp-json\/wp\/v2\/product"}],"about":[{"href":"https:\/\/mustibilgi.com\/magaza\/wp-json\/wp\/v2\/types\/product"}],"wp:featuredmedia":[{"embeddable":true,"href":"https:\/\/mustibilgi.com\/magaza\/wp-json\/wp\/v2\/media\/752"}],"wp:attachment":[{"href":"https:\/\/mustibilgi.com\/magaza\/wp-json\/wp\/v2\/media?parent=751"}],"wp:term":[{"taxonomy":"product_brand","embeddable":true,"href":"https:\/\/mustibilgi.com\/magaza\/wp-json\/wp\/v2\/product_brand?post=751"},{"taxonomy":"product_cat","embeddable":true,"href":"https:\/\/mustibilgi.com\/magaza\/wp-json\/wp\/v2\/product_cat?post=751"},{"taxonomy":"product_tag","embeddable":true,"href":"https:\/\/mustibilgi.com\/magaza\/wp-json\/wp\/v2\/product_tag?post=751"}],"curies":[{"name":"wp","href":"https:\/\/api.w.org\/{rel}","templated":true}]}}