{"id":742,"date":"2025-08-06T08:07:05","date_gmt":"2025-08-06T05:07:05","guid":{"rendered":"https:\/\/mustibilgi.com\/magaza\/?post_type=product&#038;p=742"},"modified":"2025-08-06T08:07:05","modified_gmt":"2025-08-06T05:07:05","slug":"cikma-amerikan-kapi-temiz-kasali-oda-kapisi-ucuz-fiyata-satilik","status":"publish","type":"product","link":"https:\/\/mustibilgi.com\/magaza\/urun\/cikma-amerikan-kapi-temiz-kasali-oda-kapisi-ucuz-fiyata-satilik\/","title":{"rendered":"\u00c7\u0131kma amerikan kap\u0131 temiz kasal\u0131 oda kap\u0131s\u0131 ucuz fiyata sat\u0131l\u0131k"},"content":{"rendered":"<p><img loading=\"lazy\" decoding=\"async\" src=\"https:\/\/mustibilgi.com\/magaza\/wp-content\/uploads\/2025\/08\/Cikma-amerikan-kapi-temiz-kasali-1.png\" alt=\"\" width=\"473\" height=\"632\" class=\"aligncenter size-full wp-image-744\" title=\"\" srcset=\"https:\/\/mustibilgi.com\/magaza\/wp-content\/uploads\/2025\/08\/Cikma-amerikan-kapi-temiz-kasali-1.png 473w, https:\/\/mustibilgi.com\/magaza\/wp-content\/uploads\/2025\/08\/Cikma-amerikan-kapi-temiz-kasali-1-225x300.png 225w\" sizes=\"auto, (max-width: 473px) 100vw, 473px\" \/><\/p>\n","protected":false},"excerpt":{"rendered":"<p>\u00c7\u0131kma amerikan kap\u0131 temiz kasal\u0131 Amerikan panel kap\u0131. 1Adet fiyat\u0131 \u00c7\u0131kma panel kap\u0131 kasalar lake kasa \u00e7ok temiz kilitleri temiz Fiyat 1.500 nakliye alan 2450 tl.dir,. Ayr\u0131ca \u00e7ift kanatl\u0131 kap\u0131 2950 tl.dir. 18 cm kasa(duvar<\/p>\n","protected":false},"featured_media":745,"template":"","meta":[],"product_brand":[],"product_cat":[24],"product_tag":[],"class_list":{"0":"post-742","1":"product","2":"type-product","3":"status-publish","4":"has-post-thumbnail","6":"product_cat-ikinci-el-mobilya","8":"first","9":"instock","10":"sale","11":"shipping-taxable","12":"purchasable","13":"product-type-simple"},"_links":{"self":[{"href":"https:\/\/mustibilgi.com\/magaza\/wp-json\/wp\/v2\/product\/742","targetHints":{"allow":["GET"]}}],"collection":[{"href":"https:\/\/mustibilgi.com\/magaza\/wp-json\/wp\/v2\/product"}],"about":[{"href":"https:\/\/mustibilgi.com\/magaza\/wp-json\/wp\/v2\/types\/product"}],"wp:featuredmedia":[{"embeddable":true,"href":"https:\/\/mustibilgi.com\/magaza\/wp-json\/wp\/v2\/media\/745"}],"wp:attachment":[{"href":"https:\/\/mustibilgi.com\/magaza\/wp-json\/wp\/v2\/media?parent=742"}],"wp:term":[{"taxonomy":"product_brand","embeddable":true,"href":"https:\/\/mustibilgi.com\/magaza\/wp-json\/wp\/v2\/product_brand?post=742"},{"taxonomy":"product_cat","embeddable":true,"href":"https:\/\/mustibilgi.com\/magaza\/wp-json\/wp\/v2\/product_cat?post=742"},{"taxonomy":"product_tag","embeddable":true,"href":"https:\/\/mustibilgi.com\/magaza\/wp-json\/wp\/v2\/product_tag?post=742"}],"curies":[{"name":"wp","href":"https:\/\/api.w.org\/{rel}","templated":true}]}}