{"id":738,"date":"2025-04-14T17:47:06","date_gmt":"2025-04-14T14:47:06","guid":{"rendered":"https:\/\/mustibilgi.com\/magaza\/?post_type=product&#038;p=738"},"modified":"2025-04-14T17:47:06","modified_gmt":"2025-04-14T14:47:06","slug":"cikma-trapez-sandvic-panel-yalitim-malzemesi-trapez-panel","status":"publish","type":"product","link":"https:\/\/mustibilgi.com\/magaza\/urun\/cikma-trapez-sandvic-panel-yalitim-malzemesi-trapez-panel\/","title":{"rendered":"\u00c7IKMA TRAPEZ SANDV\u0130\u00c7 PANEL YALITIM MALZEMES\u0130 TRAPEZ PANEL"},"content":{"rendered":"<p><img loading=\"lazy\" decoding=\"async\" src=\"https:\/\/mustibilgi.com\/magaza\/wp-content\/uploads\/2025\/04\/cikma-trapez-sac-1.png\" alt=\"\" width=\"803\" height=\"606\" class=\"aligncenter size-full wp-image-740\" title=\"\" srcset=\"https:\/\/mustibilgi.com\/magaza\/wp-content\/uploads\/2025\/04\/cikma-trapez-sac-1.png 803w, https:\/\/mustibilgi.com\/magaza\/wp-content\/uploads\/2025\/04\/cikma-trapez-sac-1-300x226.png 300w, https:\/\/mustibilgi.com\/magaza\/wp-content\/uploads\/2025\/04\/cikma-trapez-sac-1-768x580.png 768w, https:\/\/mustibilgi.com\/magaza\/wp-content\/uploads\/2025\/04\/cikma-trapez-sac-1-160x120.png 160w, https:\/\/mustibilgi.com\/magaza\/wp-content\/uploads\/2025\/04\/cikma-trapez-sac-1-600x453.png 600w\" sizes=\"auto, (max-width: 803px) 100vw, 803px\" \/><\/p>\n<p><img loading=\"lazy\" decoding=\"async\" src=\"https:\/\/mustibilgi.com\/magaza\/wp-content\/uploads\/2025\/04\/cikma-trapez-sac-2.png\" alt=\"\" width=\"993\" height=\"619\" class=\"aligncenter size-full wp-image-739\" title=\"\" srcset=\"https:\/\/mustibilgi.com\/magaza\/wp-content\/uploads\/2025\/04\/cikma-trapez-sac-2.png 993w, https:\/\/mustibilgi.com\/magaza\/wp-content\/uploads\/2025\/04\/cikma-trapez-sac-2-300x187.png 300w, https:\/\/mustibilgi.com\/magaza\/wp-content\/uploads\/2025\/04\/cikma-trapez-sac-2-768x479.png 768w, https:\/\/mustibilgi.com\/magaza\/wp-content\/uploads\/2025\/04\/cikma-trapez-sac-2-600x374.png 600w\" sizes=\"auto, (max-width: 993px) 100vw, 993px\" \/><\/p>\n","protected":false},"excerpt":{"rendered":"<p>PANEL YALITIM MALZEMES\u0130 TRAPEZ PANEL 9 hadveli d\u0131\u015f y\u00fczeyi, 3 ve Isotrapez Yal\u0131t\u0131ml\u0131 Trapez Fiyatlar\u0131<br \/>\nSandvi\u00e7 Panel<br \/>\n2.el sandvi\u00e7 panel letgo<br \/>\nSandvi\u00e7 Panel Fiyatlar\u0131<br \/>\nK\u00f6p\u00fckl\u00fc Trapez Sac Fiyatlar\u0131<br \/>\n1. cm sandvi\u00e7 panel fiyatlar\u0131 sahibinden 5 hadveli sandvi\u00e7 panel formuna uygun \u00fcretim ile tamamlay\u0131c\u0131 \u00fcr\u00fcn olarak kullan\u0131m \u00f6zelli\u011fi \u00b7 Boyal\u0131 galvaniz sac ya da al\u00fcminyum se\u00e7ene\u011fi poli\u00fcretan tabakal\u0131 i\u00e7 y\u00fczeyi ile Isotrapez, geleneksel trapezin daha iyi \u0131s\u0131, nem, ses yal\u0131t\u0131m\u0131 ve y\u00fck ta\u015f\u0131ma \u00f6zelli\u011fi kazanm\u0131\u015f halidir.<\/p>\n","protected":false},"featured_media":739,"template":"","meta":[],"product_brand":[],"product_cat":[15],"product_tag":[],"class_list":{"0":"post-738","1":"product","2":"type-product","3":"status-publish","4":"has-post-thumbnail","6":"product_cat-ikinci-el-esya","8":"first","9":"instock","10":"sale","11":"shipping-taxable","12":"purchasable","13":"product-type-simple"},"_links":{"self":[{"href":"https:\/\/mustibilgi.com\/magaza\/wp-json\/wp\/v2\/product\/738","targetHints":{"allow":["GET"]}}],"collection":[{"href":"https:\/\/mustibilgi.com\/magaza\/wp-json\/wp\/v2\/product"}],"about":[{"href":"https:\/\/mustibilgi.com\/magaza\/wp-json\/wp\/v2\/types\/product"}],"wp:featuredmedia":[{"embeddable":true,"href":"https:\/\/mustibilgi.com\/magaza\/wp-json\/wp\/v2\/media\/739"}],"wp:attachment":[{"href":"https:\/\/mustibilgi.com\/magaza\/wp-json\/wp\/v2\/media?parent=738"}],"wp:term":[{"taxonomy":"product_brand","embeddable":true,"href":"https:\/\/mustibilgi.com\/magaza\/wp-json\/wp\/v2\/product_brand?post=738"},{"taxonomy":"product_cat","embeddable":true,"href":"https:\/\/mustibilgi.com\/magaza\/wp-json\/wp\/v2\/product_cat?post=738"},{"taxonomy":"product_tag","embeddable":true,"href":"https:\/\/mustibilgi.com\/magaza\/wp-json\/wp\/v2\/product_tag?post=738"}],"curies":[{"name":"wp","href":"https:\/\/api.w.org\/{rel}","templated":true}]}}