{"id":727,"date":"2024-10-22T09:05:21","date_gmt":"2024-10-22T06:05:21","guid":{"rendered":"https:\/\/mustibilgi.com\/magaza\/?post_type=product&#038;p=727"},"modified":"2024-10-22T09:05:21","modified_gmt":"2024-10-22T06:05:21","slug":"spot-insaat-el-arabasi-ucuz-toptan-tekerlekli-insaat-el-araba","status":"publish","type":"product","link":"https:\/\/mustibilgi.com\/magaza\/urun\/spot-insaat-el-arabasi-ucuz-toptan-tekerlekli-insaat-el-araba\/","title":{"rendered":"Spot in\u015faat el arabas\u0131 ucuz toptan tekerlekli in\u015faat el araba"},"content":{"rendered":"<p><img loading=\"lazy\" decoding=\"async\" class=\"aligncenter size-full wp-image-728\" src=\"https:\/\/mustibilgi.com\/magaza\/wp-content\/uploads\/2024\/10\/tekerlekli-insaat-el-araba-3.png\" alt=\"\" width=\"945\" height=\"626\" title=\"\" srcset=\"https:\/\/mustibilgi.com\/magaza\/wp-content\/uploads\/2024\/10\/tekerlekli-insaat-el-araba-3.png 945w, https:\/\/mustibilgi.com\/magaza\/wp-content\/uploads\/2024\/10\/tekerlekli-insaat-el-araba-3-300x199.png 300w, https:\/\/mustibilgi.com\/magaza\/wp-content\/uploads\/2024\/10\/tekerlekli-insaat-el-araba-3-768x509.png 768w, https:\/\/mustibilgi.com\/magaza\/wp-content\/uploads\/2024\/10\/tekerlekli-insaat-el-araba-3-600x397.png 600w\" sizes=\"auto, (max-width: 945px) 100vw, 945px\" \/><\/p>\n","protected":false},"excerpt":{"rendered":"<p><strong>spot tekerlekli in\u015faat el araba<\/strong> Merdiven \u00e7\u0131kan el arabas\u0131 Siz de ihtiya\u00e7lar\u0131n\u0131z\u0131 gidermek amac\u0131yla 4 ya da 3 tekerlekli el arabas\u0131 modellerine kolayl\u0131kla Merdiven \u00e7\u0131kan el arabas\u0131. Ko\u00e7ta\u015f&#8217;ta el arabas\u0131 var m\u0131?<br \/>\n1 el arabas\u0131 ka\u00e7 litre? El arabas\u0131 ka\u00e7 kg ta\u015f\u0131r? El arabas\u0131 nerede kullan\u0131l\u0131r?<br \/>\n\u0130stanbul, Pendik \u00b7 EL ARABASI MAV\u0130 RENK En ucuz el arabas\u0131 fiyatlar\u0131 126 farkl\u0131 se\u00e7enekle. EL ARABASI MAV\u0130 RENK. 900 TL<\/p>\n","protected":false},"featured_media":728,"template":"","meta":[],"product_brand":[],"product_cat":[15,29],"product_tag":[],"class_list":{"0":"post-727","1":"product","2":"type-product","3":"status-publish","4":"has-post-thumbnail","6":"product_cat-ikinci-el-esya","7":"product_cat-spot-defolu-esya","9":"first","10":"instock","11":"sale","12":"shipping-taxable","13":"purchasable","14":"product-type-simple"},"_links":{"self":[{"href":"https:\/\/mustibilgi.com\/magaza\/wp-json\/wp\/v2\/product\/727","targetHints":{"allow":["GET"]}}],"collection":[{"href":"https:\/\/mustibilgi.com\/magaza\/wp-json\/wp\/v2\/product"}],"about":[{"href":"https:\/\/mustibilgi.com\/magaza\/wp-json\/wp\/v2\/types\/product"}],"wp:featuredmedia":[{"embeddable":true,"href":"https:\/\/mustibilgi.com\/magaza\/wp-json\/wp\/v2\/media\/728"}],"wp:attachment":[{"href":"https:\/\/mustibilgi.com\/magaza\/wp-json\/wp\/v2\/media?parent=727"}],"wp:term":[{"taxonomy":"product_brand","embeddable":true,"href":"https:\/\/mustibilgi.com\/magaza\/wp-json\/wp\/v2\/product_brand?post=727"},{"taxonomy":"product_cat","embeddable":true,"href":"https:\/\/mustibilgi.com\/magaza\/wp-json\/wp\/v2\/product_cat?post=727"},{"taxonomy":"product_tag","embeddable":true,"href":"https:\/\/mustibilgi.com\/magaza\/wp-json\/wp\/v2\/product_tag?post=727"}],"curies":[{"name":"wp","href":"https:\/\/api.w.org\/{rel}","templated":true}]}}