{"id":715,"date":"2024-10-08T08:58:45","date_gmt":"2024-10-08T05:58:45","guid":{"rendered":"https:\/\/mustibilgi.com\/magaza\/?post_type=product&#038;p=715"},"modified":"2024-10-08T08:58:45","modified_gmt":"2024-10-08T05:58:45","slug":"mdf-tozu-ucuz-satilik-sunta-tozu-temizdir-yabanci-cisim-vs-yoktur","status":"publish","type":"product","link":"https:\/\/mustibilgi.com\/magaza\/urun\/mdf-tozu-ucuz-satilik-sunta-tozu-temizdir-yabanci-cisim-vs-yoktur\/","title":{"rendered":"Mdf tozu ucuz sat\u0131l\u0131k sunta tozu temizdir yabanc\u0131 cisim vs yoktur"},"content":{"rendered":"<p><strong><a href=\"https:\/\/tr.wikipedia.org\/wiki\/MDF\" target=\"_blank\" rel=\"noopener\">MDF<\/a> tozu ne i\u015fe yarar?<\/strong><br \/>\nSunta-MDF \u00fcretiminde, Pelet \u00fcretimlerinde, Enerji sekt\u00f6r\u00fcnde \u0131s\u0131 ve elektrik \u00fcretiminde, mangal k\u00f6m\u00fcr\u00fc, briket k\u00f6m\u00fcr\u00fc, nargile k\u00f6m\u00fcr\u00fc imalatlar\u0131nda kullan\u0131lmaktad\u0131r.<\/p>\n<p><strong><a href=\"https:\/\/tr.wikipedia.org\/wiki\/MDF\" target=\"_blank\" rel=\"noopener\">MDF<\/a> yerine ne kullan\u0131l\u0131r?<\/strong><br \/>\n<strong>Neden \u00dcr\u00fcnlerimizde MDF Yerine Kontrplak Kullan\u0131yoruz?<\/strong><br \/>\n\u00b7 \u00c7atlamaya kar\u015f\u0131 diren\u00e7lidir, \u00b7 Kolay i\u015flenebilir ve \u00e7evre dostudur, \u00b7 Suya kar\u015f\u0131 dayan\u0131m\u0131 y\u00fcksektir ve \u00fczerine ah\u015fap boyas\u0131 uyguland\u0131\u011f\u0131nda do\u011fal bir g\u00f6r\u00fcn\u00fcm ortaya \u00e7\u0131kar\u0131r. Bu nedenlerden dolay\u0131, \u00fcr\u00fcnlerimizin dayan\u0131kl\u0131l\u0131\u011f\u0131n\u0131 ve kalitesini en \u00fcst seviyede tutmak i\u00e7in MDF yerine kontrplak tercih ediyoruz.<\/p>\n","protected":false},"excerpt":{"rendered":"<p><strong>Mdf<\/strong> tozu Mdf tozu t bulunur. mdf tozu ucuz sat\u0131l\u0131k sunta tozu Temizdir yabanc\u0131 cisim vs yoktur. Ancak kulland\u0131\u011f\u0131n\u0131z ah\u015fap pelet i\u00e7eri\u011finde mdf tozu kesinlikle bulunmamal\u0131d\u0131r, \u0130lan Tarihi 21 Kas\u0131m 2023; Her t\u00fcrl\u00fc mdf sunta kay\u0131n kaba tala\u015f vb temin edilir talep halinde \u00e7uvallan\u0131larak sevk T\u00fcr\u00fc MDF; Kimden Sahibinden<\/p>\n","protected":false},"featured_media":716,"template":"","meta":[],"product_brand":[],"product_cat":[24],"product_tag":[],"class_list":{"0":"post-715","1":"product","2":"type-product","3":"status-publish","4":"has-post-thumbnail","6":"product_cat-ikinci-el-mobilya","8":"first","9":"instock","10":"sale","11":"shipping-taxable","12":"purchasable","13":"product-type-simple"},"_links":{"self":[{"href":"https:\/\/mustibilgi.com\/magaza\/wp-json\/wp\/v2\/product\/715","targetHints":{"allow":["GET"]}}],"collection":[{"href":"https:\/\/mustibilgi.com\/magaza\/wp-json\/wp\/v2\/product"}],"about":[{"href":"https:\/\/mustibilgi.com\/magaza\/wp-json\/wp\/v2\/types\/product"}],"wp:featuredmedia":[{"embeddable":true,"href":"https:\/\/mustibilgi.com\/magaza\/wp-json\/wp\/v2\/media\/716"}],"wp:attachment":[{"href":"https:\/\/mustibilgi.com\/magaza\/wp-json\/wp\/v2\/media?parent=715"}],"wp:term":[{"taxonomy":"product_brand","embeddable":true,"href":"https:\/\/mustibilgi.com\/magaza\/wp-json\/wp\/v2\/product_brand?post=715"},{"taxonomy":"product_cat","embeddable":true,"href":"https:\/\/mustibilgi.com\/magaza\/wp-json\/wp\/v2\/product_cat?post=715"},{"taxonomy":"product_tag","embeddable":true,"href":"https:\/\/mustibilgi.com\/magaza\/wp-json\/wp\/v2\/product_tag?post=715"}],"curies":[{"name":"wp","href":"https:\/\/api.w.org\/{rel}","templated":true}]}}