{"id":710,"date":"2024-10-03T08:52:05","date_gmt":"2024-10-03T05:52:05","guid":{"rendered":"https:\/\/mustibilgi.com\/magaza\/?post_type=product&#038;p=710"},"modified":"2024-10-03T08:52:05","modified_gmt":"2024-10-03T05:52:05","slug":"cikma-insaat-kalibi-hurda-2-el-insaat-pano-malzeme-fiatlari-teleskobik","status":"publish","type":"product","link":"https:\/\/mustibilgi.com\/magaza\/urun\/cikma-insaat-kalibi-hurda-2-el-insaat-pano-malzeme-fiatlari-teleskobik\/","title":{"rendered":"\u00c7\u0131kma in\u015faat kal\u0131b\u0131 HURDA 2.el in\u015faat pano MALZEME F\u0130ATLARI, teleskobik"},"content":{"rendered":"","protected":false},"excerpt":{"rendered":"<p>\u00e7\u0131kma in\u015faat kal\u0131b\u0131 2.el in\u015faat demir direk fiyatlar\u0131<br \/>\nsahibinden.com da acilen sat\u0131l\u0131k ikinci el in\u015faat kal\u0131p Beton Kal\u0131b\u0131 Ne Zaman S\u00f6k\u00fcl\u00fcr? Kiri\u015flerin dikey b\u00f6l\u00fcmleri, betonarme duvarlar ve kolonlar i\u00e7in 2 kerestesi ilan\u0131 nalbulda bir \u015fey<br \/>\n<strong><a href=\"https:\/\/www.google.com\/search?q=2.el+teleskopik+direk&amp;rlz=1C1CHZN_trTR1057TR1057&amp;oq=2.el+teleskopik+direk&amp;gs_lcrp=EgZjaHJvbWUyBggAEEUYOTIHCAEQABiABDIHCAIQABiABDIICAMQABgWGB4yCAgEEAAYFhgeMggIBRAAGBYYHjIKCAYQABiABBiiBDIKCAcQABiABBiiBNIBBzY1NGowajmoAgCwAgE&amp;sourceid=chrome&amp;ie=UTF-8\">2.el teleskopik direk<\/a><\/strong> fiyatlar\u0131 sahibinden<br \/>\n2. el \u00e7elik kal\u0131p fiyatlar\u0131 in\u015faat panosu, HURDA 2.el in\u015faat pano MALZEME F\u0130ATLARI, teleskobik dikmeler, in\u015faat<br \/>\nsahibinden 2.el plywood fiyatlar\u0131<br \/>\n\u0130n\u015faat kal\u0131b\u0131 fiyatlar<\/p>\n","protected":false},"featured_media":713,"template":"","meta":[],"product_brand":[],"product_cat":[15],"product_tag":[],"class_list":{"0":"post-710","1":"product","2":"type-product","3":"status-publish","4":"has-post-thumbnail","6":"product_cat-ikinci-el-esya","8":"first","9":"instock","10":"sale","11":"shipping-taxable","12":"purchasable","13":"product-type-simple"},"_links":{"self":[{"href":"https:\/\/mustibilgi.com\/magaza\/wp-json\/wp\/v2\/product\/710","targetHints":{"allow":["GET"]}}],"collection":[{"href":"https:\/\/mustibilgi.com\/magaza\/wp-json\/wp\/v2\/product"}],"about":[{"href":"https:\/\/mustibilgi.com\/magaza\/wp-json\/wp\/v2\/types\/product"}],"wp:featuredmedia":[{"embeddable":true,"href":"https:\/\/mustibilgi.com\/magaza\/wp-json\/wp\/v2\/media\/713"}],"wp:attachment":[{"href":"https:\/\/mustibilgi.com\/magaza\/wp-json\/wp\/v2\/media?parent=710"}],"wp:term":[{"taxonomy":"product_brand","embeddable":true,"href":"https:\/\/mustibilgi.com\/magaza\/wp-json\/wp\/v2\/product_brand?post=710"},{"taxonomy":"product_cat","embeddable":true,"href":"https:\/\/mustibilgi.com\/magaza\/wp-json\/wp\/v2\/product_cat?post=710"},{"taxonomy":"product_tag","embeddable":true,"href":"https:\/\/mustibilgi.com\/magaza\/wp-json\/wp\/v2\/product_tag?post=710"}],"curies":[{"name":"wp","href":"https:\/\/api.w.org\/{rel}","templated":true}]}}