{"id":698,"date":"2024-08-25T09:23:34","date_gmt":"2024-08-25T06:23:34","guid":{"rendered":"https:\/\/mustibilgi.com\/magaza\/?post_type=product&#038;p=698"},"modified":"2024-08-25T09:23:34","modified_gmt":"2024-08-25T06:23:34","slug":"ikinci-el-su-saati-temiz-su-sayaclari-hurda-saglam-ucuz","status":"publish","type":"product","link":"https:\/\/mustibilgi.com\/magaza\/urun\/ikinci-el-su-saati-temiz-su-sayaclari-hurda-saglam-ucuz\/","title":{"rendered":"\u0130kinci el su saati temiz su saya\u00e7lar\u0131 hurda sa\u011flam ucuz"},"content":{"rendered":"<p><strong>Su saati almak ne kadar?<\/strong><br \/>\nKirac\u0131 olacak su aboneli\u011fi a\u00e7t\u0131rmak i\u00e7in \u00fccret ne kadar? Konutlarda su aboneli\u011fi a\u00e7t\u0131rma \u00fccreti 2023 y\u0131l\u0131 i\u00e7in 618 TL&#8217;dir.<\/p>\n<p><strong>Su saya\u00e7lar\u0131 ka\u00e7 y\u0131lda bir de\u011fi\u015fir?<\/strong><br \/>\nSu saya\u00e7lar\u0131n\u0131n s\u00f6k\u00fclme nedenleri:<\/p>\n<p>13.Damga nedeniyle (Elektrik, su ve gaz saya\u00e7lar\u0131n\u0131n periyodik muayenelerinin 10 (on) y\u0131lda bir yapt\u0131r\u0131lmas\u0131 zorunludur.)<\/p>\n","protected":false},"excerpt":{"rendered":"<p><strong><a href=\"https:\/\/www.google.com\/search?q=%C4%B0kinci+el+su+saati&amp;sca_esv=5a8ea23e618ef53b&amp;rlz=1C1CHZN_trTR1057TR1057&amp;ei=fM3KZtCLMoXw6AOB4dPQBg&amp;ved=0ahUKEwjQufevwI-IAxUFOHoKHYHwFGoQ4dUDCA8&amp;uact=5&amp;oq=%C4%B0kinci+el+su+saati&amp;gs_lp=Egxnd3Mtd2l6LXNlcnAiE8Swa2luY2kgZWwgc3Ugc2FhdGkyChAAGLADGNYEGEcyChAAGLADGNYEGEcyChAAGLADGNYEGEcyChAAGLADGNYEGEcyChAAGLADGNYEGEcyChAAGLADGNYEGEcyChAAGLADGNYEGEcyChAAGLADGNYEGEdIwgVQswNYtgRwAXgBkAEAmAGVAaABlQGqAQMwLjG4AQPIAQD4AQGYAgGgAguYAwCIBgGQBgiSBwExoAeMAw&amp;sclient=gws-wiz-serp\">\u0130kinci el su saati<\/a><\/strong> temiz su saya\u00e7lar\u0131 \u0130kinci El ve S\u0131f\u0131r Al\u0131\u015fveri\u015f ikinci el Su Saati modelleri ile arad\u0131\u011f\u0131n yeni sezon \u00fcr\u00fcnleri sevdi\u011fin Yedek Par\u00e7a, Aksesuar su saati sahibinden Su sayac\u0131 modellerinde en uygun fiyatlar i\u00e7in t\u0131kla! S\u0131cak su sayac\u0131, ak\u0131ll\u0131 su sayac\u0131 gibi binlerce \u00e7e\u015fit saya\u00e7 su saati sahibinden.<\/p>\n","protected":false},"featured_media":701,"template":"","meta":[],"product_brand":[],"product_cat":[15],"product_tag":[],"class_list":{"0":"post-698","1":"product","2":"type-product","3":"status-publish","4":"has-post-thumbnail","6":"product_cat-ikinci-el-esya","8":"first","9":"instock","10":"sale","11":"shipping-taxable","12":"purchasable","13":"product-type-simple"},"_links":{"self":[{"href":"https:\/\/mustibilgi.com\/magaza\/wp-json\/wp\/v2\/product\/698","targetHints":{"allow":["GET"]}}],"collection":[{"href":"https:\/\/mustibilgi.com\/magaza\/wp-json\/wp\/v2\/product"}],"about":[{"href":"https:\/\/mustibilgi.com\/magaza\/wp-json\/wp\/v2\/types\/product"}],"wp:featuredmedia":[{"embeddable":true,"href":"https:\/\/mustibilgi.com\/magaza\/wp-json\/wp\/v2\/media\/701"}],"wp:attachment":[{"href":"https:\/\/mustibilgi.com\/magaza\/wp-json\/wp\/v2\/media?parent=698"}],"wp:term":[{"taxonomy":"product_brand","embeddable":true,"href":"https:\/\/mustibilgi.com\/magaza\/wp-json\/wp\/v2\/product_brand?post=698"},{"taxonomy":"product_cat","embeddable":true,"href":"https:\/\/mustibilgi.com\/magaza\/wp-json\/wp\/v2\/product_cat?post=698"},{"taxonomy":"product_tag","embeddable":true,"href":"https:\/\/mustibilgi.com\/magaza\/wp-json\/wp\/v2\/product_tag?post=698"}],"curies":[{"name":"wp","href":"https:\/\/api.w.org\/{rel}","templated":true}]}}