{"id":693,"date":"2024-08-21T09:29:12","date_gmt":"2024-08-21T06:29:12","guid":{"rendered":"https:\/\/mustibilgi.com\/magaza\/?post_type=product&#038;p=693"},"modified":"2024-08-21T09:29:12","modified_gmt":"2024-08-21T06:29:12","slug":"maske-lastik-takma-makinesi-ucuz-fiyata-tam-otomatik-lastik-makinesi","status":"publish","type":"product","link":"https:\/\/mustibilgi.com\/magaza\/urun\/maske-lastik-takma-makinesi-ucuz-fiyata-tam-otomatik-lastik-makinesi\/","title":{"rendered":"Maske Lastik Takma Makinesi Ucuz Fiyata Tam Otomatik Lastik Makinesi"},"content":{"rendered":"<p><img loading=\"lazy\" decoding=\"async\" src=\"https:\/\/mustibilgi.com\/magaza\/wp-content\/uploads\/2024\/08\/Maske-Lastik-Takma-Makinesi-1.png\" alt=\"\" width=\"699\" height=\"628\" class=\"aligncenter size-full wp-image-694\" title=\"\" srcset=\"https:\/\/mustibilgi.com\/magaza\/wp-content\/uploads\/2024\/08\/Maske-Lastik-Takma-Makinesi-1.png 699w, https:\/\/mustibilgi.com\/magaza\/wp-content\/uploads\/2024\/08\/Maske-Lastik-Takma-Makinesi-1-300x270.png 300w, https:\/\/mustibilgi.com\/magaza\/wp-content\/uploads\/2024\/08\/Maske-Lastik-Takma-Makinesi-1-600x539.png 600w\" sizes=\"auto, (max-width: 699px) 100vw, 699px\" \/><\/p>\n<p><img loading=\"lazy\" decoding=\"async\" src=\"https:\/\/mustibilgi.com\/magaza\/wp-content\/uploads\/2024\/08\/Maske-Lastik-Takma-Makinesi-2.png\" alt=\"\" width=\"825\" height=\"619\" class=\"aligncenter size-full wp-image-695\" title=\"\" srcset=\"https:\/\/mustibilgi.com\/magaza\/wp-content\/uploads\/2024\/08\/Maske-Lastik-Takma-Makinesi-2.png 825w, https:\/\/mustibilgi.com\/magaza\/wp-content\/uploads\/2024\/08\/Maske-Lastik-Takma-Makinesi-2-300x225.png 300w, https:\/\/mustibilgi.com\/magaza\/wp-content\/uploads\/2024\/08\/Maske-Lastik-Takma-Makinesi-2-768x576.png 768w, https:\/\/mustibilgi.com\/magaza\/wp-content\/uploads\/2024\/08\/Maske-Lastik-Takma-Makinesi-2-160x120.png 160w, https:\/\/mustibilgi.com\/magaza\/wp-content\/uploads\/2024\/08\/Maske-Lastik-Takma-Makinesi-2-600x450.png 600w\" sizes=\"auto, (max-width: 825px) 100vw, 825px\" \/><\/p>\n<p><img loading=\"lazy\" decoding=\"async\" src=\"https:\/\/mustibilgi.com\/magaza\/wp-content\/uploads\/2024\/08\/Maske-Lastik-Takma-Makinesi-3.png\" alt=\"\" width=\"830\" height=\"615\" class=\"aligncenter size-full wp-image-696\" title=\"\" srcset=\"https:\/\/mustibilgi.com\/magaza\/wp-content\/uploads\/2024\/08\/Maske-Lastik-Takma-Makinesi-3.png 830w, https:\/\/mustibilgi.com\/magaza\/wp-content\/uploads\/2024\/08\/Maske-Lastik-Takma-Makinesi-3-300x222.png 300w, https:\/\/mustibilgi.com\/magaza\/wp-content\/uploads\/2024\/08\/Maske-Lastik-Takma-Makinesi-3-768x569.png 768w, https:\/\/mustibilgi.com\/magaza\/wp-content\/uploads\/2024\/08\/Maske-Lastik-Takma-Makinesi-3-160x120.png 160w, https:\/\/mustibilgi.com\/magaza\/wp-content\/uploads\/2024\/08\/Maske-Lastik-Takma-Makinesi-3-600x445.png 600w\" sizes=\"auto, (max-width: 830px) 100vw, 830px\" \/><\/p>\n","protected":false},"excerpt":{"rendered":"<p>Maske Lastik Takma Makinesi OPERAT\u00d6R \u00d6N\u00dc KUMA\u015e KAL\u0130TE ikinci el tekstil diki\u015f konfeksiyon makinalar\u0131 yedek par\u00e7a al\u0131m sat\u0131m tamir servis. Maske Lastik Yap\u0131\u015ft\u0131rma Makineleri. KONTROL MAK\u0130NASI (HAZIR Bu y\u00fczden ikinci el lastik s\u00f6kme takma makinesi sat\u0131n almak daha hesapl\u0131 olur. Bu makineler, MAK\u0130NA VARDIR)<\/p>\n","protected":false},"featured_media":695,"template":"","meta":[],"product_brand":[],"product_cat":[15],"product_tag":[],"class_list":{"0":"post-693","1":"product","2":"type-product","3":"status-publish","4":"has-post-thumbnail","6":"product_cat-ikinci-el-esya","8":"first","9":"instock","10":"sale","11":"shipping-taxable","12":"purchasable","13":"product-type-simple"},"_links":{"self":[{"href":"https:\/\/mustibilgi.com\/magaza\/wp-json\/wp\/v2\/product\/693","targetHints":{"allow":["GET"]}}],"collection":[{"href":"https:\/\/mustibilgi.com\/magaza\/wp-json\/wp\/v2\/product"}],"about":[{"href":"https:\/\/mustibilgi.com\/magaza\/wp-json\/wp\/v2\/types\/product"}],"wp:featuredmedia":[{"embeddable":true,"href":"https:\/\/mustibilgi.com\/magaza\/wp-json\/wp\/v2\/media\/695"}],"wp:attachment":[{"href":"https:\/\/mustibilgi.com\/magaza\/wp-json\/wp\/v2\/media?parent=693"}],"wp:term":[{"taxonomy":"product_brand","embeddable":true,"href":"https:\/\/mustibilgi.com\/magaza\/wp-json\/wp\/v2\/product_brand?post=693"},{"taxonomy":"product_cat","embeddable":true,"href":"https:\/\/mustibilgi.com\/magaza\/wp-json\/wp\/v2\/product_cat?post=693"},{"taxonomy":"product_tag","embeddable":true,"href":"https:\/\/mustibilgi.com\/magaza\/wp-json\/wp\/v2\/product_tag?post=693"}],"curies":[{"name":"wp","href":"https:\/\/api.w.org\/{rel}","templated":true}]}}