{"id":689,"date":"2024-08-15T13:34:49","date_gmt":"2024-08-15T10:34:49","guid":{"rendered":"https:\/\/mustibilgi.com\/magaza\/?post_type=product&#038;p=689"},"modified":"2024-08-15T13:34:49","modified_gmt":"2024-08-15T10:34:49","slug":"toz-emme-talas-toplama-makinesi-ucuz-fiyata-sahibinden-satiliktir","status":"publish","type":"product","link":"https:\/\/mustibilgi.com\/magaza\/urun\/toz-emme-talas-toplama-makinesi-ucuz-fiyata-sahibinden-satiliktir\/","title":{"rendered":"Toz Emme Tala\u015f Toplama makinesi ucuz fiyata sahibinden sat\u0131l\u0131kt\u0131r"},"content":{"rendered":"<p><img loading=\"lazy\" decoding=\"async\" src=\"https:\/\/mustibilgi.com\/magaza\/wp-content\/uploads\/2024\/08\/Toz-Emme-Talas-Toplama-makinesi-ucuz-2.png\" alt=\"\" width=\"989\" height=\"635\" class=\"aligncenter size-full wp-image-690\" title=\"\" srcset=\"https:\/\/mustibilgi.com\/magaza\/wp-content\/uploads\/2024\/08\/Toz-Emme-Talas-Toplama-makinesi-ucuz-2.png 989w, https:\/\/mustibilgi.com\/magaza\/wp-content\/uploads\/2024\/08\/Toz-Emme-Talas-Toplama-makinesi-ucuz-2-300x193.png 300w, https:\/\/mustibilgi.com\/magaza\/wp-content\/uploads\/2024\/08\/Toz-Emme-Talas-Toplama-makinesi-ucuz-2-768x493.png 768w, https:\/\/mustibilgi.com\/magaza\/wp-content\/uploads\/2024\/08\/Toz-Emme-Talas-Toplama-makinesi-ucuz-2-600x385.png 600w\" sizes=\"auto, (max-width: 989px) 100vw, 989px\" \/><\/p>\n<p><img loading=\"lazy\" decoding=\"async\" src=\"https:\/\/mustibilgi.com\/magaza\/wp-content\/uploads\/2024\/08\/Toz-Emme-Talas-Toplama-makinesi-ucuz-1.png\" alt=\"\" width=\"991\" height=\"626\" class=\"aligncenter size-full wp-image-691\" title=\"\" srcset=\"https:\/\/mustibilgi.com\/magaza\/wp-content\/uploads\/2024\/08\/Toz-Emme-Talas-Toplama-makinesi-ucuz-1.png 991w, https:\/\/mustibilgi.com\/magaza\/wp-content\/uploads\/2024\/08\/Toz-Emme-Talas-Toplama-makinesi-ucuz-1-300x190.png 300w, https:\/\/mustibilgi.com\/magaza\/wp-content\/uploads\/2024\/08\/Toz-Emme-Talas-Toplama-makinesi-ucuz-1-768x485.png 768w, https:\/\/mustibilgi.com\/magaza\/wp-content\/uploads\/2024\/08\/Toz-Emme-Talas-Toplama-makinesi-ucuz-1-600x379.png 600w\" sizes=\"auto, (max-width: 991px) 100vw, 991px\" \/><\/p>\n","protected":false},"excerpt":{"rendered":"<p>Toz Emme Tala\u015f Toplama makinesi ucuz Toz ve Duman Emme Makinalar\u0131 \u2014 Kendi \u00fcretimimiz olan akrobat kollar\u0131m\u0131z ile entegre mobil filtrelerimiz i\u00e7in fiyat al\u0131n. Mobil End\u00fcstriyel Toz Emme Makinas\u0131 \u00c7e\u015fitleri En \u0130yi Fiyatlarla. Orijinal \u00dcr\u00fcn. Kolay filtre sistemlerimiz ile daha temiz bir ortama sahip Tala\u015f yapma makinas\u0131, toz alma makinas\u0131 ya da toz toplama makinesi, toz tala\u015f makinesi olmak i\u00e7in ileti\u015fime ge\u00e7in. Toz Toplama. <\/p>\n","protected":false},"featured_media":690,"template":"","meta":[],"product_brand":[],"product_cat":[44],"product_tag":[],"class_list":{"0":"post-689","1":"product","2":"type-product","3":"status-publish","4":"has-post-thumbnail","6":"product_cat-ikinci-el-is-makineleri","8":"first","9":"instock","10":"sale","11":"shipping-taxable","12":"purchasable","13":"product-type-simple"},"_links":{"self":[{"href":"https:\/\/mustibilgi.com\/magaza\/wp-json\/wp\/v2\/product\/689","targetHints":{"allow":["GET"]}}],"collection":[{"href":"https:\/\/mustibilgi.com\/magaza\/wp-json\/wp\/v2\/product"}],"about":[{"href":"https:\/\/mustibilgi.com\/magaza\/wp-json\/wp\/v2\/types\/product"}],"wp:featuredmedia":[{"embeddable":true,"href":"https:\/\/mustibilgi.com\/magaza\/wp-json\/wp\/v2\/media\/690"}],"wp:attachment":[{"href":"https:\/\/mustibilgi.com\/magaza\/wp-json\/wp\/v2\/media?parent=689"}],"wp:term":[{"taxonomy":"product_brand","embeddable":true,"href":"https:\/\/mustibilgi.com\/magaza\/wp-json\/wp\/v2\/product_brand?post=689"},{"taxonomy":"product_cat","embeddable":true,"href":"https:\/\/mustibilgi.com\/magaza\/wp-json\/wp\/v2\/product_cat?post=689"},{"taxonomy":"product_tag","embeddable":true,"href":"https:\/\/mustibilgi.com\/magaza\/wp-json\/wp\/v2\/product_tag?post=689"}],"curies":[{"name":"wp","href":"https:\/\/api.w.org\/{rel}","templated":true}]}}