{"id":683,"date":"2024-08-09T14:12:36","date_gmt":"2024-08-09T11:12:36","guid":{"rendered":"https:\/\/mustibilgi.com\/magaza\/?post_type=product&#038;p=683"},"modified":"2024-08-09T14:12:36","modified_gmt":"2024-08-09T11:12:36","slug":"girgir-insaat-girgiri-az-kullanildi-sifir-gibi-yeni","status":"publish","type":"product","link":"https:\/\/mustibilgi.com\/magaza\/urun\/girgir-insaat-girgiri-az-kullanildi-sifir-gibi-yeni\/","title":{"rendered":"GIRGIR-\u0130N\u015eAAT GIRGIRI AZ KULLANILDI SIFIR G\u0130B\u0130 YEN\u0130"},"content":{"rendered":"<p><img loading=\"lazy\" decoding=\"async\" src=\"https:\/\/mustibilgi.com\/magaza\/wp-content\/uploads\/2024\/08\/GIRGIR-INSAAT-GIRGIRI-1.png\" alt=\"\" width=\"941\" height=\"618\" class=\"aligncenter size-full wp-image-684\" title=\"\" srcset=\"https:\/\/mustibilgi.com\/magaza\/wp-content\/uploads\/2024\/08\/GIRGIR-INSAAT-GIRGIRI-1.png 941w, https:\/\/mustibilgi.com\/magaza\/wp-content\/uploads\/2024\/08\/GIRGIR-INSAAT-GIRGIRI-1-300x197.png 300w, https:\/\/mustibilgi.com\/magaza\/wp-content\/uploads\/2024\/08\/GIRGIR-INSAAT-GIRGIRI-1-768x504.png 768w, https:\/\/mustibilgi.com\/magaza\/wp-content\/uploads\/2024\/08\/GIRGIR-INSAAT-GIRGIRI-1-600x394.png 600w\" sizes=\"auto, (max-width: 941px) 100vw, 941px\" \/><\/p>\n<p><img loading=\"lazy\" decoding=\"async\" src=\"https:\/\/mustibilgi.com\/magaza\/wp-content\/uploads\/2024\/08\/GIRGIR-INSAAT-GIRGIRI-2.png\" alt=\"\" width=\"738\" height=\"633\" class=\"aligncenter size-full wp-image-685\" title=\"\" srcset=\"https:\/\/mustibilgi.com\/magaza\/wp-content\/uploads\/2024\/08\/GIRGIR-INSAAT-GIRGIRI-2.png 738w, https:\/\/mustibilgi.com\/magaza\/wp-content\/uploads\/2024\/08\/GIRGIR-INSAAT-GIRGIRI-2-300x257.png 300w, https:\/\/mustibilgi.com\/magaza\/wp-content\/uploads\/2024\/08\/GIRGIR-INSAAT-GIRGIRI-2-600x515.png 600w\" sizes=\"auto, (max-width: 738px) 100vw, 738px\" \/><\/p>\n<p><img loading=\"lazy\" decoding=\"async\" src=\"https:\/\/mustibilgi.com\/magaza\/wp-content\/uploads\/2024\/08\/GIRGIR-INSAAT-GIRGIRI-3.png\" alt=\"\" width=\"629\" height=\"628\" class=\"aligncenter size-full wp-image-686\" title=\"\" srcset=\"https:\/\/mustibilgi.com\/magaza\/wp-content\/uploads\/2024\/08\/GIRGIR-INSAAT-GIRGIRI-3.png 629w, https:\/\/mustibilgi.com\/magaza\/wp-content\/uploads\/2024\/08\/GIRGIR-INSAAT-GIRGIRI-3-300x300.png 300w, https:\/\/mustibilgi.com\/magaza\/wp-content\/uploads\/2024\/08\/GIRGIR-INSAAT-GIRGIRI-3-150x150.png 150w, https:\/\/mustibilgi.com\/magaza\/wp-content\/uploads\/2024\/08\/GIRGIR-INSAAT-GIRGIRI-3-600x599.png 600w, https:\/\/mustibilgi.com\/magaza\/wp-content\/uploads\/2024\/08\/GIRGIR-INSAAT-GIRGIRI-3-100x100.png 100w\" sizes=\"auto, (max-width: 629px) 100vw, 629px\" \/><\/p>\n","protected":false},"excerpt":{"rendered":"<p>GIRGIR-\u0130N\u015eAAT GIRGIRI GIRGIR ASANS\u00d6R TERTEM\u0130Z \u0130N\u015eAAT KALIP \u00dcr\u00fcn A\u00e7\u0131klamas\u0131. \u0130kinci el in\u015faat asans\u00f6r\u00fc g\u0131rg\u0131r ihtiya\u00e7lar\u0131n\u0131z\u0131 uygun fiyat se\u00e7enekleri BETON \u0130SKELE AL\u00c7IPAN #1188858262. GIRGIR G\u0131rg\u0131r fiyatlar\u0131 2. el, s\u0131f\u0131r sahibinden ve makine sat\u0131c\u0131lar\u0131 taraf\u0131ndan sat\u0131l\u0131k ilanlar \u0130n\u015faat g\u0131rg\u0131r\u0131 sorunsuz pazarl\u0131k olur <\/p>\n","protected":false},"featured_media":685,"template":"","meta":[],"product_brand":[],"product_cat":[44],"product_tag":[],"class_list":{"0":"post-683","1":"product","2":"type-product","3":"status-publish","4":"has-post-thumbnail","6":"product_cat-ikinci-el-is-makineleri","8":"first","9":"instock","10":"sale","11":"shipping-taxable","12":"purchasable","13":"product-type-simple"},"_links":{"self":[{"href":"https:\/\/mustibilgi.com\/magaza\/wp-json\/wp\/v2\/product\/683","targetHints":{"allow":["GET"]}}],"collection":[{"href":"https:\/\/mustibilgi.com\/magaza\/wp-json\/wp\/v2\/product"}],"about":[{"href":"https:\/\/mustibilgi.com\/magaza\/wp-json\/wp\/v2\/types\/product"}],"wp:featuredmedia":[{"embeddable":true,"href":"https:\/\/mustibilgi.com\/magaza\/wp-json\/wp\/v2\/media\/685"}],"wp:attachment":[{"href":"https:\/\/mustibilgi.com\/magaza\/wp-json\/wp\/v2\/media?parent=683"}],"wp:term":[{"taxonomy":"product_brand","embeddable":true,"href":"https:\/\/mustibilgi.com\/magaza\/wp-json\/wp\/v2\/product_brand?post=683"},{"taxonomy":"product_cat","embeddable":true,"href":"https:\/\/mustibilgi.com\/magaza\/wp-json\/wp\/v2\/product_cat?post=683"},{"taxonomy":"product_tag","embeddable":true,"href":"https:\/\/mustibilgi.com\/magaza\/wp-json\/wp\/v2\/product_tag?post=683"}],"curies":[{"name":"wp","href":"https:\/\/api.w.org\/{rel}","templated":true}]}}