{"id":674,"date":"2024-07-31T13:23:45","date_gmt":"2024-07-31T10:23:45","guid":{"rendered":"https:\/\/mustibilgi.com\/magaza\/?post_type=product&#038;p=674"},"modified":"2024-07-31T13:23:45","modified_gmt":"2024-07-31T10:23:45","slug":"ikinci-el-ahsap-saksi-sifir-ciceklik-urunleri-ahsap-urunler-ucuz-fiyata","status":"publish","type":"product","link":"https:\/\/mustibilgi.com\/magaza\/urun\/ikinci-el-ahsap-saksi-sifir-ciceklik-urunleri-ahsap-urunler-ucuz-fiyata\/","title":{"rendered":"ikinci el ah\u015fap saks\u0131 s\u0131f\u0131r \u00e7i\u00e7eklik \u00fcr\u00fcnleri ah\u015fap \u00fcr\u00fcnler ucuz fiyata"},"content":{"rendered":"<p><img loading=\"lazy\" decoding=\"async\" class=\"aligncenter size-full wp-image-675\" src=\"https:\/\/mustibilgi.com\/magaza\/wp-content\/uploads\/2024\/07\/ikinci-el-ahsap-saksi-sifir-ciceklik-2.png\" alt=\"\" width=\"1055\" height=\"619\" title=\"\" srcset=\"https:\/\/mustibilgi.com\/magaza\/wp-content\/uploads\/2024\/07\/ikinci-el-ahsap-saksi-sifir-ciceklik-2.png 1055w, https:\/\/mustibilgi.com\/magaza\/wp-content\/uploads\/2024\/07\/ikinci-el-ahsap-saksi-sifir-ciceklik-2-300x176.png 300w, https:\/\/mustibilgi.com\/magaza\/wp-content\/uploads\/2024\/07\/ikinci-el-ahsap-saksi-sifir-ciceklik-2-1024x601.png 1024w, https:\/\/mustibilgi.com\/magaza\/wp-content\/uploads\/2024\/07\/ikinci-el-ahsap-saksi-sifir-ciceklik-2-768x451.png 768w, https:\/\/mustibilgi.com\/magaza\/wp-content\/uploads\/2024\/07\/ikinci-el-ahsap-saksi-sifir-ciceklik-2-600x352.png 600w\" sizes=\"auto, (max-width: 1055px) 100vw, 1055px\" \/> <img loading=\"lazy\" decoding=\"async\" class=\"aligncenter size-full wp-image-676\" src=\"https:\/\/mustibilgi.com\/magaza\/wp-content\/uploads\/2024\/07\/ikinci-el-ahsap-saksi-sifir-ciceklik-3.png\" alt=\"\" width=\"973\" height=\"622\" title=\"\" srcset=\"https:\/\/mustibilgi.com\/magaza\/wp-content\/uploads\/2024\/07\/ikinci-el-ahsap-saksi-sifir-ciceklik-3.png 973w, https:\/\/mustibilgi.com\/magaza\/wp-content\/uploads\/2024\/07\/ikinci-el-ahsap-saksi-sifir-ciceklik-3-300x192.png 300w, https:\/\/mustibilgi.com\/magaza\/wp-content\/uploads\/2024\/07\/ikinci-el-ahsap-saksi-sifir-ciceklik-3-768x491.png 768w, https:\/\/mustibilgi.com\/magaza\/wp-content\/uploads\/2024\/07\/ikinci-el-ahsap-saksi-sifir-ciceklik-3-600x384.png 600w\" sizes=\"auto, (max-width: 973px) 100vw, 973px\" \/> <img loading=\"lazy\" decoding=\"async\" class=\"aligncenter size-full wp-image-677\" src=\"https:\/\/mustibilgi.com\/magaza\/wp-content\/uploads\/2024\/07\/ikinci-el-ahsap-saksi-sifir-ciceklik.png\" alt=\"\" width=\"1144\" height=\"605\" title=\"\" srcset=\"https:\/\/mustibilgi.com\/magaza\/wp-content\/uploads\/2024\/07\/ikinci-el-ahsap-saksi-sifir-ciceklik.png 1144w, https:\/\/mustibilgi.com\/magaza\/wp-content\/uploads\/2024\/07\/ikinci-el-ahsap-saksi-sifir-ciceklik-300x159.png 300w, https:\/\/mustibilgi.com\/magaza\/wp-content\/uploads\/2024\/07\/ikinci-el-ahsap-saksi-sifir-ciceklik-1024x542.png 1024w, https:\/\/mustibilgi.com\/magaza\/wp-content\/uploads\/2024\/07\/ikinci-el-ahsap-saksi-sifir-ciceklik-768x406.png 768w, https:\/\/mustibilgi.com\/magaza\/wp-content\/uploads\/2024\/07\/ikinci-el-ahsap-saksi-sifir-ciceklik-600x317.png 600w\" sizes=\"auto, (max-width: 1144px) 100vw, 1144px\" \/><\/p>\n","protected":false},"excerpt":{"rendered":"<p>ikinci el ah\u015fap saks\u0131 s\u0131f\u0131r \u00e7i\u00e7eklik Primera Ah\u015fap 2 Katl\u0131 Dekoratif Saks\u0131 1 5 lt saks\u0131 ka\u00e7 cm?<br \/>\n6 lt saks\u0131 ka\u00e7 cm? Ah\u015fap Saks\u0131 fiyatlar\u0131 2. el, s\u0131f\u0131r sahibinden ve makine sat\u0131c\u0131lar\u0131 taraf\u0131ndan sat\u0131l\u0131k ilanlar<br \/>\n10 lt saks\u0131 ka\u00e7 cm?<br \/>\n Stand\u0131 \u00c7i\u00e7eklik \u00c7i\u00e7ek Raf\u0131. stamp &#8230; \u00d6zellikle el eme\u011fiyle \u00fcretilen<\/p>\n","protected":false},"featured_media":675,"template":"","meta":[],"product_brand":[],"product_cat":[24],"product_tag":[],"class_list":{"0":"post-674","1":"product","2":"type-product","3":"status-publish","4":"has-post-thumbnail","6":"product_cat-ikinci-el-mobilya","8":"first","9":"instock","10":"sale","11":"shipping-taxable","12":"purchasable","13":"product-type-simple"},"_links":{"self":[{"href":"https:\/\/mustibilgi.com\/magaza\/wp-json\/wp\/v2\/product\/674","targetHints":{"allow":["GET"]}}],"collection":[{"href":"https:\/\/mustibilgi.com\/magaza\/wp-json\/wp\/v2\/product"}],"about":[{"href":"https:\/\/mustibilgi.com\/magaza\/wp-json\/wp\/v2\/types\/product"}],"wp:featuredmedia":[{"embeddable":true,"href":"https:\/\/mustibilgi.com\/magaza\/wp-json\/wp\/v2\/media\/675"}],"wp:attachment":[{"href":"https:\/\/mustibilgi.com\/magaza\/wp-json\/wp\/v2\/media?parent=674"}],"wp:term":[{"taxonomy":"product_brand","embeddable":true,"href":"https:\/\/mustibilgi.com\/magaza\/wp-json\/wp\/v2\/product_brand?post=674"},{"taxonomy":"product_cat","embeddable":true,"href":"https:\/\/mustibilgi.com\/magaza\/wp-json\/wp\/v2\/product_cat?post=674"},{"taxonomy":"product_tag","embeddable":true,"href":"https:\/\/mustibilgi.com\/magaza\/wp-json\/wp\/v2\/product_tag?post=674"}],"curies":[{"name":"wp","href":"https:\/\/api.w.org\/{rel}","templated":true}]}}