{"id":665,"date":"2024-07-22T11:55:52","date_gmt":"2024-07-22T08:55:52","guid":{"rendered":"https:\/\/mustibilgi.com\/magaza\/?post_type=product&#038;p=665"},"modified":"2024-07-22T11:55:52","modified_gmt":"2024-07-22T08:55:52","slug":"cikma-harman-tugla-saglam-ates-tuglasi-ucuz-toptan-satilik","status":"publish","type":"product","link":"https:\/\/mustibilgi.com\/magaza\/urun\/cikma-harman-tugla-saglam-ates-tuglasi-ucuz-toptan-satilik\/","title":{"rendered":"\u00c7\u0131kma harman tu\u011fla sa\u011flam ate\u015f tu\u011flas\u0131 ucuz toptan sat\u0131l\u0131k"},"content":{"rendered":"<p><img loading=\"lazy\" decoding=\"async\" class=\"aligncenter size-full wp-image-666\" src=\"https:\/\/mustibilgi.com\/magaza\/wp-content\/uploads\/2024\/07\/Cikma-harman-tugla-2.png\" alt=\"\" width=\"910\" height=\"621\" title=\"\" srcset=\"https:\/\/mustibilgi.com\/magaza\/wp-content\/uploads\/2024\/07\/Cikma-harman-tugla-2.png 910w, https:\/\/mustibilgi.com\/magaza\/wp-content\/uploads\/2024\/07\/Cikma-harman-tugla-2-300x205.png 300w, https:\/\/mustibilgi.com\/magaza\/wp-content\/uploads\/2024\/07\/Cikma-harman-tugla-2-768x524.png 768w, https:\/\/mustibilgi.com\/magaza\/wp-content\/uploads\/2024\/07\/Cikma-harman-tugla-2-600x409.png 600w\" sizes=\"auto, (max-width: 910px) 100vw, 910px\" \/> <img loading=\"lazy\" decoding=\"async\" class=\"aligncenter size-full wp-image-667\" src=\"https:\/\/mustibilgi.com\/magaza\/wp-content\/uploads\/2024\/07\/Cikma-harman-tugla-1.png\" alt=\"\" width=\"911\" height=\"621\" title=\"\" srcset=\"https:\/\/mustibilgi.com\/magaza\/wp-content\/uploads\/2024\/07\/Cikma-harman-tugla-1.png 911w, https:\/\/mustibilgi.com\/magaza\/wp-content\/uploads\/2024\/07\/Cikma-harman-tugla-1-300x205.png 300w, https:\/\/mustibilgi.com\/magaza\/wp-content\/uploads\/2024\/07\/Cikma-harman-tugla-1-768x524.png 768w, https:\/\/mustibilgi.com\/magaza\/wp-content\/uploads\/2024\/07\/Cikma-harman-tugla-1-600x409.png 600w\" sizes=\"auto, (max-width: 911px) 100vw, 911px\" \/><\/p>\n","protected":false},"excerpt":{"rendered":"<p>\u00c7\u0131kma harman tu\u011fla ikinci el tugla  \u00c7\u0131kma harman tu\u011flas\u0131 elimizde binlerce mevcuttur.\u00c7ok sa\u011flam bir \u00fcr\u00fcnd\u00fcr. \u0130\u00e7inde k\u0131r\u0131k \u00e7\u0131kmaz. Harman tu\u011flalar duvarda kald\u0131k\u00e7a iikinci el tugla. 60 TL. \u0130stanbul, Arnavutk\u00f6y. Harman tu\u011fla ve ate\u015f tu\u011fla #1184704246. Harman tu\u011fla ve ate\u015f tu\u011fla. Yap\u0131\u015ft\u0131r\u0131c\u0131, y\u00fczeye 8 \u2013 10 mm tarakl\u0131 mala ile uygulan\u0131r. * El Yap\u0131m\u0131 tu\u011fla arka y\u00fcz\u00fcne bir miktar \u00f6zel Sena Stone Flex Tu\u011fla Yap\u0131\u015ft\u0131r\u0131c\u0131s\u0131<\/p>\n","protected":false},"featured_media":667,"template":"","meta":[],"product_brand":[],"product_cat":[15],"product_tag":[],"class_list":{"0":"post-665","1":"product","2":"type-product","3":"status-publish","4":"has-post-thumbnail","6":"product_cat-ikinci-el-esya","8":"first","9":"instock","10":"sale","11":"shipping-taxable","12":"purchasable","13":"product-type-simple"},"_links":{"self":[{"href":"https:\/\/mustibilgi.com\/magaza\/wp-json\/wp\/v2\/product\/665","targetHints":{"allow":["GET"]}}],"collection":[{"href":"https:\/\/mustibilgi.com\/magaza\/wp-json\/wp\/v2\/product"}],"about":[{"href":"https:\/\/mustibilgi.com\/magaza\/wp-json\/wp\/v2\/types\/product"}],"wp:featuredmedia":[{"embeddable":true,"href":"https:\/\/mustibilgi.com\/magaza\/wp-json\/wp\/v2\/media\/667"}],"wp:attachment":[{"href":"https:\/\/mustibilgi.com\/magaza\/wp-json\/wp\/v2\/media?parent=665"}],"wp:term":[{"taxonomy":"product_brand","embeddable":true,"href":"https:\/\/mustibilgi.com\/magaza\/wp-json\/wp\/v2\/product_brand?post=665"},{"taxonomy":"product_cat","embeddable":true,"href":"https:\/\/mustibilgi.com\/magaza\/wp-json\/wp\/v2\/product_cat?post=665"},{"taxonomy":"product_tag","embeddable":true,"href":"https:\/\/mustibilgi.com\/magaza\/wp-json\/wp\/v2\/product_tag?post=665"}],"curies":[{"name":"wp","href":"https:\/\/api.w.org\/{rel}","templated":true}]}}