{"id":646,"date":"2024-07-06T11:54:22","date_gmt":"2024-07-06T08:54:22","guid":{"rendered":"https:\/\/mustibilgi.com\/magaza\/?post_type=product&#038;p=646"},"modified":"2024-07-06T11:54:22","modified_gmt":"2024-07-06T08:54:22","slug":"ikinci-el-arac-buzdolabi-outlet-tasinabilir-buzdolabi","status":"publish","type":"product","link":"https:\/\/mustibilgi.com\/magaza\/urun\/ikinci-el-arac-buzdolabi-outlet-tasinabilir-buzdolabi\/","title":{"rendered":"ikinci el ara\u00e7 buzdolab\u0131 outlet ta\u015f\u0131nabilir buzdolab\u0131"},"content":{"rendered":"<p><img loading=\"lazy\" decoding=\"async\" class=\"aligncenter size-full wp-image-647\" src=\"https:\/\/mustibilgi.com\/magaza\/wp-content\/uploads\/2024\/07\/ikinci-el-arac-buzdolabi-outlet-Tasinabilir-Buzdolabi-1.png\" alt=\"\" width=\"879\" height=\"616\" title=\"\" srcset=\"https:\/\/mustibilgi.com\/magaza\/wp-content\/uploads\/2024\/07\/ikinci-el-arac-buzdolabi-outlet-Tasinabilir-Buzdolabi-1.png 879w, https:\/\/mustibilgi.com\/magaza\/wp-content\/uploads\/2024\/07\/ikinci-el-arac-buzdolabi-outlet-Tasinabilir-Buzdolabi-1-300x210.png 300w, https:\/\/mustibilgi.com\/magaza\/wp-content\/uploads\/2024\/07\/ikinci-el-arac-buzdolabi-outlet-Tasinabilir-Buzdolabi-1-768x538.png 768w, https:\/\/mustibilgi.com\/magaza\/wp-content\/uploads\/2024\/07\/ikinci-el-arac-buzdolabi-outlet-Tasinabilir-Buzdolabi-1-600x420.png 600w\" sizes=\"auto, (max-width: 879px) 100vw, 879px\" \/> <img loading=\"lazy\" decoding=\"async\" class=\"aligncenter size-full wp-image-648\" src=\"https:\/\/mustibilgi.com\/magaza\/wp-content\/uploads\/2024\/07\/ikinci-el-arac-buzdolabi-outlet-Tasinabilir-Buzdolabi-2.png\" alt=\"\" width=\"903\" height=\"631\" title=\"\" srcset=\"https:\/\/mustibilgi.com\/magaza\/wp-content\/uploads\/2024\/07\/ikinci-el-arac-buzdolabi-outlet-Tasinabilir-Buzdolabi-2.png 903w, https:\/\/mustibilgi.com\/magaza\/wp-content\/uploads\/2024\/07\/ikinci-el-arac-buzdolabi-outlet-Tasinabilir-Buzdolabi-2-300x210.png 300w, https:\/\/mustibilgi.com\/magaza\/wp-content\/uploads\/2024\/07\/ikinci-el-arac-buzdolabi-outlet-Tasinabilir-Buzdolabi-2-768x537.png 768w, https:\/\/mustibilgi.com\/magaza\/wp-content\/uploads\/2024\/07\/ikinci-el-arac-buzdolabi-outlet-Tasinabilir-Buzdolabi-2-600x419.png 600w\" sizes=\"auto, (max-width: 903px) 100vw, 903px\" \/> <img loading=\"lazy\" decoding=\"async\" class=\"aligncenter size-full wp-image-649\" src=\"https:\/\/mustibilgi.com\/magaza\/wp-content\/uploads\/2024\/07\/ikinci-el-arac-buzdolabi-outlet-Tasinabilir-Buzdolabi-3.png\" alt=\"\" width=\"1031\" height=\"632\" title=\"\" srcset=\"https:\/\/mustibilgi.com\/magaza\/wp-content\/uploads\/2024\/07\/ikinci-el-arac-buzdolabi-outlet-Tasinabilir-Buzdolabi-3.png 1031w, https:\/\/mustibilgi.com\/magaza\/wp-content\/uploads\/2024\/07\/ikinci-el-arac-buzdolabi-outlet-Tasinabilir-Buzdolabi-3-300x184.png 300w, https:\/\/mustibilgi.com\/magaza\/wp-content\/uploads\/2024\/07\/ikinci-el-arac-buzdolabi-outlet-Tasinabilir-Buzdolabi-3-1024x628.png 1024w, https:\/\/mustibilgi.com\/magaza\/wp-content\/uploads\/2024\/07\/ikinci-el-arac-buzdolabi-outlet-Tasinabilir-Buzdolabi-3-768x471.png 768w, https:\/\/mustibilgi.com\/magaza\/wp-content\/uploads\/2024\/07\/ikinci-el-arac-buzdolabi-outlet-Tasinabilir-Buzdolabi-3-600x368.png 600w\" sizes=\"auto, (max-width: 1031px) 100vw, 1031px\" \/><\/p>\n","protected":false},"excerpt":{"rendered":"<p><strong>ikinci el ara\u00e7 buzdolab\u0131 outlet Ta\u015f\u0131nabilir Buzdolab\u0131<\/strong> Ta\u015f\u0131nabilir \u015earj Aleti Buzdolab\u0131, \u00e7ama\u015f\u0131r makinesi, bula\u015f\u0131k makinesi, f\u0131r\u0131nl\u0131 ocak ve davlumbaz gibi ev e\u015fyalar Vestel Ekran Koruyucu Telefon K\u0131l\u0131f\u0131 \u00b7 \u015earj Aleti \u015earj Kablosu Buzdolab\u0131 T\u00fcm Buzdolaplar\u0131 En \u015f\u0131k 2024 Outlet modelleri, birbirinden g\u00fczel, uygun ve indirimli fiyat\u0131yla Outlet \u00c7ift Kap\u0131l\u0131 Hosioe Mini Buzdolab\u0131 4L Kapasiteli Ta\u015f\u0131nabilir So\u011futucu ve Is\u0131t\u0131c\u0131 K\u0131s\u0131labilir LED Ayna Kap\u0131l\u0131 Cilt Bak\u0131m Buzdolab\u0131 B\u00fcro Tipi Buzdolab\u0131<\/p>\n","protected":false},"featured_media":648,"template":"","meta":[],"product_brand":[],"product_cat":[23],"product_tag":[41],"class_list":{"0":"post-646","1":"product","2":"type-product","3":"status-publish","4":"has-post-thumbnail","6":"product_cat-ikinci-el-beyaz-esya","7":"product_tag-ikinci-el-buzdolabi","9":"first","10":"instock","11":"sale","12":"shipping-taxable","13":"purchasable","14":"product-type-simple"},"_links":{"self":[{"href":"https:\/\/mustibilgi.com\/magaza\/wp-json\/wp\/v2\/product\/646","targetHints":{"allow":["GET"]}}],"collection":[{"href":"https:\/\/mustibilgi.com\/magaza\/wp-json\/wp\/v2\/product"}],"about":[{"href":"https:\/\/mustibilgi.com\/magaza\/wp-json\/wp\/v2\/types\/product"}],"wp:featuredmedia":[{"embeddable":true,"href":"https:\/\/mustibilgi.com\/magaza\/wp-json\/wp\/v2\/media\/648"}],"wp:attachment":[{"href":"https:\/\/mustibilgi.com\/magaza\/wp-json\/wp\/v2\/media?parent=646"}],"wp:term":[{"taxonomy":"product_brand","embeddable":true,"href":"https:\/\/mustibilgi.com\/magaza\/wp-json\/wp\/v2\/product_brand?post=646"},{"taxonomy":"product_cat","embeddable":true,"href":"https:\/\/mustibilgi.com\/magaza\/wp-json\/wp\/v2\/product_cat?post=646"},{"taxonomy":"product_tag","embeddable":true,"href":"https:\/\/mustibilgi.com\/magaza\/wp-json\/wp\/v2\/product_tag?post=646"}],"curies":[{"name":"wp","href":"https:\/\/api.w.org\/{rel}","templated":true}]}}