{"id":637,"date":"2024-06-25T13:25:29","date_gmt":"2024-06-25T10:25:29","guid":{"rendered":"https:\/\/mustibilgi.com\/magaza\/?post_type=product&#038;p=637"},"modified":"2024-06-25T13:25:29","modified_gmt":"2024-06-25T10:25:29","slug":"satilik-halat-ikinci-el-celik-halat-saglam-temiz-halatlar","status":"publish","type":"product","link":"https:\/\/mustibilgi.com\/magaza\/urun\/satilik-halat-ikinci-el-celik-halat-saglam-temiz-halatlar\/","title":{"rendered":"Sat\u0131l\u0131k halat ikinci el \u00e7elik halat sa\u011flam temiz halatlar"},"content":{"rendered":"<p><img loading=\"lazy\" decoding=\"async\" class=\"aligncenter size-full wp-image-638\" src=\"https:\/\/mustibilgi.com\/magaza\/wp-content\/uploads\/2024\/06\/Satilik-halat-2.png\" alt=\"\" width=\"792\" height=\"615\" title=\"\" srcset=\"https:\/\/mustibilgi.com\/magaza\/wp-content\/uploads\/2024\/06\/Satilik-halat-2.png 792w, https:\/\/mustibilgi.com\/magaza\/wp-content\/uploads\/2024\/06\/Satilik-halat-2-300x233.png 300w, https:\/\/mustibilgi.com\/magaza\/wp-content\/uploads\/2024\/06\/Satilik-halat-2-768x596.png 768w, https:\/\/mustibilgi.com\/magaza\/wp-content\/uploads\/2024\/06\/Satilik-halat-2-600x466.png 600w\" sizes=\"auto, (max-width: 792px) 100vw, 792px\" \/> <img loading=\"lazy\" decoding=\"async\" class=\"aligncenter size-full wp-image-639\" src=\"https:\/\/mustibilgi.com\/magaza\/wp-content\/uploads\/2024\/06\/Satilik-halat-3.png\" alt=\"\" width=\"1026\" height=\"624\" title=\"\" srcset=\"https:\/\/mustibilgi.com\/magaza\/wp-content\/uploads\/2024\/06\/Satilik-halat-3.png 1026w, https:\/\/mustibilgi.com\/magaza\/wp-content\/uploads\/2024\/06\/Satilik-halat-3-300x182.png 300w, https:\/\/mustibilgi.com\/magaza\/wp-content\/uploads\/2024\/06\/Satilik-halat-3-1024x623.png 1024w, https:\/\/mustibilgi.com\/magaza\/wp-content\/uploads\/2024\/06\/Satilik-halat-3-768x467.png 768w, https:\/\/mustibilgi.com\/magaza\/wp-content\/uploads\/2024\/06\/Satilik-halat-3-600x365.png 600w\" sizes=\"auto, (max-width: 1026px) 100vw, 1026px\" \/> <img loading=\"lazy\" decoding=\"async\" class=\"aligncenter size-full wp-image-640\" src=\"https:\/\/mustibilgi.com\/magaza\/wp-content\/uploads\/2024\/06\/Satilik-halat-1.png\" alt=\"\" width=\"991\" height=\"611\" title=\"\" srcset=\"https:\/\/mustibilgi.com\/magaza\/wp-content\/uploads\/2024\/06\/Satilik-halat-1.png 991w, https:\/\/mustibilgi.com\/magaza\/wp-content\/uploads\/2024\/06\/Satilik-halat-1-300x185.png 300w, https:\/\/mustibilgi.com\/magaza\/wp-content\/uploads\/2024\/06\/Satilik-halat-1-768x474.png 768w, https:\/\/mustibilgi.com\/magaza\/wp-content\/uploads\/2024\/06\/Satilik-halat-1-600x370.png 600w\" sizes=\"auto, (max-width: 991px) 100vw, 991px\" \/><\/p>\n","protected":false},"excerpt":{"rendered":"<p><strong>ikinci el \u00e7elik halat sa\u011flam temiz halatlar<\/strong> \u00c7\u00f6z\u00fcm odakl\u0131 \u00fcr\u00fcn Uygun alan i\u00e7in uygun \u00e7elik halat se\u00e7imi Ikinci el tel halat\u0131 boru b\u00fck\u00fcm makinesi, iyi fiyat ikinci el \u00e7elik tel arad\u0131\u011f\u0131n\u0131z \u00c7elik Halat ve Zincir ilanlar\u0131 burada\u2026Sahibinden \u0130ster sat\u0131l\u0131k, ister kiral\u0131k, ister s\u0131f\u0131r, ister ikinci el halat makinesi. yaparsan\u0131z \u0130SG normlar\u0131na uygun \u00e7al\u0131\u015f\u0131rs\u0131n\u0131z. Kullan\u0131m \u00f6nerileri ve do\u011fru alanda do\u011fru \u00fcr\u00fcn En sa\u011flam halat hangisi?<br \/>\n6 mm \u00e7elik halat ka\u00e7 kg ta\u015f\u0131r?<br \/>\n10 mm \u00e7elik halat ka\u00e7 kg?<br \/>\n8 mm \u00e7elik halat ka\u00e7 kg?<br \/>\n\u00f6nerisi ile i\u015finizi kolayla\u015ft\u0131r\u0131n. \u0130zoleli \u00c7elik Halat<\/p>\n","protected":false},"featured_media":638,"template":"","meta":[],"product_brand":[],"product_cat":[15],"product_tag":[],"class_list":{"0":"post-637","1":"product","2":"type-product","3":"status-publish","4":"has-post-thumbnail","6":"product_cat-ikinci-el-esya","8":"first","9":"instock","10":"sale","11":"shipping-taxable","12":"purchasable","13":"product-type-simple"},"_links":{"self":[{"href":"https:\/\/mustibilgi.com\/magaza\/wp-json\/wp\/v2\/product\/637","targetHints":{"allow":["GET"]}}],"collection":[{"href":"https:\/\/mustibilgi.com\/magaza\/wp-json\/wp\/v2\/product"}],"about":[{"href":"https:\/\/mustibilgi.com\/magaza\/wp-json\/wp\/v2\/types\/product"}],"wp:featuredmedia":[{"embeddable":true,"href":"https:\/\/mustibilgi.com\/magaza\/wp-json\/wp\/v2\/media\/638"}],"wp:attachment":[{"href":"https:\/\/mustibilgi.com\/magaza\/wp-json\/wp\/v2\/media?parent=637"}],"wp:term":[{"taxonomy":"product_brand","embeddable":true,"href":"https:\/\/mustibilgi.com\/magaza\/wp-json\/wp\/v2\/product_brand?post=637"},{"taxonomy":"product_cat","embeddable":true,"href":"https:\/\/mustibilgi.com\/magaza\/wp-json\/wp\/v2\/product_cat?post=637"},{"taxonomy":"product_tag","embeddable":true,"href":"https:\/\/mustibilgi.com\/magaza\/wp-json\/wp\/v2\/product_tag?post=637"}],"curies":[{"name":"wp","href":"https:\/\/api.w.org\/{rel}","templated":true}]}}