{"id":630,"date":"2024-06-12T08:44:58","date_gmt":"2024-06-12T05:44:58","guid":{"rendered":"https:\/\/mustibilgi.com\/magaza\/?post_type=product&#038;p=630"},"modified":"2024-06-12T08:44:58","modified_gmt":"2024-06-12T05:44:58","slug":"ikea-stuva-fritids-gardrop-az-kullanildi-temiz-elbise-dolabi","status":"publish","type":"product","link":"https:\/\/mustibilgi.com\/magaza\/urun\/ikea-stuva-fritids-gardrop-az-kullanildi-temiz-elbise-dolabi\/","title":{"rendered":"Ikea stuva-fritids gardrop az kullan\u0131ld\u0131 temiz elbise dolab\u0131"},"content":{"rendered":"<div id=\"attachment_631\" style=\"width: 910px\" class=\"wp-caption aligncenter\"><img loading=\"lazy\" decoding=\"async\" aria-describedby=\"caption-attachment-631\" class=\"wp-image-631 size-full\" title=\"Ikea stuva-fritids gardrop\" src=\"https:\/\/mustibilgi.com\/magaza\/wp-content\/uploads\/2024\/06\/Ikea-stuva-fritids-gardrop-2.png\" alt=\"\" width=\"900\" height=\"632\" srcset=\"https:\/\/mustibilgi.com\/magaza\/wp-content\/uploads\/2024\/06\/Ikea-stuva-fritids-gardrop-2.png 900w, https:\/\/mustibilgi.com\/magaza\/wp-content\/uploads\/2024\/06\/Ikea-stuva-fritids-gardrop-2-300x211.png 300w, https:\/\/mustibilgi.com\/magaza\/wp-content\/uploads\/2024\/06\/Ikea-stuva-fritids-gardrop-2-768x539.png 768w, https:\/\/mustibilgi.com\/magaza\/wp-content\/uploads\/2024\/06\/Ikea-stuva-fritids-gardrop-2-600x421.png 600w\" sizes=\"auto, (max-width: 900px) 100vw, 900px\" \/><p id=\"caption-attachment-631\" class=\"wp-caption-text\">Ikea stuva-fritids gardrop<\/p><\/div>\n<p><img loading=\"lazy\" decoding=\"async\" class=\"aligncenter size-full wp-image-632\" src=\"https:\/\/mustibilgi.com\/magaza\/wp-content\/uploads\/2024\/06\/Ikea-stuva-fritids-gardrop-1.png\" alt=\"\" width=\"867\" height=\"632\" title=\"\" srcset=\"https:\/\/mustibilgi.com\/magaza\/wp-content\/uploads\/2024\/06\/Ikea-stuva-fritids-gardrop-1.png 867w, https:\/\/mustibilgi.com\/magaza\/wp-content\/uploads\/2024\/06\/Ikea-stuva-fritids-gardrop-1-300x219.png 300w, https:\/\/mustibilgi.com\/magaza\/wp-content\/uploads\/2024\/06\/Ikea-stuva-fritids-gardrop-1-768x560.png 768w, https:\/\/mustibilgi.com\/magaza\/wp-content\/uploads\/2024\/06\/Ikea-stuva-fritids-gardrop-1-600x437.png 600w\" sizes=\"auto, (max-width: 867px) 100vw, 867px\" \/><\/p>\n","protected":false},"excerpt":{"rendered":"<p>Ikea stuva-fritids gardrop Art\u0131k sat\u0131\u015fta olmayan IKEA Stuva\/Fritids Gardrop. Art\u0131k sat\u0131\u015fta olmayan bir modeldir, IKEA marka Stuva\/Fritids model gardrop. \u015eu anda bu boyut ve fonksiyonda olan muadilleri 15.000 TL gibi. SATICIYA SORU SOR FRITIDS \u00f6n paneller beyaz, k\u0131rm\u0131z\u0131, a\u00e7\u0131k mavi ve t\u00fcm \u00f6l\u00e7\u00fclerde mevcuttur. Siz ve \u00e7ocu\u011funuz,<\/p>\n","protected":false},"featured_media":631,"template":"","meta":[],"product_brand":[],"product_cat":[24],"product_tag":[45],"class_list":{"0":"post-630","1":"product","2":"type-product","3":"status-publish","4":"has-post-thumbnail","6":"product_cat-ikinci-el-mobilya","7":"product_tag-ikinci-el-elbise-dolabi","9":"first","10":"instock","11":"sale","12":"shipping-taxable","13":"purchasable","14":"product-type-simple"},"_links":{"self":[{"href":"https:\/\/mustibilgi.com\/magaza\/wp-json\/wp\/v2\/product\/630","targetHints":{"allow":["GET"]}}],"collection":[{"href":"https:\/\/mustibilgi.com\/magaza\/wp-json\/wp\/v2\/product"}],"about":[{"href":"https:\/\/mustibilgi.com\/magaza\/wp-json\/wp\/v2\/types\/product"}],"wp:featuredmedia":[{"embeddable":true,"href":"https:\/\/mustibilgi.com\/magaza\/wp-json\/wp\/v2\/media\/631"}],"wp:attachment":[{"href":"https:\/\/mustibilgi.com\/magaza\/wp-json\/wp\/v2\/media?parent=630"}],"wp:term":[{"taxonomy":"product_brand","embeddable":true,"href":"https:\/\/mustibilgi.com\/magaza\/wp-json\/wp\/v2\/product_brand?post=630"},{"taxonomy":"product_cat","embeddable":true,"href":"https:\/\/mustibilgi.com\/magaza\/wp-json\/wp\/v2\/product_cat?post=630"},{"taxonomy":"product_tag","embeddable":true,"href":"https:\/\/mustibilgi.com\/magaza\/wp-json\/wp\/v2\/product_tag?post=630"}],"curies":[{"name":"wp","href":"https:\/\/api.w.org\/{rel}","templated":true}]}}