{"id":627,"date":"2024-06-08T10:25:50","date_gmt":"2024-06-08T07:25:50","guid":{"rendered":"https:\/\/mustibilgi.com\/magaza\/?post_type=product&#038;p=627"},"modified":"2024-06-08T10:25:50","modified_gmt":"2024-06-08T07:25:50","slug":"traktor-cikma-orjinal-kabin-ucuz-ikinci-el-kabin","status":"publish","type":"product","link":"https:\/\/mustibilgi.com\/magaza\/urun\/traktor-cikma-orjinal-kabin-ucuz-ikinci-el-kabin\/","title":{"rendered":"TRAKT\u00d6R \u00c7IKMA ORJ\u0130NAL KAB\u0130N UCUZ \u0130K\u0130NC\u0130 EL KAB\u0130N"},"content":{"rendered":"<div id=\"attachment_628\" style=\"width: 929px\" class=\"wp-caption aligncenter\"><img loading=\"lazy\" decoding=\"async\" aria-describedby=\"caption-attachment-628\" class=\"wp-image-628 size-full\" title=\"TRAKT\u00d6R \u00c7IKMA ORJ\u0130NAL KAB\u0130N\" src=\"https:\/\/mustibilgi.com\/magaza\/wp-content\/uploads\/2024\/06\/TRAKTOR-CIKMA-ORJINAL-KABIN.png\" alt=\"\" width=\"919\" height=\"627\" srcset=\"https:\/\/mustibilgi.com\/magaza\/wp-content\/uploads\/2024\/06\/TRAKTOR-CIKMA-ORJINAL-KABIN.png 919w, https:\/\/mustibilgi.com\/magaza\/wp-content\/uploads\/2024\/06\/TRAKTOR-CIKMA-ORJINAL-KABIN-300x205.png 300w, https:\/\/mustibilgi.com\/magaza\/wp-content\/uploads\/2024\/06\/TRAKTOR-CIKMA-ORJINAL-KABIN-768x524.png 768w, https:\/\/mustibilgi.com\/magaza\/wp-content\/uploads\/2024\/06\/TRAKTOR-CIKMA-ORJINAL-KABIN-600x409.png 600w\" sizes=\"auto, (max-width: 919px) 100vw, 919px\" \/><p id=\"caption-attachment-628\" class=\"wp-caption-text\">TRAKT\u00d6R \u00c7IKMA ORJ\u0130NAL KAB\u0130N<\/p><\/div>\n","protected":false},"excerpt":{"rendered":"<p><strong>TRAKT\u00d6R \u00c7IKMA ORJ\u0130NAL KAB\u0130N BOZULACAK TRAKT\u00d6R LER<\/strong>. Trakt\u00f6r Yedek Par\u00e7a fiyatlar\u0131, trakt\u00f6r yedek par\u00e7a modelleri ve trakt\u00f6r yedek par\u00e7a \u00e7e\u015fitleri Ferguson \u00e7ift \u00e7eker. Hidrolik Damper Valfi Fiat Trakt\u00f6r 4l\u00fc \u00c7\u0131k\u0131\u015f Sft12019 yorumlar\u0131n\u0131 inceleyin, Trendyol&#8217;a \u00f6zel indirimli Orjinal Z cant lastik Bu hesaba ba\u015fka bir taray\u0131c\u0131 taraf\u0131ndan giri\u015f yap\u0131lm\u0131\u015ft\u0131r, \u00e7\u0131k\u0131\u015f yap\u0131l\u0131yor..Sat\u0131l\u0131k trakt\u00f6r kabini Trakt\u00f6rde kullan\u0131lan yedek par\u00e7alar motor ya da g\u00f6vde k\u0131sm\u0131 ile s\u0131n\u0131rl\u0131 de\u011fildir. Trakt\u00f6r\u00fcn elektrik Motor beyni, abs beyni, \u015fanz\u0131man beyni, sam beyni ve daha bir \u00e7ok kategoride oto beyin<br \/>\n2.el trakt\u00f6r kabinleri ankara Mazot aksam\u0131, motor aksam\u0131 gibi \u00fcr\u00fcnlerden olu\u015fan t\u00fcm T\u00fcmosan trakt\u00f6r yedek par\u00e7as\u0131 TRAKT\u00d6R \u00c7IKMA ORJ\u0130NAL KAB\u0130N. Samsun\/ Canik. Favorilerime<br \/>\nsahibinden trakt\u00f6r kabin fiyatlar\u0131 2. el<\/p>\n","protected":false},"featured_media":628,"template":"","meta":[],"product_brand":[],"product_cat":[15],"product_tag":[],"class_list":{"0":"post-627","1":"product","2":"type-product","3":"status-publish","4":"has-post-thumbnail","6":"product_cat-ikinci-el-esya","8":"first","9":"instock","10":"sale","11":"shipping-taxable","12":"purchasable","13":"product-type-simple"},"_links":{"self":[{"href":"https:\/\/mustibilgi.com\/magaza\/wp-json\/wp\/v2\/product\/627","targetHints":{"allow":["GET"]}}],"collection":[{"href":"https:\/\/mustibilgi.com\/magaza\/wp-json\/wp\/v2\/product"}],"about":[{"href":"https:\/\/mustibilgi.com\/magaza\/wp-json\/wp\/v2\/types\/product"}],"wp:featuredmedia":[{"embeddable":true,"href":"https:\/\/mustibilgi.com\/magaza\/wp-json\/wp\/v2\/media\/628"}],"wp:attachment":[{"href":"https:\/\/mustibilgi.com\/magaza\/wp-json\/wp\/v2\/media?parent=627"}],"wp:term":[{"taxonomy":"product_brand","embeddable":true,"href":"https:\/\/mustibilgi.com\/magaza\/wp-json\/wp\/v2\/product_brand?post=627"},{"taxonomy":"product_cat","embeddable":true,"href":"https:\/\/mustibilgi.com\/magaza\/wp-json\/wp\/v2\/product_cat?post=627"},{"taxonomy":"product_tag","embeddable":true,"href":"https:\/\/mustibilgi.com\/magaza\/wp-json\/wp\/v2\/product_tag?post=627"}],"curies":[{"name":"wp","href":"https:\/\/api.w.org\/{rel}","templated":true}]}}