{"id":607,"date":"2024-05-19T08:25:29","date_gmt":"2024-05-19T05:25:29","guid":{"rendered":"https:\/\/mustibilgi.com\/magaza\/?post_type=product&#038;p=607"},"modified":"2024-05-19T08:25:29","modified_gmt":"2024-05-19T05:25:29","slug":"2-el-on-ocakli-buhar-kazani-30-m2-cikma-60m2-buhar-kazani","status":"publish","type":"product","link":"https:\/\/mustibilgi.com\/magaza\/urun\/2-el-on-ocakli-buhar-kazani-30-m2-cikma-60m2-buhar-kazani\/","title":{"rendered":"2. EL \u00d6N OCAKLI BUHAR KAZANI. 30 m2 \u00e7\u0131kma 60m2 buhar kazan\u0131"},"content":{"rendered":"<div id=\"attachment_608\" style=\"width: 803px\" class=\"wp-caption aligncenter\"><img loading=\"lazy\" decoding=\"async\" aria-describedby=\"caption-attachment-608\" class=\"wp-image-608 size-full\" title=\"ikinci el buhar kazan\u0131\" src=\"https:\/\/mustibilgi.com\/magaza\/wp-content\/uploads\/2024\/05\/ikinci-el-buhar-kazani-1.png\" alt=\"\" width=\"793\" height=\"563\" srcset=\"https:\/\/mustibilgi.com\/magaza\/wp-content\/uploads\/2024\/05\/ikinci-el-buhar-kazani-1.png 793w, https:\/\/mustibilgi.com\/magaza\/wp-content\/uploads\/2024\/05\/ikinci-el-buhar-kazani-1-300x213.png 300w, https:\/\/mustibilgi.com\/magaza\/wp-content\/uploads\/2024\/05\/ikinci-el-buhar-kazani-1-768x545.png 768w, https:\/\/mustibilgi.com\/magaza\/wp-content\/uploads\/2024\/05\/ikinci-el-buhar-kazani-1-600x426.png 600w\" sizes=\"auto, (max-width: 793px) 100vw, 793px\" \/><p id=\"caption-attachment-608\" class=\"wp-caption-text\">ikinci el buhar kazan\u0131<\/p><\/div>\n<div id=\"attachment_609\" style=\"width: 744px\" class=\"wp-caption aligncenter\"><img loading=\"lazy\" decoding=\"async\" aria-describedby=\"caption-attachment-609\" class=\"wp-image-609 size-full\" title=\"buhar kazan\u0131\" src=\"https:\/\/mustibilgi.com\/magaza\/wp-content\/uploads\/2024\/05\/ikinci-el-buhar-kazani-2.png\" alt=\"\" width=\"734\" height=\"633\" srcset=\"https:\/\/mustibilgi.com\/magaza\/wp-content\/uploads\/2024\/05\/ikinci-el-buhar-kazani-2.png 734w, https:\/\/mustibilgi.com\/magaza\/wp-content\/uploads\/2024\/05\/ikinci-el-buhar-kazani-2-300x259.png 300w, https:\/\/mustibilgi.com\/magaza\/wp-content\/uploads\/2024\/05\/ikinci-el-buhar-kazani-2-600x517.png 600w\" sizes=\"auto, (max-width: 734px) 100vw, 734px\" \/><p id=\"caption-attachment-609\" class=\"wp-caption-text\">buhar kazan\u0131<\/p><\/div>\n<p><img loading=\"lazy\" decoding=\"async\" class=\"aligncenter size-full wp-image-610\" src=\"https:\/\/mustibilgi.com\/magaza\/wp-content\/uploads\/2024\/05\/ikinci-el-buhar-kazani-3.png\" alt=\"\" width=\"964\" height=\"631\" title=\"\" srcset=\"https:\/\/mustibilgi.com\/magaza\/wp-content\/uploads\/2024\/05\/ikinci-el-buhar-kazani-3.png 964w, https:\/\/mustibilgi.com\/magaza\/wp-content\/uploads\/2024\/05\/ikinci-el-buhar-kazani-3-300x196.png 300w, https:\/\/mustibilgi.com\/magaza\/wp-content\/uploads\/2024\/05\/ikinci-el-buhar-kazani-3-768x503.png 768w, https:\/\/mustibilgi.com\/magaza\/wp-content\/uploads\/2024\/05\/ikinci-el-buhar-kazani-3-600x393.png 600w\" sizes=\"auto, (max-width: 964px) 100vw, 964px\" \/><\/p>\n","protected":false},"excerpt":{"rendered":"<p>End\u00fcstri Makineleri Is\u0131 &amp; Havaland\u0131rma<strong> s\u0131f\u0131r ve 2. el buhar kazan\u0131<\/strong> ilanlar\u0131n\u0131n en uygun fiyatlar\u0131 ile yer ald\u0131\u011f\u0131 bir makina al\u0131\u015f sat\u0131\u015f platformudur. Bu sayfada sergilenen ilanlar 40.000 Kcal Chiller \u00b7 3000 Kg\/h ALBA MARKA BUHAR JENERAT\u00d6R\u00dc 30 m2 buhar kazan\u0131 <strong>\u0130kinci El Kazanlar. 2. EL BUHAR KAZANI 60<\/strong> M2. 2. EL \u00d6N OCAKLI BUHAR KAZANI. 30 m2 buhar kazan\u0131 BUHAR KAZANI Mac kimya end\u00fcstriyel su ar\u0131tma sistemi ve Buhar kazan\u0131 kire\u00e7 ve korozyon \u00f6nleyici 50 M3 tertemiz buhar kazan\u0131<\/p>\n","protected":false},"featured_media":610,"template":"","meta":[],"product_brand":[],"product_cat":[15,44],"product_tag":[],"class_list":{"0":"post-607","1":"product","2":"type-product","3":"status-publish","4":"has-post-thumbnail","6":"product_cat-ikinci-el-esya","7":"product_cat-ikinci-el-is-makineleri","9":"first","10":"instock","11":"sale","12":"shipping-taxable","13":"purchasable","14":"product-type-simple"},"_links":{"self":[{"href":"https:\/\/mustibilgi.com\/magaza\/wp-json\/wp\/v2\/product\/607","targetHints":{"allow":["GET"]}}],"collection":[{"href":"https:\/\/mustibilgi.com\/magaza\/wp-json\/wp\/v2\/product"}],"about":[{"href":"https:\/\/mustibilgi.com\/magaza\/wp-json\/wp\/v2\/types\/product"}],"wp:featuredmedia":[{"embeddable":true,"href":"https:\/\/mustibilgi.com\/magaza\/wp-json\/wp\/v2\/media\/610"}],"wp:attachment":[{"href":"https:\/\/mustibilgi.com\/magaza\/wp-json\/wp\/v2\/media?parent=607"}],"wp:term":[{"taxonomy":"product_brand","embeddable":true,"href":"https:\/\/mustibilgi.com\/magaza\/wp-json\/wp\/v2\/product_brand?post=607"},{"taxonomy":"product_cat","embeddable":true,"href":"https:\/\/mustibilgi.com\/magaza\/wp-json\/wp\/v2\/product_cat?post=607"},{"taxonomy":"product_tag","embeddable":true,"href":"https:\/\/mustibilgi.com\/magaza\/wp-json\/wp\/v2\/product_tag?post=607"}],"curies":[{"name":"wp","href":"https:\/\/api.w.org\/{rel}","templated":true}]}}