{"id":602,"date":"2024-05-15T09:49:09","date_gmt":"2024-05-15T06:49:09","guid":{"rendered":"https:\/\/mustibilgi.com\/magaza\/?post_type=product&#038;p=602"},"modified":"2024-05-15T19:48:54","modified_gmt":"2024-05-15T16:48:54","slug":"istoc-tahtakale-spot-bebek-bezi-en-ucuz-bebek-bezleri","status":"publish","type":"product","link":"https:\/\/mustibilgi.com\/magaza\/urun\/istoc-tahtakale-spot-bebek-bezi-en-ucuz-bebek-bezleri\/","title":{"rendered":"\u0130sto\u00e7 tahtakale spot bebek bezi en ucuz bebek bezleri"},"content":{"rendered":"<div id=\"attachment_603\" style=\"width: 863px\" class=\"wp-caption aligncenter\"><img loading=\"lazy\" decoding=\"async\" aria-describedby=\"caption-attachment-603\" class=\"wp-image-603 size-full\" title=\"https:\/\/mustibilgi.com\/\" src=\"https:\/\/mustibilgi.com\/magaza\/wp-content\/uploads\/2024\/05\/spot-bebek-bezi-2.png\" alt=\"\" width=\"853\" height=\"627\" srcset=\"https:\/\/mustibilgi.com\/magaza\/wp-content\/uploads\/2024\/05\/spot-bebek-bezi-2.png 853w, https:\/\/mustibilgi.com\/magaza\/wp-content\/uploads\/2024\/05\/spot-bebek-bezi-2-300x221.png 300w, https:\/\/mustibilgi.com\/magaza\/wp-content\/uploads\/2024\/05\/spot-bebek-bezi-2-768x565.png 768w, https:\/\/mustibilgi.com\/magaza\/wp-content\/uploads\/2024\/05\/spot-bebek-bezi-2-600x441.png 600w\" sizes=\"auto, (max-width: 853px) 100vw, 853px\" \/><p id=\"caption-attachment-603\" class=\"wp-caption-text\">https:\/\/mustibilgi.com\/<\/p><\/div>\n<p><img loading=\"lazy\" decoding=\"async\" class=\"aligncenter size-full wp-image-604\" src=\"https:\/\/mustibilgi.com\/magaza\/wp-content\/uploads\/2024\/05\/spot-bebek-bezi-1.png\" alt=\"\" width=\"1000\" height=\"618\" title=\"\" srcset=\"https:\/\/mustibilgi.com\/magaza\/wp-content\/uploads\/2024\/05\/spot-bebek-bezi-1.png 1000w, https:\/\/mustibilgi.com\/magaza\/wp-content\/uploads\/2024\/05\/spot-bebek-bezi-1-300x185.png 300w, https:\/\/mustibilgi.com\/magaza\/wp-content\/uploads\/2024\/05\/spot-bebek-bezi-1-768x475.png 768w, https:\/\/mustibilgi.com\/magaza\/wp-content\/uploads\/2024\/05\/spot-bebek-bezi-1-600x371.png 600w\" sizes=\"auto, (max-width: 1000px) 100vw, 1000px\" \/><\/p>\n","protected":false},"excerpt":{"rendered":"<h3>Baby Turco Bebek Bezi 40&#8217;l\u0131 (5 Numara). Yeni. Brand: Baby Turco Stok Durumu: 20.<\/h3>\n<p>Baby Turco Bebek Bezi 40&#8217;l\u0131 (5 Numara). Ambalaj hasarl\u0131 \u00fcr\u00fcnd\u00fcr Bebek Bezi \u00fcr\u00fcnleri uygun fiyatlar ve Param G\u00fcvende ile kartla \u00f6deme ve kargo g\u00f6nderimi Ta\u015f\u0131ma esnas\u0131nda \u00d6nlem Botanika Bebek Bezi Pi\u015fik yapmayan bebek bezi hangisi? Yeni do\u011fan bebek bezi hangisi iyi? Bebek Bezi Bebe\u011finizin cildinin hasssasiyeti i\u00e7in klor, paraben, latex, parf\u00fcm i\u00e7ermez. Tahtakale z\u00fcccaciye Tahtakale Spot <strong>\u0130sto\u00e7<\/strong><br \/>\n<strong>Tahtakale<\/strong> \u015eofben fiyatlar\u0131 Zehirli bebek bezi hangi marka? GOON bebek bezi kim \u00fcretiyor?<br \/>\nJunior Onlyone Serme Bez Sadece Toptan Sat\u0131\u015f Kedi-K\u00f6pek \u00c7i\u015f Pedi \u0130stanbul \u0130\u00e7i \u00dccretsiz \/ \u0130stanbul 32 (5). 139,00\u20ba. Adet. Not Ekle. \u00dcr\u00fcn A\u00e7\u0131klamas\u0131. Besin Spot Bebek Y\u00fcr\u00fcy\u00fc\u015f Artefakt Bebek Bezi Pedi Anne \u00c7antas\u0131 Bebek Arabas\u0131 As\u0131l\u0131 \u00c7anta ve<\/p>\n","protected":false},"featured_media":604,"template":"","meta":[],"product_brand":[],"product_cat":[15,44,29],"product_tag":[],"class_list":{"0":"post-602","1":"product","2":"type-product","3":"status-publish","4":"has-post-thumbnail","6":"product_cat-ikinci-el-esya","7":"product_cat-ikinci-el-is-makineleri","8":"product_cat-spot-defolu-esya","10":"first","11":"instock","12":"sale","13":"shipping-taxable","14":"purchasable","15":"product-type-simple"},"_links":{"self":[{"href":"https:\/\/mustibilgi.com\/magaza\/wp-json\/wp\/v2\/product\/602","targetHints":{"allow":["GET"]}}],"collection":[{"href":"https:\/\/mustibilgi.com\/magaza\/wp-json\/wp\/v2\/product"}],"about":[{"href":"https:\/\/mustibilgi.com\/magaza\/wp-json\/wp\/v2\/types\/product"}],"wp:featuredmedia":[{"embeddable":true,"href":"https:\/\/mustibilgi.com\/magaza\/wp-json\/wp\/v2\/media\/604"}],"wp:attachment":[{"href":"https:\/\/mustibilgi.com\/magaza\/wp-json\/wp\/v2\/media?parent=602"}],"wp:term":[{"taxonomy":"product_brand","embeddable":true,"href":"https:\/\/mustibilgi.com\/magaza\/wp-json\/wp\/v2\/product_brand?post=602"},{"taxonomy":"product_cat","embeddable":true,"href":"https:\/\/mustibilgi.com\/magaza\/wp-json\/wp\/v2\/product_cat?post=602"},{"taxonomy":"product_tag","embeddable":true,"href":"https:\/\/mustibilgi.com\/magaza\/wp-json\/wp\/v2\/product_tag?post=602"}],"curies":[{"name":"wp","href":"https:\/\/api.w.org\/{rel}","templated":true}]}}