{"id":588,"date":"2024-05-13T18:27:42","date_gmt":"2024-05-13T15:27:42","guid":{"rendered":"https:\/\/mustibilgi.com\/magaza\/?post_type=product&#038;p=588"},"modified":"2024-05-13T18:27:42","modified_gmt":"2024-05-13T15:27:42","slug":"spot-koltuk-bellona-spot-oturma-grubu-sifir-gibi-yeni-durumda","status":"publish","type":"product","link":"https:\/\/mustibilgi.com\/magaza\/urun\/spot-koltuk-bellona-spot-oturma-grubu-sifir-gibi-yeni-durumda\/","title":{"rendered":"Spot koltuk bellona spot oturma grubu s\u0131f\u0131r gibi yeni durumda"},"content":{"rendered":"<h3>Salonunuzu tamamlayacak koltuk tak\u0131m\u0131 modelleri burada! Antika mobilya, oyuncak<\/h3>\n<p>aksesuar ve tekstil gibi antika \u00fcr\u00fcnlerini, ikinci el ve s\u0131f\u0131r f\u0131rsatlar\u0131n\u0131 Bellona&#8217;da en yeni koltuk tak\u0131m\u0131 se\u00e7eneklerini ke\u015ffedin ve konforlu bir oturma alan\u0131 yarat\u0131n. Mobilya al\u0131rken hangi marka tercih edilmeli?<br \/>\nBellona koltuk tak\u0131m\u0131 nerede \u00fcretiliyor? Antika mobilya, oyuncak, aksesuar ve tekstil gibi antika \u00fcr\u00fcnlerini, ikinci el ve s\u0131f\u0131r f\u0131rsatlar\u0131n\u0131 K\u00f6\u015fe tak\u0131m\u0131 ve 2024 L koltuk modelleri ile konfor ve \u015f\u0131kl\u0131\u011f\u0131 yuvan\u0131za getiren salon ve oturma <strong>Koltuk al\u0131rken nelere dikkat etmek gerekir?<\/strong><\/p>\n","protected":false},"excerpt":{"rendered":"[caption id=\"attachment_590\" align=\"aligncenter\" width=\"852\"]<img loading=\"lazy\" decoding=\"async\" class=\"wp-image-590 size-full\" title=\"Spot koltuk bellona spot oturma grubu\" src=\"https:\/\/mustibilgi.com\/magaza\/wp-content\/uploads\/2024\/05\/Spot-koltuk-bellona-spot-oturma-grubu-1.png\" alt=\"\" width=\"852\" height=\"630\" srcset=\"https:\/\/mustibilgi.com\/magaza\/wp-content\/uploads\/2024\/05\/Spot-koltuk-bellona-spot-oturma-grubu-1.png 852w, https:\/\/mustibilgi.com\/magaza\/wp-content\/uploads\/2024\/05\/Spot-koltuk-bellona-spot-oturma-grubu-1-300x222.png 300w, https:\/\/mustibilgi.com\/magaza\/wp-content\/uploads\/2024\/05\/Spot-koltuk-bellona-spot-oturma-grubu-1-768x568.png 768w, https:\/\/mustibilgi.com\/magaza\/wp-content\/uploads\/2024\/05\/Spot-koltuk-bellona-spot-oturma-grubu-1-600x444.png 600w\" sizes=\"auto, (max-width: 852px) 100vw, 852px\" \/> Spot koltuk bellona spot oturma grubu[\/caption]\n<p><img loading=\"lazy\" decoding=\"async\" class=\"aligncenter size-full wp-image-589\" src=\"https:\/\/mustibilgi.com\/magaza\/wp-content\/uploads\/2024\/05\/Spot-koltuk-bellona-spot-oturma-grubu-2.png\" alt=\"\" width=\"780\" height=\"593\" srcset=\"https:\/\/mustibilgi.com\/magaza\/wp-content\/uploads\/2024\/05\/Spot-koltuk-bellona-spot-oturma-grubu-2.png 780w, https:\/\/mustibilgi.com\/magaza\/wp-content\/uploads\/2024\/05\/Spot-koltuk-bellona-spot-oturma-grubu-2-300x228.png 300w, https:\/\/mustibilgi.com\/magaza\/wp-content\/uploads\/2024\/05\/Spot-koltuk-bellona-spot-oturma-grubu-2-768x584.png 768w, https:\/\/mustibilgi.com\/magaza\/wp-content\/uploads\/2024\/05\/Spot-koltuk-bellona-spot-oturma-grubu-2-600x456.png 600w\" sizes=\"auto, (max-width: 780px) 100vw, 780px\" \/><\/p>\n","protected":false},"featured_media":590,"template":"","meta":[],"product_brand":[],"product_cat":[24],"product_tag":[42],"class_list":{"0":"post-588","1":"product","2":"type-product","3":"status-publish","4":"has-post-thumbnail","6":"product_cat-ikinci-el-mobilya","7":"product_tag-ikinci-el-koltuk-kanepe","9":"first","10":"instock","11":"sale","12":"shipping-taxable","13":"purchasable","14":"product-type-simple"},"_links":{"self":[{"href":"https:\/\/mustibilgi.com\/magaza\/wp-json\/wp\/v2\/product\/588","targetHints":{"allow":["GET"]}}],"collection":[{"href":"https:\/\/mustibilgi.com\/magaza\/wp-json\/wp\/v2\/product"}],"about":[{"href":"https:\/\/mustibilgi.com\/magaza\/wp-json\/wp\/v2\/types\/product"}],"wp:featuredmedia":[{"embeddable":true,"href":"https:\/\/mustibilgi.com\/magaza\/wp-json\/wp\/v2\/media\/590"}],"wp:attachment":[{"href":"https:\/\/mustibilgi.com\/magaza\/wp-json\/wp\/v2\/media?parent=588"}],"wp:term":[{"taxonomy":"product_brand","embeddable":true,"href":"https:\/\/mustibilgi.com\/magaza\/wp-json\/wp\/v2\/product_brand?post=588"},{"taxonomy":"product_cat","embeddable":true,"href":"https:\/\/mustibilgi.com\/magaza\/wp-json\/wp\/v2\/product_cat?post=588"},{"taxonomy":"product_tag","embeddable":true,"href":"https:\/\/mustibilgi.com\/magaza\/wp-json\/wp\/v2\/product_tag?post=588"}],"curies":[{"name":"wp","href":"https:\/\/api.w.org\/{rel}","templated":true}]}}