{"id":584,"date":"2024-05-13T17:28:30","date_gmt":"2024-05-13T14:28:30","guid":{"rendered":"https:\/\/mustibilgi.com\/magaza\/?post_type=product&#038;p=584"},"modified":"2024-05-13T17:28:30","modified_gmt":"2024-05-13T14:28:30","slug":"ikinci-el-foseptik-pompasi-atik-foseptik-kirli-su-dalgic-pompa","status":"publish","type":"product","link":"https:\/\/mustibilgi.com\/magaza\/urun\/ikinci-el-foseptik-pompasi-atik-foseptik-kirli-su-dalgic-pompa\/","title":{"rendered":"\u0130kinci el foseptik pompas\u0131 ATIK FOSEPT\u0130K K\u0130RL\u0130 SU DALGI\u00c7 POMPA"},"content":{"rendered":"<p>ikinci el foseptik pompas\u0131 \u0130kinci El ve S\u0131f\u0131r Al\u0131\u015fveri\u015f \u00b7 Emlak Vas\u0131ta Yedek Mekanikoda, mekanik tesisat sekt\u00f6r\u00fcnde kullan\u0131labilecek ikinci el \u00fcr\u00fcnlere ula\u015fabilmesi i\u00e7in <strong>ATIK FOSEPT\u0130K K\u0130RL\u0130 SU DALGI\u00c7 POMPA<\/strong> Pis Su Pompas\u0131 \u00b7 STANWERGerman Xdf Bak\u0131r Sarg\u0131 2 Vf Paslanmaz Foseptik Su pompas\u0131 Germany Steel 450F 1 Hp Bak\u0131r Sarg\u0131 Paslanmaz 1.5 Hp B\u0131\u00e7akl\u0131 Par\u00e7alay\u0131c\u0131 Foseptik Dalg\u0131\u00e7 Su pompas\u0131. <strong>30.000 TL. \u0130zmir,<\/strong><\/p>\n","protected":false},"excerpt":{"rendered":"[caption id=\"attachment_587\" align=\"aligncenter\" width=\"679\"]<img loading=\"lazy\" decoding=\"async\" class=\"wp-image-587 size-full\" title=\"ikinci el foseptik pompas\u0131\" src=\"https:\/\/mustibilgi.com\/magaza\/wp-content\/uploads\/2024\/05\/ikinci-el-foseptik-pompasi-1.png\" alt=\"\" width=\"679\" height=\"638\" srcset=\"https:\/\/mustibilgi.com\/magaza\/wp-content\/uploads\/2024\/05\/ikinci-el-foseptik-pompasi-1.png 679w, https:\/\/mustibilgi.com\/magaza\/wp-content\/uploads\/2024\/05\/ikinci-el-foseptik-pompasi-1-300x282.png 300w, https:\/\/mustibilgi.com\/magaza\/wp-content\/uploads\/2024\/05\/ikinci-el-foseptik-pompasi-1-600x564.png 600w\" sizes=\"auto, (max-width: 679px) 100vw, 679px\" \/> ikinci el foseptik pompas\u0131[\/caption]\n[caption id=\"attachment_586\" align=\"aligncenter\" width=\"658\"]<img loading=\"lazy\" decoding=\"async\" class=\"wp-image-586 size-full\" title=\"foseptik pompas\u0131\" src=\"https:\/\/mustibilgi.com\/magaza\/wp-content\/uploads\/2024\/05\/ikinci-el-foseptik-pompasi-3.png\" alt=\"\" width=\"658\" height=\"634\" srcset=\"https:\/\/mustibilgi.com\/magaza\/wp-content\/uploads\/2024\/05\/ikinci-el-foseptik-pompasi-3.png 658w, https:\/\/mustibilgi.com\/magaza\/wp-content\/uploads\/2024\/05\/ikinci-el-foseptik-pompasi-3-300x289.png 300w, https:\/\/mustibilgi.com\/magaza\/wp-content\/uploads\/2024\/05\/ikinci-el-foseptik-pompasi-3-600x578.png 600w\" sizes=\"auto, (max-width: 658px) 100vw, 658px\" \/> foseptik pompas\u0131[\/caption]\n<p><img loading=\"lazy\" decoding=\"async\" class=\"aligncenter size-full wp-image-585\" src=\"https:\/\/mustibilgi.com\/magaza\/wp-content\/uploads\/2024\/05\/ikinci-el-foseptik-pompasi-2.png\" alt=\"\" width=\"652\" height=\"633\" srcset=\"https:\/\/mustibilgi.com\/magaza\/wp-content\/uploads\/2024\/05\/ikinci-el-foseptik-pompasi-2.png 652w, https:\/\/mustibilgi.com\/magaza\/wp-content\/uploads\/2024\/05\/ikinci-el-foseptik-pompasi-2-300x291.png 300w, https:\/\/mustibilgi.com\/magaza\/wp-content\/uploads\/2024\/05\/ikinci-el-foseptik-pompasi-2-600x583.png 600w\" sizes=\"auto, (max-width: 652px) 100vw, 652px\" \/><\/p>\n","protected":false},"featured_media":586,"template":"","meta":[],"product_brand":[],"product_cat":[15],"product_tag":[],"class_list":{"0":"post-584","1":"product","2":"type-product","3":"status-publish","4":"has-post-thumbnail","6":"product_cat-ikinci-el-esya","8":"first","9":"instock","10":"sale","11":"shipping-taxable","12":"purchasable","13":"product-type-simple"},"_links":{"self":[{"href":"https:\/\/mustibilgi.com\/magaza\/wp-json\/wp\/v2\/product\/584","targetHints":{"allow":["GET"]}}],"collection":[{"href":"https:\/\/mustibilgi.com\/magaza\/wp-json\/wp\/v2\/product"}],"about":[{"href":"https:\/\/mustibilgi.com\/magaza\/wp-json\/wp\/v2\/types\/product"}],"wp:featuredmedia":[{"embeddable":true,"href":"https:\/\/mustibilgi.com\/magaza\/wp-json\/wp\/v2\/media\/586"}],"wp:attachment":[{"href":"https:\/\/mustibilgi.com\/magaza\/wp-json\/wp\/v2\/media?parent=584"}],"wp:term":[{"taxonomy":"product_brand","embeddable":true,"href":"https:\/\/mustibilgi.com\/magaza\/wp-json\/wp\/v2\/product_brand?post=584"},{"taxonomy":"product_cat","embeddable":true,"href":"https:\/\/mustibilgi.com\/magaza\/wp-json\/wp\/v2\/product_cat?post=584"},{"taxonomy":"product_tag","embeddable":true,"href":"https:\/\/mustibilgi.com\/magaza\/wp-json\/wp\/v2\/product_tag?post=584"}],"curies":[{"name":"wp","href":"https:\/\/api.w.org\/{rel}","templated":true}]}}