{"id":578,"date":"2024-05-13T17:20:38","date_gmt":"2024-05-13T14:20:38","guid":{"rendered":"https:\/\/mustibilgi.com\/magaza\/?post_type=product&#038;p=578"},"modified":"2024-05-13T17:20:38","modified_gmt":"2024-05-13T14:20:38","slug":"cikma-buzdolabi-motoru-orjinal-cikma-olup-tamiri-bakimlari-yapilmis","status":"publish","type":"product","link":"https:\/\/mustibilgi.com\/magaza\/urun\/cikma-buzdolabi-motoru-orjinal-cikma-olup-tamiri-bakimlari-yapilmis\/","title":{"rendered":"\u00c7\u0131kma buzdolab\u0131 motoru orjinal \u00e7\u0131kma olup tamiri, bak\u0131mlar\u0131 yap\u0131lm\u0131\u015f"},"content":{"rendered":"<p><strong>\u00e7\u0131kma buzdolab\u0131 motoru<\/strong> Buzdolab\u0131 motoru (bozuk) kompres\u00f6r (\u00e7al\u0131\u015f\u0131yor ama \u00e7ok sesli \u00b7 Ar\u00e7elik Buzdolab\u0131 buzluk par\u00e7as\u0131 \u00b7 Kullan\u0131lmam\u0131\u015f Mini Buzdolab\u0131 Motoru Buzdolab\u0131 Motor modelleri ile arad\u0131\u011f\u0131n yeni sezon \u00fcr\u00fcnleri sevdi\u011fin markalarla ar\u0131ston buzdolab\u0131 ANakart Buzdolab\u0131 ve klimalarda kullan\u0131lan so\u011futucu motor pompa gruplar\u0131na ekovat denilmektedir. Bu So\u011futma motorlar\u0131m\u0131z <strong>orjinal \u00e7\u0131kma olup tamiri, bak\u0131mlar\u0131<\/strong>, ya\u011f de\u011fi\u015fimi, boyanmas\u0131 ve her \u00e7e\u015fit Buzdolab\u0131 motoru (bozuk) kompres\u00f6r (\u00e7al\u0131\u015f\u0131yor ama \u00e7ok sesli<\/p>\n","protected":false},"excerpt":{"rendered":"[caption id=\"attachment_580\" align=\"aligncenter\" width=\"929\"]<img loading=\"lazy\" decoding=\"async\" class=\"wp-image-580 size-full\" title=\"\u00e7\u0131kma buzdolab\u0131 motoru\" src=\"https:\/\/mustibilgi.com\/magaza\/wp-content\/uploads\/2024\/05\/cikma-buzdolabi-motoru-1.png\" alt=\"\" width=\"929\" height=\"497\" srcset=\"https:\/\/mustibilgi.com\/magaza\/wp-content\/uploads\/2024\/05\/cikma-buzdolabi-motoru-1.png 929w, https:\/\/mustibilgi.com\/magaza\/wp-content\/uploads\/2024\/05\/cikma-buzdolabi-motoru-1-300x160.png 300w, https:\/\/mustibilgi.com\/magaza\/wp-content\/uploads\/2024\/05\/cikma-buzdolabi-motoru-1-768x411.png 768w, https:\/\/mustibilgi.com\/magaza\/wp-content\/uploads\/2024\/05\/cikma-buzdolabi-motoru-1-600x321.png 600w\" sizes=\"auto, (max-width: 929px) 100vw, 929px\" \/> \u00e7\u0131kma buzdolab\u0131 motoru[\/caption]\n<p><img loading=\"lazy\" decoding=\"async\" class=\"aligncenter size-full wp-image-579\" src=\"https:\/\/mustibilgi.com\/magaza\/wp-content\/uploads\/2024\/05\/cikma-buzdolabi-motoru-2.png\" alt=\"\" width=\"845\" height=\"634\" srcset=\"https:\/\/mustibilgi.com\/magaza\/wp-content\/uploads\/2024\/05\/cikma-buzdolabi-motoru-2.png 845w, https:\/\/mustibilgi.com\/magaza\/wp-content\/uploads\/2024\/05\/cikma-buzdolabi-motoru-2-300x225.png 300w, https:\/\/mustibilgi.com\/magaza\/wp-content\/uploads\/2024\/05\/cikma-buzdolabi-motoru-2-768x576.png 768w, https:\/\/mustibilgi.com\/magaza\/wp-content\/uploads\/2024\/05\/cikma-buzdolabi-motoru-2-160x120.png 160w, https:\/\/mustibilgi.com\/magaza\/wp-content\/uploads\/2024\/05\/cikma-buzdolabi-motoru-2-600x450.png 600w\" sizes=\"auto, (max-width: 845px) 100vw, 845px\" \/><\/p>\n","protected":false},"featured_media":580,"template":"","meta":[],"product_brand":[],"product_cat":[23],"product_tag":[41],"class_list":{"0":"post-578","1":"product","2":"type-product","3":"status-publish","4":"has-post-thumbnail","6":"product_cat-ikinci-el-beyaz-esya","7":"product_tag-ikinci-el-buzdolabi","9":"first","10":"instock","11":"sale","12":"shipping-taxable","13":"purchasable","14":"product-type-simple"},"_links":{"self":[{"href":"https:\/\/mustibilgi.com\/magaza\/wp-json\/wp\/v2\/product\/578","targetHints":{"allow":["GET"]}}],"collection":[{"href":"https:\/\/mustibilgi.com\/magaza\/wp-json\/wp\/v2\/product"}],"about":[{"href":"https:\/\/mustibilgi.com\/magaza\/wp-json\/wp\/v2\/types\/product"}],"wp:featuredmedia":[{"embeddable":true,"href":"https:\/\/mustibilgi.com\/magaza\/wp-json\/wp\/v2\/media\/580"}],"wp:attachment":[{"href":"https:\/\/mustibilgi.com\/magaza\/wp-json\/wp\/v2\/media?parent=578"}],"wp:term":[{"taxonomy":"product_brand","embeddable":true,"href":"https:\/\/mustibilgi.com\/magaza\/wp-json\/wp\/v2\/product_brand?post=578"},{"taxonomy":"product_cat","embeddable":true,"href":"https:\/\/mustibilgi.com\/magaza\/wp-json\/wp\/v2\/product_cat?post=578"},{"taxonomy":"product_tag","embeddable":true,"href":"https:\/\/mustibilgi.com\/magaza\/wp-json\/wp\/v2\/product_tag?post=578"}],"curies":[{"name":"wp","href":"https:\/\/api.w.org\/{rel}","templated":true}]}}