{"id":560,"date":"2024-05-13T15:36:06","date_gmt":"2024-05-13T12:36:06","guid":{"rendered":"https:\/\/mustibilgi.com\/magaza\/?post_type=product&#038;p=560"},"modified":"2024-05-13T15:36:06","modified_gmt":"2024-05-13T12:36:06","slug":"temiz-bosch-camasir-makinesi-1200-devir-9-kilo-ikinci-el-makine","status":"publish","type":"product","link":"https:\/\/mustibilgi.com\/magaza\/urun\/temiz-bosch-camasir-makinesi-1200-devir-9-kilo-ikinci-el-makine\/","title":{"rendered":"Temiz bosch \u00e7ama\u015f\u0131r makinesi 1200 devir 9 kilo ikinci el makine"},"content":{"rendered":"<h3>bosch \u00e7ama\u015f\u0131r makinesi 1200 devir 9 kilo \u00c7ama\u015f\u0131r ve Kurutma Makineleri<\/h3>\n<p>\u00c7ama\u015f\u0131r Makineleri \u00b7 \u00c7ama\u015f\u0131r Makineleri. WGA142X1TR. Serie 4 \u00c7ama\u015f\u0131r Makinesi 9 kg 1200 dev.\/dak Bosch \u00e7ama\u015f\u0131r makinesi 9 kilo 1200 devir fiyat\u0131 ne kadar? Bosch 9 kg \u00c7ama\u015f\u0131r Makinesi Fiyatlar\u0131 \u00b7 Kapasite9 kg \u00b7 Markas\u0131 Bosch \u00c7ama\u015f\u0131r makinesinde en iyi devir ka\u00e7 olmal\u0131? Y\u00fcksek kapasiteli, d\u00fc\u015f\u00fck enerji t\u00fcketimli, avantajl\u0131 fiyatlara sahip <strong>Bosch \u00e7ama\u015f\u0131r Bosch 9 kiloluk \u00e7ama\u015f\u0131r<\/strong> makinesinde \u00e7ift ki\u015filik yorgan y\u0131kan\u0131r m\u0131?<\/p>\n<p><img loading=\"lazy\" decoding=\"async\" class=\"aligncenter size-full wp-image-562\" src=\"https:\/\/mustibilgi.com\/magaza\/wp-content\/uploads\/2024\/05\/bosch-camasir-makinesi-1200-devir-9-kilo-1.png\" alt=\"\" width=\"756\" height=\"621\" title=\"\" srcset=\"https:\/\/mustibilgi.com\/magaza\/wp-content\/uploads\/2024\/05\/bosch-camasir-makinesi-1200-devir-9-kilo-1.png 756w, https:\/\/mustibilgi.com\/magaza\/wp-content\/uploads\/2024\/05\/bosch-camasir-makinesi-1200-devir-9-kilo-1-300x246.png 300w, https:\/\/mustibilgi.com\/magaza\/wp-content\/uploads\/2024\/05\/bosch-camasir-makinesi-1200-devir-9-kilo-1-600x493.png 600w\" sizes=\"auto, (max-width: 756px) 100vw, 756px\" \/><\/p>\n","protected":false},"excerpt":{"rendered":"[caption id=\"attachment_562\" align=\"aligncenter\" width=\"756\"]<img loading=\"lazy\" decoding=\"async\" class=\"wp-image-562 size-full\" title=\"avantajl\u0131 fiyatlara sahip Bosch \u00e7ama\u015f\u0131r makinesi\" src=\"https:\/\/mustibilgi.com\/magaza\/wp-content\/uploads\/2024\/05\/bosch-camasir-makinesi-1200-devir-9-kilo-1.png\" alt=\"\" width=\"756\" height=\"621\" srcset=\"https:\/\/mustibilgi.com\/magaza\/wp-content\/uploads\/2024\/05\/bosch-camasir-makinesi-1200-devir-9-kilo-1.png 756w, https:\/\/mustibilgi.com\/magaza\/wp-content\/uploads\/2024\/05\/bosch-camasir-makinesi-1200-devir-9-kilo-1-300x246.png 300w, https:\/\/mustibilgi.com\/magaza\/wp-content\/uploads\/2024\/05\/bosch-camasir-makinesi-1200-devir-9-kilo-1-600x493.png 600w\" sizes=\"auto, (max-width: 756px) 100vw, 756px\" \/> avantajl\u0131 fiyatlara sahip Bosch \u00e7ama\u015f\u0131r makinesi[\/caption]\n<p><img loading=\"lazy\" decoding=\"async\" class=\"aligncenter size-full wp-image-561\" src=\"https:\/\/mustibilgi.com\/magaza\/wp-content\/uploads\/2024\/05\/bosch-camasir-makinesi-1200-devir-9-kilo-2.png\" alt=\"\" width=\"762\" height=\"632\" srcset=\"https:\/\/mustibilgi.com\/magaza\/wp-content\/uploads\/2024\/05\/bosch-camasir-makinesi-1200-devir-9-kilo-2.png 762w, https:\/\/mustibilgi.com\/magaza\/wp-content\/uploads\/2024\/05\/bosch-camasir-makinesi-1200-devir-9-kilo-2-300x249.png 300w, https:\/\/mustibilgi.com\/magaza\/wp-content\/uploads\/2024\/05\/bosch-camasir-makinesi-1200-devir-9-kilo-2-600x498.png 600w\" sizes=\"auto, (max-width: 762px) 100vw, 762px\" \/><\/p>\n","protected":false},"featured_media":562,"template":"","meta":[],"product_brand":[],"product_cat":[23],"product_tag":[43],"class_list":{"0":"post-560","1":"product","2":"type-product","3":"status-publish","4":"has-post-thumbnail","6":"product_cat-ikinci-el-beyaz-esya","7":"product_tag-ikinci-el-camasir-makinesi","9":"first","10":"instock","11":"sale","12":"shipping-taxable","13":"purchasable","14":"product-type-simple"},"_links":{"self":[{"href":"https:\/\/mustibilgi.com\/magaza\/wp-json\/wp\/v2\/product\/560","targetHints":{"allow":["GET"]}}],"collection":[{"href":"https:\/\/mustibilgi.com\/magaza\/wp-json\/wp\/v2\/product"}],"about":[{"href":"https:\/\/mustibilgi.com\/magaza\/wp-json\/wp\/v2\/types\/product"}],"wp:featuredmedia":[{"embeddable":true,"href":"https:\/\/mustibilgi.com\/magaza\/wp-json\/wp\/v2\/media\/562"}],"wp:attachment":[{"href":"https:\/\/mustibilgi.com\/magaza\/wp-json\/wp\/v2\/media?parent=560"}],"wp:term":[{"taxonomy":"product_brand","embeddable":true,"href":"https:\/\/mustibilgi.com\/magaza\/wp-json\/wp\/v2\/product_brand?post=560"},{"taxonomy":"product_cat","embeddable":true,"href":"https:\/\/mustibilgi.com\/magaza\/wp-json\/wp\/v2\/product_cat?post=560"},{"taxonomy":"product_tag","embeddable":true,"href":"https:\/\/mustibilgi.com\/magaza\/wp-json\/wp\/v2\/product_tag?post=560"}],"curies":[{"name":"wp","href":"https:\/\/api.w.org\/{rel}","templated":true}]}}