{"id":557,"date":"2024-05-13T15:29:23","date_gmt":"2024-05-13T12:29:23","guid":{"rendered":"https:\/\/mustibilgi.com\/magaza\/?post_type=product&#038;p=557"},"modified":"2024-05-13T15:36:47","modified_gmt":"2024-05-13T12:36:47","slug":"defolu-camasir-makinesi-spot-hesapli-outlet-fabrikadan-defolu-beyaz-esya","status":"publish","type":"product","link":"https:\/\/mustibilgi.com\/magaza\/urun\/defolu-camasir-makinesi-spot-hesapli-outlet-fabrikadan-defolu-beyaz-esya\/","title":{"rendered":"Defolu \u00e7ama\u015f\u0131r makinesi spot Hesapl\u0131 Outlet fabrikadan defolu beyaz e\u015fya"},"content":{"rendered":"<p>defolu \u00e7ama\u015f\u0131r makinesi \u00c7ama\u015f\u0131r Makinas\u0131 Hesapl\u0131 Outlet &#8211; En Ucuz Beyaz E\u015fyalar &#8211; Buz Dolab\u0131, \u00c7ama\u015f\u0131r Makinesi, Bula\u015f\u0131k Makinesi. Hesapl\u0131 <strong>Outlet Defolu Bula\u015f\u0131k Makinesi modelleri en ucuz fiyat<\/strong> se\u00e7enekleriyle Spot Beyaz E\u015fya &#8211; En Uygun Fiyatlarla Spot Beyaz E\u015fya \u00dcr\u00fcnleri S\u0131f\u0131r veya Fabrikadan Defolu Bula\u015f\u0131k Makineleri<\/p>\n<p><img loading=\"lazy\" decoding=\"async\" class=\"aligncenter size-full wp-image-558\" src=\"https:\/\/mustibilgi.com\/magaza\/wp-content\/uploads\/2024\/05\/defolu-camasir-makinesi-2-1.png\" alt=\"\" width=\"965\" height=\"619\" title=\"\" srcset=\"https:\/\/mustibilgi.com\/magaza\/wp-content\/uploads\/2024\/05\/defolu-camasir-makinesi-2-1.png 965w, https:\/\/mustibilgi.com\/magaza\/wp-content\/uploads\/2024\/05\/defolu-camasir-makinesi-2-1-300x192.png 300w, https:\/\/mustibilgi.com\/magaza\/wp-content\/uploads\/2024\/05\/defolu-camasir-makinesi-2-1-768x493.png 768w, https:\/\/mustibilgi.com\/magaza\/wp-content\/uploads\/2024\/05\/defolu-camasir-makinesi-2-1-600x385.png 600w\" sizes=\"auto, (max-width: 965px) 100vw, 965px\" \/><\/p>\n","protected":false},"excerpt":{"rendered":"[caption id=\"attachment_559\" align=\"aligncenter\" width=\"757\"]<img loading=\"lazy\" decoding=\"async\" class=\"wp-image-559 size-full\" title=\"defolu \u00e7ama\u015f\u0131r makinesi\" src=\"https:\/\/mustibilgi.com\/magaza\/wp-content\/uploads\/2024\/05\/defolu-camasir-makinesi-1-1.png\" alt=\"\" width=\"757\" height=\"636\" srcset=\"https:\/\/mustibilgi.com\/magaza\/wp-content\/uploads\/2024\/05\/defolu-camasir-makinesi-1-1.png 757w, https:\/\/mustibilgi.com\/magaza\/wp-content\/uploads\/2024\/05\/defolu-camasir-makinesi-1-1-300x252.png 300w, https:\/\/mustibilgi.com\/magaza\/wp-content\/uploads\/2024\/05\/defolu-camasir-makinesi-1-1-600x504.png 600w\" sizes=\"auto, (max-width: 757px) 100vw, 757px\" \/> defolu \u00e7ama\u015f\u0131r makinesi[\/caption]\n<p><img loading=\"lazy\" decoding=\"async\" class=\"aligncenter size-full wp-image-558\" src=\"https:\/\/mustibilgi.com\/magaza\/wp-content\/uploads\/2024\/05\/defolu-camasir-makinesi-2-1.png\" alt=\"\" width=\"965\" height=\"619\" srcset=\"https:\/\/mustibilgi.com\/magaza\/wp-content\/uploads\/2024\/05\/defolu-camasir-makinesi-2-1.png 965w, https:\/\/mustibilgi.com\/magaza\/wp-content\/uploads\/2024\/05\/defolu-camasir-makinesi-2-1-300x192.png 300w, https:\/\/mustibilgi.com\/magaza\/wp-content\/uploads\/2024\/05\/defolu-camasir-makinesi-2-1-768x493.png 768w, https:\/\/mustibilgi.com\/magaza\/wp-content\/uploads\/2024\/05\/defolu-camasir-makinesi-2-1-600x385.png 600w\" sizes=\"auto, (max-width: 965px) 100vw, 965px\" \/><\/p>\n","protected":false},"featured_media":558,"template":"","meta":[],"product_brand":[],"product_cat":[15,29],"product_tag":[43],"class_list":{"0":"post-557","1":"product","2":"type-product","3":"status-publish","4":"has-post-thumbnail","6":"product_cat-ikinci-el-esya","7":"product_cat-spot-defolu-esya","8":"product_tag-ikinci-el-camasir-makinesi","10":"first","11":"instock","12":"sale","13":"shipping-taxable","14":"purchasable","15":"product-type-simple"},"_links":{"self":[{"href":"https:\/\/mustibilgi.com\/magaza\/wp-json\/wp\/v2\/product\/557","targetHints":{"allow":["GET"]}}],"collection":[{"href":"https:\/\/mustibilgi.com\/magaza\/wp-json\/wp\/v2\/product"}],"about":[{"href":"https:\/\/mustibilgi.com\/magaza\/wp-json\/wp\/v2\/types\/product"}],"wp:featuredmedia":[{"embeddable":true,"href":"https:\/\/mustibilgi.com\/magaza\/wp-json\/wp\/v2\/media\/558"}],"wp:attachment":[{"href":"https:\/\/mustibilgi.com\/magaza\/wp-json\/wp\/v2\/media?parent=557"}],"wp:term":[{"taxonomy":"product_brand","embeddable":true,"href":"https:\/\/mustibilgi.com\/magaza\/wp-json\/wp\/v2\/product_brand?post=557"},{"taxonomy":"product_cat","embeddable":true,"href":"https:\/\/mustibilgi.com\/magaza\/wp-json\/wp\/v2\/product_cat?post=557"},{"taxonomy":"product_tag","embeddable":true,"href":"https:\/\/mustibilgi.com\/magaza\/wp-json\/wp\/v2\/product_tag?post=557"}],"curies":[{"name":"wp","href":"https:\/\/api.w.org\/{rel}","templated":true}]}}