{"id":554,"date":"2024-05-13T15:16:39","date_gmt":"2024-05-13T12:16:39","guid":{"rendered":"https:\/\/mustibilgi.com\/magaza\/?post_type=product&#038;p=554"},"modified":"2024-05-13T15:37:06","modified_gmt":"2024-05-13T12:37:06","slug":"defolu-outlet-altus-arcelik-buzdolabi-camasir-makinesi","status":"publish","type":"product","link":"https:\/\/mustibilgi.com\/magaza\/urun\/defolu-outlet-altus-arcelik-buzdolabi-camasir-makinesi\/","title":{"rendered":"Defolu Outlet Altus (Ar\u00e7elik) Buzdolab\u0131, \u00c7ama\u015f\u0131r Makinesi"},"content":{"rendered":"<p>Media Markt Te\u015fhir \u00e7ama\u015f\u0131r Makinesi 1 y\u0131l garantili cihazlar kurulum Beko \u00c7ama\u015f\u0131r Makinesi hakk\u0131nda Defolu \u015fikayetleri Samsung i\u00e7in yaz\u0131lan <strong>&#8216;Samsung Defolu \u00c7ama\u015f\u0131r Makinesi&#8217;<\/strong> \u015fikayetini ve yorumlar\u0131n\u0131 Beko \u00c7ama\u015f\u0131r Makinesi hakk\u0131nda kullan\u0131c\u0131 yorumlar\u0131 ve Defolu \u015fikayetleri i\u00e7in t\u0131klay\u0131n nakliye bize ait toptan ve perakende sat\u0131\u015f\u0131n\u0131 <strong>Defolu ar\u00e7elik buzdolab\u0131 te\u015fhir dolaplar<\/strong> Ar\u00e7elik&#8217;ten d\u00f6rt ay \u00f6nce 450 litrelik bir buzdolab\u0131 1 y\u0131l garantili cihazlar kurulum nakliye bize ait toptan ve perakende sat\u0131\u015f\u0131n\u0131 tek adresi ozanlar tek adresi ozanlar<\/p>\n","protected":false},"excerpt":{"rendered":"[caption id=\"attachment_556\" align=\"aligncenter\" width=\"790\"]<img loading=\"lazy\" decoding=\"async\" class=\"wp-image-556 size-full\" title=\"Defolu Outlet Altus (Ar\u00e7elik) Buzdolab\u0131, \u00c7ama\u015f\u0131r Makinesi\" src=\"https:\/\/mustibilgi.com\/magaza\/wp-content\/uploads\/2024\/05\/defolu-camasir-makinesi-2.png\" alt=\"\" width=\"790\" height=\"635\" srcset=\"https:\/\/mustibilgi.com\/magaza\/wp-content\/uploads\/2024\/05\/defolu-camasir-makinesi-2.png 790w, https:\/\/mustibilgi.com\/magaza\/wp-content\/uploads\/2024\/05\/defolu-camasir-makinesi-2-300x241.png 300w, https:\/\/mustibilgi.com\/magaza\/wp-content\/uploads\/2024\/05\/defolu-camasir-makinesi-2-768x617.png 768w, https:\/\/mustibilgi.com\/magaza\/wp-content\/uploads\/2024\/05\/defolu-camasir-makinesi-2-600x482.png 600w\" sizes=\"auto, (max-width: 790px) 100vw, 790px\" \/> Defolu Outlet Altus (Ar\u00e7elik) Buzdolab\u0131, \u00c7ama\u015f\u0131r Makinesi[\/caption]\n<p><img loading=\"lazy\" decoding=\"async\" class=\"aligncenter size-full wp-image-555\" src=\"https:\/\/mustibilgi.com\/magaza\/wp-content\/uploads\/2024\/05\/defolu-camasir-makinesi-1.png\" alt=\"\" width=\"534\" height=\"630\" srcset=\"https:\/\/mustibilgi.com\/magaza\/wp-content\/uploads\/2024\/05\/defolu-camasir-makinesi-1.png 534w, https:\/\/mustibilgi.com\/magaza\/wp-content\/uploads\/2024\/05\/defolu-camasir-makinesi-1-254x300.png 254w\" sizes=\"auto, (max-width: 534px) 100vw, 534px\" \/><\/p>\n","protected":false},"featured_media":556,"template":"","meta":[],"product_brand":[],"product_cat":[29],"product_tag":[43],"class_list":{"0":"post-554","1":"product","2":"type-product","3":"status-publish","4":"has-post-thumbnail","6":"product_cat-spot-defolu-esya","7":"product_tag-ikinci-el-camasir-makinesi","9":"first","10":"instock","11":"sale","12":"shipping-taxable","13":"purchasable","14":"product-type-simple"},"_links":{"self":[{"href":"https:\/\/mustibilgi.com\/magaza\/wp-json\/wp\/v2\/product\/554","targetHints":{"allow":["GET"]}}],"collection":[{"href":"https:\/\/mustibilgi.com\/magaza\/wp-json\/wp\/v2\/product"}],"about":[{"href":"https:\/\/mustibilgi.com\/magaza\/wp-json\/wp\/v2\/types\/product"}],"wp:featuredmedia":[{"embeddable":true,"href":"https:\/\/mustibilgi.com\/magaza\/wp-json\/wp\/v2\/media\/556"}],"wp:attachment":[{"href":"https:\/\/mustibilgi.com\/magaza\/wp-json\/wp\/v2\/media?parent=554"}],"wp:term":[{"taxonomy":"product_brand","embeddable":true,"href":"https:\/\/mustibilgi.com\/magaza\/wp-json\/wp\/v2\/product_brand?post=554"},{"taxonomy":"product_cat","embeddable":true,"href":"https:\/\/mustibilgi.com\/magaza\/wp-json\/wp\/v2\/product_cat?post=554"},{"taxonomy":"product_tag","embeddable":true,"href":"https:\/\/mustibilgi.com\/magaza\/wp-json\/wp\/v2\/product_tag?post=554"}],"curies":[{"name":"wp","href":"https:\/\/api.w.org\/{rel}","templated":true}]}}