{"id":551,"date":"2024-05-13T15:12:49","date_gmt":"2024-05-13T12:12:49","guid":{"rendered":"https:\/\/mustibilgi.com\/magaza\/?post_type=product&#038;p=551"},"modified":"2024-05-13T15:12:50","modified_gmt":"2024-05-13T12:12:50","slug":"temiz-cilek-ranza-cilek-softy-bebek-buyuyen-yatagi","status":"publish","type":"product","link":"https:\/\/mustibilgi.com\/magaza\/urun\/temiz-cilek-ranza-cilek-softy-bebek-buyuyen-yatagi\/","title":{"rendered":"Temiz \u00e7ilek ranza \u00c7ilek softy bebek b\u00fcy\u00fcyen yata\u011f\u0131"},"content":{"rendered":"<h3>\u0130kinci el ve s\u0131f\u0131r ranza modelleri farkl\u0131 marka se\u00e7enekleri ve uygun fiyatlarla Ranzalar<\/h3>\n<p>i\u00e7erisinde bir\u00e7ok mobilya bar\u0131nd\u0131rabilir. Dolap, \u00e7ekmece, yatak ve bunun gibi yatak odas\u0131 gere\u00e7lerini bir arada bar\u0131nd\u0131ran kompakt modeller, birinci k\u0131z ve erkek gen\u00e7 odas\u0131 modelleri, birbirinden farkl\u0131 se\u00e7enekler y\u00fcksek kalite malzeme ve uygun <strong>\u00c7ilek racer ranza \u00c7ilek softy bebek<\/strong> b\u00fcy\u00fcyen yata\u011f\u0131. ikinci el \u00e7ilek ranza \u00c7ilek Mobilya ranza ka\u00e7 kilo ta\u015f\u0131r? Ranza en fazla ka\u00e7 kilo ta\u015f\u0131r? ikinci el 7.500 TL \u00c7ilek softy bebek b\u00fcy\u00fcyen yata\u011f\u0131. \u0130stanbul, \u00c7ilek racer ranza.<\/p>\n","protected":false},"excerpt":{"rendered":"[caption id=\"attachment_553\" align=\"aligncenter\" width=\"917\"]<img loading=\"lazy\" decoding=\"async\" class=\"wp-image-553 size-full\" title=\"ikinci el \u00e7ilek ranza\" src=\"https:\/\/mustibilgi.com\/magaza\/wp-content\/uploads\/2024\/05\/ikinci-el-cilek-ranza-2.png\" alt=\"\" width=\"917\" height=\"511\" srcset=\"https:\/\/mustibilgi.com\/magaza\/wp-content\/uploads\/2024\/05\/ikinci-el-cilek-ranza-2.png 917w, https:\/\/mustibilgi.com\/magaza\/wp-content\/uploads\/2024\/05\/ikinci-el-cilek-ranza-2-300x167.png 300w, https:\/\/mustibilgi.com\/magaza\/wp-content\/uploads\/2024\/05\/ikinci-el-cilek-ranza-2-768x428.png 768w, https:\/\/mustibilgi.com\/magaza\/wp-content\/uploads\/2024\/05\/ikinci-el-cilek-ranza-2-600x334.png 600w\" sizes=\"auto, (max-width: 917px) 100vw, 917px\" \/> ikinci el \u00e7ilek ranza[\/caption]\n<p><img loading=\"lazy\" decoding=\"async\" class=\"aligncenter size-full wp-image-552\" src=\"https:\/\/mustibilgi.com\/magaza\/wp-content\/uploads\/2024\/05\/ikinci-el-cilek-ranza-1.png\" alt=\"\" width=\"761\" height=\"633\" srcset=\"https:\/\/mustibilgi.com\/magaza\/wp-content\/uploads\/2024\/05\/ikinci-el-cilek-ranza-1.png 761w, https:\/\/mustibilgi.com\/magaza\/wp-content\/uploads\/2024\/05\/ikinci-el-cilek-ranza-1-300x250.png 300w, https:\/\/mustibilgi.com\/magaza\/wp-content\/uploads\/2024\/05\/ikinci-el-cilek-ranza-1-600x499.png 600w\" sizes=\"auto, (max-width: 761px) 100vw, 761px\" \/><\/p>\n","protected":false},"featured_media":552,"template":"","meta":[],"product_brand":[],"product_cat":[24],"product_tag":[40],"class_list":{"0":"post-551","1":"product","2":"type-product","3":"status-publish","4":"has-post-thumbnail","6":"product_cat-ikinci-el-mobilya","7":"product_tag-ikinci-el-ranza","9":"first","10":"instock","11":"sale","12":"shipping-taxable","13":"purchasable","14":"product-type-simple"},"_links":{"self":[{"href":"https:\/\/mustibilgi.com\/magaza\/wp-json\/wp\/v2\/product\/551","targetHints":{"allow":["GET"]}}],"collection":[{"href":"https:\/\/mustibilgi.com\/magaza\/wp-json\/wp\/v2\/product"}],"about":[{"href":"https:\/\/mustibilgi.com\/magaza\/wp-json\/wp\/v2\/types\/product"}],"wp:featuredmedia":[{"embeddable":true,"href":"https:\/\/mustibilgi.com\/magaza\/wp-json\/wp\/v2\/media\/552"}],"wp:attachment":[{"href":"https:\/\/mustibilgi.com\/magaza\/wp-json\/wp\/v2\/media?parent=551"}],"wp:term":[{"taxonomy":"product_brand","embeddable":true,"href":"https:\/\/mustibilgi.com\/magaza\/wp-json\/wp\/v2\/product_brand?post=551"},{"taxonomy":"product_cat","embeddable":true,"href":"https:\/\/mustibilgi.com\/magaza\/wp-json\/wp\/v2\/product_cat?post=551"},{"taxonomy":"product_tag","embeddable":true,"href":"https:\/\/mustibilgi.com\/magaza\/wp-json\/wp\/v2\/product_tag?post=551"}],"curies":[{"name":"wp","href":"https:\/\/api.w.org\/{rel}","templated":true}]}}