{"id":547,"date":"2024-05-13T14:58:38","date_gmt":"2024-05-13T11:58:38","guid":{"rendered":"https:\/\/mustibilgi.com\/magaza\/?post_type=product&#038;p=547"},"modified":"2024-05-13T14:58:38","modified_gmt":"2024-05-13T11:58:38","slug":"cikma-su-saati-sayaci-su-sayac-modellerinin-urun-ve-yorumlarini","status":"publish","type":"product","link":"https:\/\/mustibilgi.com\/magaza\/urun\/cikma-su-saati-sayaci-su-sayac-modellerinin-urun-ve-yorumlarini\/","title":{"rendered":"\u00c7\u0131kma su saati sayac\u0131 Su Saya\u00e7 modellerinin \u00fcr\u00fcn ve yorumlar\u0131n\u0131"},"content":{"rendered":"<p>\u00e7\u0131kma su saati sayac\u0131 Bozulan su saatini kim de\u011fi\u015ftirir? Su Saya\u00e7 modellerinin \u00fcr\u00fcn ve yorumlar\u0131n\u0131 kar\u015f\u0131la\u015ft\u0131r, en uygun fiyat\u0131n\u0131 ka\u00e7\u0131rma. Kartl\u0131 su sayac\u0131 ceza 3 nedir? Su saatleri, evlerden tar\u0131msal sulama merkezlerine kadar su tesisat\u0131ndan su alan her yerde, kullan\u0131lan su miktar\u0131n\u0131 belirlemeye yard\u0131mc\u0131 olan bir \u00f6l\u00e7\u00fc aletidir. Su saya\u00e7 de\u011fi\u015fim \u00fccreti ne kadar? Yeni su saati nereden al\u0131n\u0131r?<\/p>\n","protected":false},"excerpt":{"rendered":"[caption id=\"attachment_549\" align=\"aligncenter\" width=\"696\"]<img loading=\"lazy\" decoding=\"async\" class=\"wp-image-549 size-full\" title=\"\u00e7\u0131kma su saati sayac\u0131\" src=\"https:\/\/mustibilgi.com\/magaza\/wp-content\/uploads\/2024\/05\/cikma-su-saati-sayaci-1.png\" alt=\"\" width=\"696\" height=\"524\" srcset=\"https:\/\/mustibilgi.com\/magaza\/wp-content\/uploads\/2024\/05\/cikma-su-saati-sayaci-1.png 696w, https:\/\/mustibilgi.com\/magaza\/wp-content\/uploads\/2024\/05\/cikma-su-saati-sayaci-1-300x226.png 300w, https:\/\/mustibilgi.com\/magaza\/wp-content\/uploads\/2024\/05\/cikma-su-saati-sayaci-1-160x120.png 160w, https:\/\/mustibilgi.com\/magaza\/wp-content\/uploads\/2024\/05\/cikma-su-saati-sayaci-1-600x452.png 600w\" sizes=\"auto, (max-width: 696px) 100vw, 696px\" \/> \u00e7\u0131kma su saati sayac\u0131[\/caption]\n<p><img loading=\"lazy\" decoding=\"async\" class=\"aligncenter size-full wp-image-548\" src=\"https:\/\/mustibilgi.com\/magaza\/wp-content\/uploads\/2024\/05\/cikma-su-saati-sayaci-2.png\" alt=\"\" width=\"751\" height=\"637\" srcset=\"https:\/\/mustibilgi.com\/magaza\/wp-content\/uploads\/2024\/05\/cikma-su-saati-sayaci-2.png 751w, https:\/\/mustibilgi.com\/magaza\/wp-content\/uploads\/2024\/05\/cikma-su-saati-sayaci-2-300x254.png 300w, https:\/\/mustibilgi.com\/magaza\/wp-content\/uploads\/2024\/05\/cikma-su-saati-sayaci-2-600x509.png 600w\" sizes=\"auto, (max-width: 751px) 100vw, 751px\" \/><\/p>\n","protected":false},"featured_media":548,"template":"","meta":[],"product_brand":[],"product_cat":[15],"product_tag":[],"class_list":{"0":"post-547","1":"product","2":"type-product","3":"status-publish","4":"has-post-thumbnail","6":"product_cat-ikinci-el-esya","8":"first","9":"instock","10":"sale","11":"shipping-taxable","12":"purchasable","13":"product-type-simple"},"_links":{"self":[{"href":"https:\/\/mustibilgi.com\/magaza\/wp-json\/wp\/v2\/product\/547","targetHints":{"allow":["GET"]}}],"collection":[{"href":"https:\/\/mustibilgi.com\/magaza\/wp-json\/wp\/v2\/product"}],"about":[{"href":"https:\/\/mustibilgi.com\/magaza\/wp-json\/wp\/v2\/types\/product"}],"wp:featuredmedia":[{"embeddable":true,"href":"https:\/\/mustibilgi.com\/magaza\/wp-json\/wp\/v2\/media\/548"}],"wp:attachment":[{"href":"https:\/\/mustibilgi.com\/magaza\/wp-json\/wp\/v2\/media?parent=547"}],"wp:term":[{"taxonomy":"product_brand","embeddable":true,"href":"https:\/\/mustibilgi.com\/magaza\/wp-json\/wp\/v2\/product_brand?post=547"},{"taxonomy":"product_cat","embeddable":true,"href":"https:\/\/mustibilgi.com\/magaza\/wp-json\/wp\/v2\/product_cat?post=547"},{"taxonomy":"product_tag","embeddable":true,"href":"https:\/\/mustibilgi.com\/magaza\/wp-json\/wp\/v2\/product_tag?post=547"}],"curies":[{"name":"wp","href":"https:\/\/api.w.org\/{rel}","templated":true}]}}