{"id":544,"date":"2024-05-13T12:18:56","date_gmt":"2024-05-13T09:18:56","guid":{"rendered":"https:\/\/mustibilgi.com\/magaza\/?post_type=product&#038;p=544"},"modified":"2024-05-13T12:18:56","modified_gmt":"2024-05-13T09:18:56","slug":"teshir-urun-severlere-yetisen-aliyor-defolu-spot-koltuk-takimi","status":"publish","type":"product","link":"https:\/\/mustibilgi.com\/magaza\/urun\/teshir-urun-severlere-yetisen-aliyor-defolu-spot-koltuk-takimi\/","title":{"rendered":"Te\u015fhir \u00fcr\u00fcn severlere yeti\u015fen al\u0131yor: defolu spot koltuk tak\u0131m\u0131"},"content":{"rendered":"<p><strong>defolu spot koltuk tak\u0131m\u0131<\/strong> Bunu m\u00fcmk\u00fcn k\u0131lan akt\u00f6rler ise yatak olan koltuk modelleri oluyor. Yatakl\u0131 kanepe modelleri. Kanepeler, oturma odalar\u0131n\u0131n yerle\u015fiminde ba\u015f Te\u015fhir \u00dcr\u00fcnleri ; Versace Yemek Odas\u0131 Te\u015fhir. 45.000 ; Ruby Koltuk Tak\u0131m\u0131 Te\u015fhir. role sahiptir. <strong>defolu spot koltuk tak\u0131m\u0131<\/strong> Mobilya te\u015fhir \u00fcr\u00fcnleri al\u0131n\u0131r m\u0131? Bu \u015fubeden yatak odas\u0131 ve koltuk tak\u0131m\u0131 ald\u0131k bu \u00fcr\u00fcnler Bart\u0131n&#8217;a gitmesi gerekiyordu fakat bu Te\u015fhir \u00dcr\u00fcn\u00fc mobilya ne demek? B\u00dcY\u00dcK TE\u015eH\u0130R \u0130ND\u0130R\u0130M\u0130. Gyani Koltuk Tak\u0131m\u0131 Gyani Koltuk Tak\u0131m\u0131 te\u015fhir Koltuk tak\u0131m\u0131 secerken nelere dikkat edilmeli?<\/p>\n","protected":false},"excerpt":{"rendered":"[caption id=\"attachment_546\" align=\"aligncenter\" width=\"857\"]<img loading=\"lazy\" decoding=\"async\" class=\"wp-image-546 size-full\" title=\"Te\u015fhir \u00fcr\u00fcn\u00fc Koltuklar sat\u0131l\u0131k\" src=\"https:\/\/mustibilgi.com\/magaza\/wp-content\/uploads\/2024\/05\/defolu-spot-koltuk-takimi-2.png\" alt=\"\" width=\"857\" height=\"632\" srcset=\"https:\/\/mustibilgi.com\/magaza\/wp-content\/uploads\/2024\/05\/defolu-spot-koltuk-takimi-2.png 857w, https:\/\/mustibilgi.com\/magaza\/wp-content\/uploads\/2024\/05\/defolu-spot-koltuk-takimi-2-300x221.png 300w, https:\/\/mustibilgi.com\/magaza\/wp-content\/uploads\/2024\/05\/defolu-spot-koltuk-takimi-2-768x566.png 768w, https:\/\/mustibilgi.com\/magaza\/wp-content\/uploads\/2024\/05\/defolu-spot-koltuk-takimi-2-600x442.png 600w\" sizes=\"auto, (max-width: 857px) 100vw, 857px\" \/> Te\u015fhir \u00fcr\u00fcn\u00fc Koltuklar sat\u0131l\u0131k[\/caption]\n<p><img loading=\"lazy\" decoding=\"async\" class=\"aligncenter size-full wp-image-545\" src=\"https:\/\/mustibilgi.com\/magaza\/wp-content\/uploads\/2024\/05\/defolu-spot-koltuk-takimi-1.png\" alt=\"\" width=\"867\" height=\"630\" srcset=\"https:\/\/mustibilgi.com\/magaza\/wp-content\/uploads\/2024\/05\/defolu-spot-koltuk-takimi-1.png 867w, https:\/\/mustibilgi.com\/magaza\/wp-content\/uploads\/2024\/05\/defolu-spot-koltuk-takimi-1-300x218.png 300w, https:\/\/mustibilgi.com\/magaza\/wp-content\/uploads\/2024\/05\/defolu-spot-koltuk-takimi-1-768x558.png 768w, https:\/\/mustibilgi.com\/magaza\/wp-content\/uploads\/2024\/05\/defolu-spot-koltuk-takimi-1-600x436.png 600w\" sizes=\"auto, (max-width: 867px) 100vw, 867px\" \/><\/p>\n","protected":false},"featured_media":546,"template":"","meta":[],"product_brand":[],"product_cat":[29],"product_tag":[42],"class_list":{"0":"post-544","1":"product","2":"type-product","3":"status-publish","4":"has-post-thumbnail","6":"product_cat-spot-defolu-esya","7":"product_tag-ikinci-el-koltuk-kanepe","9":"first","10":"instock","11":"sale","12":"shipping-taxable","13":"purchasable","14":"product-type-simple"},"_links":{"self":[{"href":"https:\/\/mustibilgi.com\/magaza\/wp-json\/wp\/v2\/product\/544","targetHints":{"allow":["GET"]}}],"collection":[{"href":"https:\/\/mustibilgi.com\/magaza\/wp-json\/wp\/v2\/product"}],"about":[{"href":"https:\/\/mustibilgi.com\/magaza\/wp-json\/wp\/v2\/types\/product"}],"wp:featuredmedia":[{"embeddable":true,"href":"https:\/\/mustibilgi.com\/magaza\/wp-json\/wp\/v2\/media\/546"}],"wp:attachment":[{"href":"https:\/\/mustibilgi.com\/magaza\/wp-json\/wp\/v2\/media?parent=544"}],"wp:term":[{"taxonomy":"product_brand","embeddable":true,"href":"https:\/\/mustibilgi.com\/magaza\/wp-json\/wp\/v2\/product_brand?post=544"},{"taxonomy":"product_cat","embeddable":true,"href":"https:\/\/mustibilgi.com\/magaza\/wp-json\/wp\/v2\/product_cat?post=544"},{"taxonomy":"product_tag","embeddable":true,"href":"https:\/\/mustibilgi.com\/magaza\/wp-json\/wp\/v2\/product_tag?post=544"}],"curies":[{"name":"wp","href":"https:\/\/api.w.org\/{rel}","templated":true}]}}