{"id":539,"date":"2024-05-13T11:06:06","date_gmt":"2024-05-13T08:06:06","guid":{"rendered":"https:\/\/mustibilgi.com\/magaza\/?post_type=product&#038;p=539"},"modified":"2024-05-13T11:06:22","modified_gmt":"2024-05-13T08:06:22","slug":"iyi-durumda-temiz-nofrost-buzdolabi-ogrenci-icin-ideal-ucuz-buzdolabi","status":"publish","type":"product","link":"https:\/\/mustibilgi.com\/magaza\/urun\/iyi-durumda-temiz-nofrost-buzdolabi-ogrenci-icin-ideal-ucuz-buzdolabi\/","title":{"rendered":"\u0130yi durumda temiz nofrost buzdolab\u0131 \u00f6\u011frenci i\u00e7in ideal ucuz buzdolab\u0131"},"content":{"rendered":"<h2>ikinci el ucuz buzdolab\u0131 Buzdolab\u0131 Modelleri, ikinci el ve s\u0131f\u0131r se\u00e7enekleri ve b\u00fct\u00e7enize uygun fiyat<\/h2>\n<p>alternatifleriyle \u0130kinci el sat\u0131l\u0131k Geriye D\u00f6n Genel. \u0130ndirim! sakarya-karasu-spotcular-ikinciel-buzdolabi. Karasu \u0130kinci El S\u0131f\u0131r Gibi Buzdolab\u0131 Spotbu. ev aletleri farkl\u0131 marka ve model se\u00e7eneleri Az elektrik yakan buzdolab\u0131 hangisi? \u0130kinci el buzdolab\u0131 motorlar\u0131 verimsiz olarak i\u015flev sunar. S\u0131f\u0131r ebat\u0131nda bir buzdolab\u0131 motoruysa bosch, samsung, siemens, beko, lg, hotpoint t\u00fcm buzdolab\u0131 modellerini detaylar\u0131yla<br \/>\n<strong>Ikinci el buzdolab\u0131 al\u0131rken nelere dikkat etmek gerekir? <\/strong>A +++ buzdolab\u0131 var m\u0131?<\/p>\n","protected":false},"excerpt":{"rendered":"[caption id=\"attachment_454\" align=\"aligncenter\" width=\"947\"]<img loading=\"lazy\" decoding=\"async\" class=\"wp-image-454 size-full\" title=\"ikinci el ucuz buzdolab\u0131\" src=\"https:\/\/mustibilgi.com\/magaza\/wp-content\/uploads\/2024\/05\/defolu-buzdolabi-ucuz-2.png\" alt=\"\" width=\"947\" height=\"634\" srcset=\"https:\/\/mustibilgi.com\/magaza\/wp-content\/uploads\/2024\/05\/defolu-buzdolabi-ucuz-2.png 947w, https:\/\/mustibilgi.com\/magaza\/wp-content\/uploads\/2024\/05\/defolu-buzdolabi-ucuz-2-300x201.png 300w, https:\/\/mustibilgi.com\/magaza\/wp-content\/uploads\/2024\/05\/defolu-buzdolabi-ucuz-2-768x514.png 768w, https:\/\/mustibilgi.com\/magaza\/wp-content\/uploads\/2024\/05\/defolu-buzdolabi-ucuz-2-600x402.png 600w\" sizes=\"auto, (max-width: 947px) 100vw, 947px\" \/> ikinci el ucuz buzdolab\u0131[\/caption]\n<p><img loading=\"lazy\" decoding=\"async\" class=\"aligncenter size-full wp-image-453\" src=\"https:\/\/mustibilgi.com\/magaza\/wp-content\/uploads\/2024\/05\/defolu-buzdolabi-ucuz-1.png\" alt=\"\" width=\"826\" height=\"635\" srcset=\"https:\/\/mustibilgi.com\/magaza\/wp-content\/uploads\/2024\/05\/defolu-buzdolabi-ucuz-1.png 826w, https:\/\/mustibilgi.com\/magaza\/wp-content\/uploads\/2024\/05\/defolu-buzdolabi-ucuz-1-300x231.png 300w, https:\/\/mustibilgi.com\/magaza\/wp-content\/uploads\/2024\/05\/defolu-buzdolabi-ucuz-1-768x590.png 768w, https:\/\/mustibilgi.com\/magaza\/wp-content\/uploads\/2024\/05\/defolu-buzdolabi-ucuz-1-600x461.png 600w\" sizes=\"auto, (max-width: 826px) 100vw, 826px\" \/><\/p>\n","protected":false},"featured_media":454,"template":"","meta":[],"product_brand":[],"product_cat":[23],"product_tag":[41],"class_list":{"0":"post-539","1":"product","2":"type-product","3":"status-publish","4":"has-post-thumbnail","6":"product_cat-ikinci-el-beyaz-esya","7":"product_tag-ikinci-el-buzdolabi","9":"first","10":"instock","11":"sale","12":"sold-individually","13":"shipping-taxable","14":"purchasable","15":"product-type-simple"},"_links":{"self":[{"href":"https:\/\/mustibilgi.com\/magaza\/wp-json\/wp\/v2\/product\/539","targetHints":{"allow":["GET"]}}],"collection":[{"href":"https:\/\/mustibilgi.com\/magaza\/wp-json\/wp\/v2\/product"}],"about":[{"href":"https:\/\/mustibilgi.com\/magaza\/wp-json\/wp\/v2\/types\/product"}],"wp:featuredmedia":[{"embeddable":true,"href":"https:\/\/mustibilgi.com\/magaza\/wp-json\/wp\/v2\/media\/454"}],"wp:attachment":[{"href":"https:\/\/mustibilgi.com\/magaza\/wp-json\/wp\/v2\/media?parent=539"}],"wp:term":[{"taxonomy":"product_brand","embeddable":true,"href":"https:\/\/mustibilgi.com\/magaza\/wp-json\/wp\/v2\/product_brand?post=539"},{"taxonomy":"product_cat","embeddable":true,"href":"https:\/\/mustibilgi.com\/magaza\/wp-json\/wp\/v2\/product_cat?post=539"},{"taxonomy":"product_tag","embeddable":true,"href":"https:\/\/mustibilgi.com\/magaza\/wp-json\/wp\/v2\/product_tag?post=539"}],"curies":[{"name":"wp","href":"https:\/\/api.w.org\/{rel}","templated":true}]}}