{"id":535,"date":"2024-05-13T11:02:35","date_gmt":"2024-05-13T08:02:35","guid":{"rendered":"https:\/\/mustibilgi.com\/magaza\/?post_type=product&#038;p=535"},"modified":"2024-05-13T11:02:35","modified_gmt":"2024-05-13T08:02:35","slug":"ikinci-el-ikea-ranza-ucuz-ve-saglam-ranzadir","status":"publish","type":"product","link":"https:\/\/mustibilgi.com\/magaza\/urun\/ikinci-el-ikea-ranza-ucuz-ve-saglam-ranzadir\/","title":{"rendered":"\u0130K\u0130NC\u0130 EL \u0130KEA RANZA UCUZ VE SA\u011eLAM RANZADIR"},"content":{"rendered":"<p>YILA OZEL UCRETSIZ NAKLIYE VE KAPIDA ODEME RANZA YATAK. \u0130K\u0130NC\u0130 EL \u0130KEA RANZA ucuz \u00e7\u0131kma ranza. kaliteli ikinci el \u015fantiye ranzas\u0131 ucuz \u00e7\u0131kma ranza ikinci el ranza ucuz P\u00fcr\u00fczs\u00fcz y\u00fczeyli masas\u0131 ile konforlu bir \u00e7al\u0131\u015fma ortam\u0131 sa\u011flar. <strong>\u0130K\u0130NC\u0130 EL \u0130KEA RANZA<\/strong> En Sa\u011flam Ranzalar Hangi Materyallerden \u00dcretilmektedir? 1.399 TL. Y\u00fcksek kaliteli malzemelerle \u00fcretilmi\u015f ranzalar, uzun vadede daha dayan\u0131kl\u0131 ve g\u00fcvenilir olur. \u0130stanbul, Bah\u00e7elievler. \u0130STANBUL&#8217;UN EN B\u00dcY\u00dcK \u0130MALAT\u00c7ISINDAN METAL RANZA \u00c7E\u015e\u0130TLER\u0130!<\/p>\n","protected":false},"excerpt":{"rendered":"[caption id=\"attachment_537\" align=\"aligncenter\" width=\"866\"]<img loading=\"lazy\" decoding=\"async\" class=\"wp-image-537 size-full\" title=\"ikinci el ranza\" src=\"https:\/\/mustibilgi.com\/magaza\/wp-content\/uploads\/2024\/05\/IKINCI-EL-IKEA-RANZA-2.png\" alt=\"\" width=\"866\" height=\"630\" srcset=\"https:\/\/mustibilgi.com\/magaza\/wp-content\/uploads\/2024\/05\/IKINCI-EL-IKEA-RANZA-2.png 866w, https:\/\/mustibilgi.com\/magaza\/wp-content\/uploads\/2024\/05\/IKINCI-EL-IKEA-RANZA-2-300x218.png 300w, https:\/\/mustibilgi.com\/magaza\/wp-content\/uploads\/2024\/05\/IKINCI-EL-IKEA-RANZA-2-768x559.png 768w, https:\/\/mustibilgi.com\/magaza\/wp-content\/uploads\/2024\/05\/IKINCI-EL-IKEA-RANZA-2-600x436.png 600w\" sizes=\"auto, (max-width: 866px) 100vw, 866px\" \/> ikinci el ranza[\/caption]\n<p><img loading=\"lazy\" decoding=\"async\" class=\"aligncenter size-full wp-image-536\" src=\"https:\/\/mustibilgi.com\/magaza\/wp-content\/uploads\/2024\/05\/IKINCI-EL-IKEA-RANZA-1.png\" alt=\"\" width=\"872\" height=\"630\" srcset=\"https:\/\/mustibilgi.com\/magaza\/wp-content\/uploads\/2024\/05\/IKINCI-EL-IKEA-RANZA-1.png 872w, https:\/\/mustibilgi.com\/magaza\/wp-content\/uploads\/2024\/05\/IKINCI-EL-IKEA-RANZA-1-300x217.png 300w, https:\/\/mustibilgi.com\/magaza\/wp-content\/uploads\/2024\/05\/IKINCI-EL-IKEA-RANZA-1-768x555.png 768w, https:\/\/mustibilgi.com\/magaza\/wp-content\/uploads\/2024\/05\/IKINCI-EL-IKEA-RANZA-1-600x433.png 600w\" sizes=\"auto, (max-width: 872px) 100vw, 872px\" \/><\/p>\n","protected":false},"featured_media":537,"template":"","meta":[],"product_brand":[],"product_cat":[24],"product_tag":[40],"class_list":{"0":"post-535","1":"product","2":"type-product","3":"status-publish","4":"has-post-thumbnail","6":"product_cat-ikinci-el-mobilya","7":"product_tag-ikinci-el-ranza","9":"first","10":"instock","11":"sale","12":"shipping-taxable","13":"purchasable","14":"product-type-simple"},"_links":{"self":[{"href":"https:\/\/mustibilgi.com\/magaza\/wp-json\/wp\/v2\/product\/535","targetHints":{"allow":["GET"]}}],"collection":[{"href":"https:\/\/mustibilgi.com\/magaza\/wp-json\/wp\/v2\/product"}],"about":[{"href":"https:\/\/mustibilgi.com\/magaza\/wp-json\/wp\/v2\/types\/product"}],"wp:featuredmedia":[{"embeddable":true,"href":"https:\/\/mustibilgi.com\/magaza\/wp-json\/wp\/v2\/media\/537"}],"wp:attachment":[{"href":"https:\/\/mustibilgi.com\/magaza\/wp-json\/wp\/v2\/media?parent=535"}],"wp:term":[{"taxonomy":"product_brand","embeddable":true,"href":"https:\/\/mustibilgi.com\/magaza\/wp-json\/wp\/v2\/product_brand?post=535"},{"taxonomy":"product_cat","embeddable":true,"href":"https:\/\/mustibilgi.com\/magaza\/wp-json\/wp\/v2\/product_cat?post=535"},{"taxonomy":"product_tag","embeddable":true,"href":"https:\/\/mustibilgi.com\/magaza\/wp-json\/wp\/v2\/product_tag?post=535"}],"curies":[{"name":"wp","href":"https:\/\/api.w.org\/{rel}","templated":true}]}}