{"id":532,"date":"2024-05-13T10:52:15","date_gmt":"2024-05-13T07:52:15","guid":{"rendered":"https:\/\/mustibilgi.com\/magaza\/?post_type=product&#038;p=532"},"modified":"2024-05-13T10:52:15","modified_gmt":"2024-05-13T07:52:15","slug":"spotcu-yatak-baza-koltuk-dunyasi-ikinci-el-bazalar-yatagin-altinda-yer-alan","status":"publish","type":"product","link":"https:\/\/mustibilgi.com\/magaza\/urun\/spotcu-yatak-baza-koltuk-dunyasi-ikinci-el-bazalar-yatagin-altinda-yer-alan\/","title":{"rendered":"SPOTCU YATAK BAZA KOLTUK D\u00dcNYASI ikinci el Bazalar, yata\u011f\u0131n alt\u0131nda yer alan"},"content":{"rendered":"<p><strong>spot baza yatak SPOTCU\u00a0<em>YATAK BAZA<\/em>\u00a0KOLTUK D\u00dcNYASI<\/strong> &#8211; S\u0131f\u0131r \/ ikinci el \u00fcr\u00fcnler, uygun fiyatlar\u0131, \u00e7e\u015fitli se\u00e7enekleri ve S-Param G\u00fcvende ile satma Baza Nedir ve Yatak \u0130le Aras\u0131ndaki Fark Nedir? Bazalar, yata\u011f\u0131n alt\u0131nda yer alan, \u00e7e\u015fitli e\u015fyalar\u0131n depolanmas\u0131na olanak sa\u011flayan TEK K\u0130\u015e\u0130L\u0130K BAZA BA\u015eLIK YATAK RENK SE\u00c7ENEKLER\u0130 VARDIR ADRESE TESL\u0130M ED\u0130LMEKTED\u0130R. ADRES : B\u00dcY\u00dcK B\u00d6LCEK MAHALLES\u0130<\/p>\n","protected":false},"excerpt":{"rendered":"[caption id=\"attachment_534\" align=\"aligncenter\" width=\"838\"]<img loading=\"lazy\" decoding=\"async\" class=\"wp-image-534 size-full\" title=\"\u00c7\u0130FT K\u0130\u015e\u0130L\u0130K TERTEM\u0130Z BAZA\" src=\"https:\/\/mustibilgi.com\/magaza\/wp-content\/uploads\/2024\/05\/spot-baza-yatak-2.png\" alt=\"\" width=\"838\" height=\"633\" srcset=\"https:\/\/mustibilgi.com\/magaza\/wp-content\/uploads\/2024\/05\/spot-baza-yatak-2.png 838w, https:\/\/mustibilgi.com\/magaza\/wp-content\/uploads\/2024\/05\/spot-baza-yatak-2-300x227.png 300w, https:\/\/mustibilgi.com\/magaza\/wp-content\/uploads\/2024\/05\/spot-baza-yatak-2-768x580.png 768w, https:\/\/mustibilgi.com\/magaza\/wp-content\/uploads\/2024\/05\/spot-baza-yatak-2-160x120.png 160w, https:\/\/mustibilgi.com\/magaza\/wp-content\/uploads\/2024\/05\/spot-baza-yatak-2-600x453.png 600w\" sizes=\"auto, (max-width: 838px) 100vw, 838px\" \/> \u00c7\u0130FT K\u0130\u015e\u0130L\u0130K TERTEM\u0130Z BAZA[\/caption]\n<p><img loading=\"lazy\" decoding=\"async\" class=\"aligncenter wp-image-533 size-full\" title=\"\u00c7\u0130FT K\u0130\u015e\u0130L\u0130K TERTEM\u0130Z BAZA\" src=\"https:\/\/mustibilgi.com\/magaza\/wp-content\/uploads\/2024\/05\/spot-baza-yatak-1.png\" alt=\"\" width=\"846\" height=\"629\" srcset=\"https:\/\/mustibilgi.com\/magaza\/wp-content\/uploads\/2024\/05\/spot-baza-yatak-1.png 846w, https:\/\/mustibilgi.com\/magaza\/wp-content\/uploads\/2024\/05\/spot-baza-yatak-1-300x223.png 300w, https:\/\/mustibilgi.com\/magaza\/wp-content\/uploads\/2024\/05\/spot-baza-yatak-1-768x571.png 768w, https:\/\/mustibilgi.com\/magaza\/wp-content\/uploads\/2024\/05\/spot-baza-yatak-1-160x120.png 160w, https:\/\/mustibilgi.com\/magaza\/wp-content\/uploads\/2024\/05\/spot-baza-yatak-1-600x446.png 600w\" sizes=\"auto, (max-width: 846px) 100vw, 846px\" \/><\/p>\n","protected":false},"featured_media":533,"template":"","meta":[],"product_brand":[],"product_cat":[24],"product_tag":[39],"class_list":{"0":"post-532","1":"product","2":"type-product","3":"status-publish","4":"has-post-thumbnail","6":"product_cat-ikinci-el-mobilya","7":"product_tag-ikinci-el-baza-yatak","9":"first","10":"instock","11":"sale","12":"shipping-taxable","13":"purchasable","14":"product-type-simple"},"_links":{"self":[{"href":"https:\/\/mustibilgi.com\/magaza\/wp-json\/wp\/v2\/product\/532","targetHints":{"allow":["GET"]}}],"collection":[{"href":"https:\/\/mustibilgi.com\/magaza\/wp-json\/wp\/v2\/product"}],"about":[{"href":"https:\/\/mustibilgi.com\/magaza\/wp-json\/wp\/v2\/types\/product"}],"wp:featuredmedia":[{"embeddable":true,"href":"https:\/\/mustibilgi.com\/magaza\/wp-json\/wp\/v2\/media\/533"}],"wp:attachment":[{"href":"https:\/\/mustibilgi.com\/magaza\/wp-json\/wp\/v2\/media?parent=532"}],"wp:term":[{"taxonomy":"product_brand","embeddable":true,"href":"https:\/\/mustibilgi.com\/magaza\/wp-json\/wp\/v2\/product_brand?post=532"},{"taxonomy":"product_cat","embeddable":true,"href":"https:\/\/mustibilgi.com\/magaza\/wp-json\/wp\/v2\/product_cat?post=532"},{"taxonomy":"product_tag","embeddable":true,"href":"https:\/\/mustibilgi.com\/magaza\/wp-json\/wp\/v2\/product_tag?post=532"}],"curies":[{"name":"wp","href":"https:\/\/api.w.org\/{rel}","templated":true}]}}