{"id":387,"date":"2024-05-12T12:30:15","date_gmt":"2024-05-12T12:30:15","guid":{"rendered":"https:\/\/mustibilgi.com\/magaza\/?page_id=387"},"modified":"2024-07-22T11:52:30","modified_gmt":"2024-07-22T08:52:30","slug":"iletisim","status":"publish","type":"page","link":"https:\/\/mustibilgi.com\/magaza\/iletisim\/","title":{"rendered":"ileti\u015fim"},"content":{"rendered":"<p><img loading=\"lazy\" decoding=\"async\" class=\"aligncenter wp-image-388 size-full\" src=\"https:\/\/mustibilgi.com\/magaza\/wp-content\/uploads\/2024\/05\/iletisim1.jpg\" alt=\"\" width=\"800\" height=\"500\" title=\"\" srcset=\"https:\/\/mustibilgi.com\/magaza\/wp-content\/uploads\/2024\/05\/iletisim1.jpg 800w, https:\/\/mustibilgi.com\/magaza\/wp-content\/uploads\/2024\/05\/iletisim1-300x188.jpg 300w, https:\/\/mustibilgi.com\/magaza\/wp-content\/uploads\/2024\/05\/iletisim1-768x480.jpg 768w, https:\/\/mustibilgi.com\/magaza\/wp-content\/uploads\/2024\/05\/iletisim1-600x375.jpg 600w\" sizes=\"auto, (max-width: 800px) 100vw, 800px\" \/><\/p>\n<div class=\"woocommerce columns-4 \"><ul class=\"products columns-4\">\n<li class=\"product type-product post-765 status-publish first instock product_cat-ikinci-el-esya has-post-thumbnail sale shipping-taxable purchasable product-type-simple\">\n\t<a href=\"https:\/\/mustibilgi.com\/magaza\/urun\/2-el-klasor-cikma-dosya-klasor-1000-adet-kusur\/\" class=\"woocommerce-LoopProduct-link woocommerce-loop-product__link\">\n\t<span class=\"onsale\">\u0130ndirim!<\/span>\n\t<img loading=\"lazy\" decoding=\"async\" width=\"300\" height=\"300\" src=\"https:\/\/mustibilgi.com\/magaza\/wp-content\/uploads\/2025\/12\/2.-el-klasor-cikma-dosya-klasor-1-300x300.png\" class=\"attachment-woocommerce_thumbnail size-woocommerce_thumbnail\" alt=\"2. el klas\u00f6r \u00e7\u0131kma dosya klas\u00f6r 1000 adet k\u00fcsur\" srcset=\"https:\/\/mustibilgi.com\/magaza\/wp-content\/uploads\/2025\/12\/2.-el-klasor-cikma-dosya-klasor-1-300x300.png 300w, https:\/\/mustibilgi.com\/magaza\/wp-content\/uploads\/2025\/12\/2.-el-klasor-cikma-dosya-klasor-1-150x150.png 150w, https:\/\/mustibilgi.com\/magaza\/wp-content\/uploads\/2025\/12\/2.-el-klasor-cikma-dosya-klasor-1-100x100.png 100w\" sizes=\"auto, (max-width: 300px) 100vw, 300px\" title=\"\"><h2 class=\"woocommerce-loop-product__title\">2. el klas\u00f6r \u00e7\u0131kma dosya klas\u00f6r 1000 adet k\u00fcsur<\/h2>\n\t<span class=\"price\"><del aria-hidden=\"true\"><span class=\"woocommerce-Price-amount amount\"><bdi><span class=\"woocommerce-Price-currencySymbol\">&#8378;<\/span>20.00<\/bdi><\/span><\/del> <span class=\"screen-reader-text\">Orijinal fiyat: &#8378;20.00.<\/span><ins aria-hidden=\"true\"><span class=\"woocommerce-Price-amount amount\"><bdi><span class=\"woocommerce-Price-currencySymbol\">&#8378;<\/span>15.00<\/bdi><\/span><\/ins><span class=\"screen-reader-text\">\u015eu andaki fiyat: &#8378;15.00.<\/span><\/span>\n<div class=\"archive-product-categories text-center\"><a href=\"https:\/\/mustibilgi.com\/magaza\/urun-kategori\/ikinci-el-esya\/\" rel=\"tag\">ikinci el e\u015fya<\/a><\/div><\/a><a href=\"\/magaza\/wp-json\/wp\/v2\/pages\/387?add-to-cart=765\" aria-describedby=\"woocommerce_loop_add_to_cart_link_describedby_765\" data-quantity=\"1\" class=\"button product_type_simple add_to_cart_button ajax_add_to_cart\" data-product_id=\"765\" data-product_sku=\"\" aria-label=\"Sepete ekle: \u201c2. el klas\u00f6r \u00e7\u0131kma dosya klas\u00f6r 1000 adet k\u00fcsur\u201d\" rel=\"nofollow\" data-success_message=\"&quot;2. el klas\u00f6r \u00e7\u0131kma dosya klas\u00f6r 1000 adet k\u00fcsur&quot; sepetinize eklendi\" role=\"button\">Sepete Ekle<\/a>\t<span id=\"woocommerce_loop_add_to_cart_link_describedby_765\" class=\"screen-reader-text\">\n\t\t\t<\/span>\n<\/li>\n<li class=\"product type-product post-607 status-publish instock product_cat-ikinci-el-esya product_cat-ikinci-el-is-makineleri has-post-thumbnail sale shipping-taxable purchasable product-type-simple\">\n\t<a href=\"https:\/\/mustibilgi.com\/magaza\/urun\/2-el-on-ocakli-buhar-kazani-30-m2-cikma-60m2-buhar-kazani\/\" class=\"woocommerce-LoopProduct-link woocommerce-loop-product__link\">\n\t<span class=\"onsale\">\u0130ndirim!<\/span>\n\t<img loading=\"lazy\" decoding=\"async\" width=\"300\" height=\"300\" src=\"https:\/\/mustibilgi.com\/magaza\/wp-content\/uploads\/2024\/05\/ikinci-el-buhar-kazani-3-300x300.png\" class=\"attachment-woocommerce_thumbnail size-woocommerce_thumbnail\" alt=\"2. EL \u00d6N OCAKLI BUHAR KAZANI. 30 m2 \u00e7\u0131kma 60m2 buhar kazan\u0131\" srcset=\"https:\/\/mustibilgi.com\/magaza\/wp-content\/uploads\/2024\/05\/ikinci-el-buhar-kazani-3-300x300.png 300w, https:\/\/mustibilgi.com\/magaza\/wp-content\/uploads\/2024\/05\/ikinci-el-buhar-kazani-3-150x150.png 150w, https:\/\/mustibilgi.com\/magaza\/wp-content\/uploads\/2024\/05\/ikinci-el-buhar-kazani-3-100x100.png 100w\" sizes=\"auto, (max-width: 300px) 100vw, 300px\" title=\"\"><h2 class=\"woocommerce-loop-product__title\">2. EL \u00d6N OCAKLI BUHAR KAZANI. 30 m2 \u00e7\u0131kma 60m2 buhar kazan\u0131<\/h2>\n\t<span class=\"price\"><del aria-hidden=\"true\"><span class=\"woocommerce-Price-amount amount\"><bdi><span class=\"woocommerce-Price-currencySymbol\">&#8378;<\/span>20,000.00<\/bdi><\/span><\/del> <span class=\"screen-reader-text\">Orijinal fiyat: &#8378;20,000.00.<\/span><ins aria-hidden=\"true\"><span class=\"woocommerce-Price-amount amount\"><bdi><span class=\"woocommerce-Price-currencySymbol\">&#8378;<\/span>19,000.00<\/bdi><\/span><\/ins><span class=\"screen-reader-text\">\u015eu andaki fiyat: &#8378;19,000.00.<\/span><\/span>\n<div class=\"archive-product-categories text-center\"><a href=\"https:\/\/mustibilgi.com\/magaza\/urun-kategori\/ikinci-el-esya\/\" rel=\"tag\">ikinci el e\u015fya<\/a>,<a href=\"https:\/\/mustibilgi.com\/magaza\/urun-kategori\/ikinci-el-is-makineleri\/\" rel=\"tag\">ikinci el i\u015f makineleri<\/a><\/div><\/a><a href=\"\/magaza\/wp-json\/wp\/v2\/pages\/387?add-to-cart=607\" aria-describedby=\"woocommerce_loop_add_to_cart_link_describedby_607\" data-quantity=\"1\" class=\"button product_type_simple add_to_cart_button ajax_add_to_cart\" data-product_id=\"607\" data-product_sku=\"\" aria-label=\"Sepete ekle: \u201c2. EL \u00d6N OCAKLI BUHAR KAZANI. 30 m2 \u00e7\u0131kma 60m2 buhar kazan\u0131\u201d\" rel=\"nofollow\" data-success_message=\"&quot;2. EL \u00d6N OCAKLI BUHAR KAZANI. 30 m2 \u00e7\u0131kma 60m2 buhar kazan\u0131&quot; sepetinize eklendi\" role=\"button\">Sepete Ekle<\/a>\t<span id=\"woocommerce_loop_add_to_cart_link_describedby_607\" class=\"screen-reader-text\">\n\t\t\t<\/span>\n<\/li>\n<li class=\"product type-product post-704 status-publish instock product_cat-ikinci-el-beyaz-esya has-post-thumbnail sale shipping-taxable purchasable product-type-simple\">\n\t<a href=\"https:\/\/mustibilgi.com\/magaza\/urun\/2-el-elektronik-tahta-en-ucuz-akilli-tahta-fiyatlari\/\" class=\"woocommerce-LoopProduct-link woocommerce-loop-product__link\">\n\t<span class=\"onsale\">\u0130ndirim!<\/span>\n\t<img loading=\"lazy\" decoding=\"async\" width=\"300\" height=\"300\" src=\"https:\/\/mustibilgi.com\/magaza\/wp-content\/uploads\/2024\/08\/2.El-Elektronik-tahta-2-300x300.png\" class=\"attachment-woocommerce_thumbnail size-woocommerce_thumbnail\" alt=\"2.El Elektronik tahta En ucuz ak\u0131ll\u0131 tahta fiyatlar\u0131\" srcset=\"https:\/\/mustibilgi.com\/magaza\/wp-content\/uploads\/2024\/08\/2.El-Elektronik-tahta-2-300x300.png 300w, https:\/\/mustibilgi.com\/magaza\/wp-content\/uploads\/2024\/08\/2.El-Elektronik-tahta-2-150x150.png 150w, https:\/\/mustibilgi.com\/magaza\/wp-content\/uploads\/2024\/08\/2.El-Elektronik-tahta-2-100x100.png 100w\" sizes=\"auto, (max-width: 300px) 100vw, 300px\" title=\"\"><h2 class=\"woocommerce-loop-product__title\">2.El Elektronik tahta En ucuz ak\u0131ll\u0131 tahta fiyatlar\u0131<\/h2>\n\t<span class=\"price\"><del aria-hidden=\"true\"><span class=\"woocommerce-Price-amount amount\"><bdi><span class=\"woocommerce-Price-currencySymbol\">&#8378;<\/span>2,500.00<\/bdi><\/span><\/del> <span class=\"screen-reader-text\">Orijinal fiyat: &#8378;2,500.00.<\/span><ins aria-hidden=\"true\"><span class=\"woocommerce-Price-amount amount\"><bdi><span class=\"woocommerce-Price-currencySymbol\">&#8378;<\/span>2,000.00<\/bdi><\/span><\/ins><span class=\"screen-reader-text\">\u015eu andaki fiyat: &#8378;2,000.00.<\/span><\/span>\n<div class=\"archive-product-categories text-center\"><a href=\"https:\/\/mustibilgi.com\/magaza\/urun-kategori\/ikinci-el-beyaz-esya\/\" rel=\"tag\">ikinci el beyaz e\u015fya<\/a><\/div><\/a><a href=\"\/magaza\/wp-json\/wp\/v2\/pages\/387?add-to-cart=704\" aria-describedby=\"woocommerce_loop_add_to_cart_link_describedby_704\" data-quantity=\"1\" class=\"button product_type_simple add_to_cart_button ajax_add_to_cart\" data-product_id=\"704\" data-product_sku=\"\" aria-label=\"Sepete ekle: \u201c2.El Elektronik tahta En ucuz ak\u0131ll\u0131 tahta fiyatlar\u0131\u201d\" rel=\"nofollow\" data-success_message=\"&quot;2.El Elektronik tahta En ucuz ak\u0131ll\u0131 tahta fiyatlar\u0131&quot; sepetinize eklendi\" role=\"button\">Sepete Ekle<\/a>\t<span id=\"woocommerce_loop_add_to_cart_link_describedby_704\" class=\"screen-reader-text\">\n\t\t\t<\/span>\n<\/li>\n<li class=\"product type-product post-761 status-publish last instock product_cat-ikinci-el-esya has-post-thumbnail sale shipping-taxable purchasable product-type-simple\">\n\t<a href=\"https:\/\/mustibilgi.com\/magaza\/urun\/2-el-miele-ankastre-ocak-cift-gozlu-domino-seri\/\" class=\"woocommerce-LoopProduct-link woocommerce-loop-product__link\">\n\t<span class=\"onsale\">\u0130ndirim!<\/span>\n\t<img loading=\"lazy\" decoding=\"async\" width=\"300\" height=\"300\" src=\"https:\/\/mustibilgi.com\/magaza\/wp-content\/uploads\/2025\/12\/IKINCI-EL-MIELE-ANKASTRE-OCAK-CIFT-GOZLU-DOMINO-SERI-1-300x300.png\" class=\"attachment-woocommerce_thumbnail size-woocommerce_thumbnail\" alt=\"2.EL M\u0130ELE ANKASTRE OCAK \u00c7\u0130FT G\u00d6ZL\u00dc DOM\u0130NO SER\u0130\" srcset=\"https:\/\/mustibilgi.com\/magaza\/wp-content\/uploads\/2025\/12\/IKINCI-EL-MIELE-ANKASTRE-OCAK-CIFT-GOZLU-DOMINO-SERI-1-300x300.png 300w, https:\/\/mustibilgi.com\/magaza\/wp-content\/uploads\/2025\/12\/IKINCI-EL-MIELE-ANKASTRE-OCAK-CIFT-GOZLU-DOMINO-SERI-1-150x150.png 150w, https:\/\/mustibilgi.com\/magaza\/wp-content\/uploads\/2025\/12\/IKINCI-EL-MIELE-ANKASTRE-OCAK-CIFT-GOZLU-DOMINO-SERI-1-100x100.png 100w\" sizes=\"auto, (max-width: 300px) 100vw, 300px\" title=\"\"><h2 class=\"woocommerce-loop-product__title\">2.EL M\u0130ELE ANKASTRE OCAK \u00c7\u0130FT G\u00d6ZL\u00dc DOM\u0130NO SER\u0130<\/h2>\n\t<span class=\"price\"><del aria-hidden=\"true\"><span class=\"woocommerce-Price-amount amount\"><bdi><span class=\"woocommerce-Price-currencySymbol\">&#8378;<\/span>50,000.00<\/bdi><\/span><\/del> <span class=\"screen-reader-text\">Orijinal fiyat: &#8378;50,000.00.<\/span><ins aria-hidden=\"true\"><span class=\"woocommerce-Price-amount amount\"><bdi><span class=\"woocommerce-Price-currencySymbol\">&#8378;<\/span>45,000.00<\/bdi><\/span><\/ins><span class=\"screen-reader-text\">\u015eu andaki fiyat: &#8378;45,000.00.<\/span><\/span>\n<div class=\"archive-product-categories text-center\"><a href=\"https:\/\/mustibilgi.com\/magaza\/urun-kategori\/ikinci-el-esya\/\" rel=\"tag\">ikinci el e\u015fya<\/a><\/div><\/a><a href=\"\/magaza\/wp-json\/wp\/v2\/pages\/387?add-to-cart=761\" aria-describedby=\"woocommerce_loop_add_to_cart_link_describedby_761\" data-quantity=\"1\" class=\"button product_type_simple add_to_cart_button ajax_add_to_cart\" data-product_id=\"761\" data-product_sku=\"\" aria-label=\"Sepete ekle: \u201c2.EL M\u0130ELE ANKASTRE OCAK \u00c7\u0130FT G\u00d6ZL\u00dc DOM\u0130NO SER\u0130\u201d\" rel=\"nofollow\" data-success_message=\"&quot;2.EL M\u0130ELE ANKASTRE OCAK \u00c7\u0130FT G\u00d6ZL\u00dc DOM\u0130NO SER\u0130&quot; sepetinize eklendi\" role=\"button\">Sepete Ekle<\/a>\t<span id=\"woocommerce_loop_add_to_cart_link_describedby_761\" class=\"screen-reader-text\">\n\t\t\t<\/span>\n<\/li>\n<li class=\"product type-product post-732 status-publish first instock product_cat-ikinci-el-mobilya product_cat-ikinci-el-esya product_tag-ikinci-el-baza-yatak has-post-thumbnail sale shipping-taxable purchasable product-type-simple\">\n\t<a href=\"https:\/\/mustibilgi.com\/magaza\/urun\/2-el-tek-kisilik-cikma-yatak\/\" class=\"woocommerce-LoopProduct-link woocommerce-loop-product__link\">\n\t<span class=\"onsale\">\u0130ndirim!<\/span>\n\t<img loading=\"lazy\" decoding=\"async\" width=\"300\" height=\"300\" src=\"https:\/\/mustibilgi.com\/magaza\/wp-content\/uploads\/2024\/12\/2.el-tek-kisilik-cikma-yatak-2-300x300.png\" class=\"attachment-woocommerce_thumbnail size-woocommerce_thumbnail\" alt=\"2.el tek ki\u015filik \u00e7\u0131kma yatak\" srcset=\"https:\/\/mustibilgi.com\/magaza\/wp-content\/uploads\/2024\/12\/2.el-tek-kisilik-cikma-yatak-2-300x300.png 300w, https:\/\/mustibilgi.com\/magaza\/wp-content\/uploads\/2024\/12\/2.el-tek-kisilik-cikma-yatak-2-150x150.png 150w, https:\/\/mustibilgi.com\/magaza\/wp-content\/uploads\/2024\/12\/2.el-tek-kisilik-cikma-yatak-2-100x100.png 100w\" sizes=\"auto, (max-width: 300px) 100vw, 300px\" title=\"\"><h2 class=\"woocommerce-loop-product__title\">2.el tek ki\u015filik \u00e7\u0131kma yatak<\/h2>\n\t<span class=\"price\"><del aria-hidden=\"true\"><span class=\"woocommerce-Price-amount amount\"><bdi><span class=\"woocommerce-Price-currencySymbol\">&#8378;<\/span>250.00<\/bdi><\/span><\/del> <span class=\"screen-reader-text\">Orijinal fiyat: &#8378;250.00.<\/span><ins aria-hidden=\"true\"><span class=\"woocommerce-Price-amount amount\"><bdi><span class=\"woocommerce-Price-currencySymbol\">&#8378;<\/span>120.00<\/bdi><\/span><\/ins><span class=\"screen-reader-text\">\u015eu andaki fiyat: &#8378;120.00.<\/span><\/span>\n<div class=\"archive-product-categories text-center\"><a href=\"https:\/\/mustibilgi.com\/magaza\/urun-kategori\/ikinci-el-mobilya\/\" rel=\"tag\">ikinci el mobilya<\/a>,<a href=\"https:\/\/mustibilgi.com\/magaza\/urun-kategori\/ikinci-el-esya\/\" rel=\"tag\">ikinci el e\u015fya<\/a><\/div><\/a><a href=\"\/magaza\/wp-json\/wp\/v2\/pages\/387?add-to-cart=732\" aria-describedby=\"woocommerce_loop_add_to_cart_link_describedby_732\" data-quantity=\"1\" class=\"button product_type_simple add_to_cart_button ajax_add_to_cart\" data-product_id=\"732\" data-product_sku=\"\" aria-label=\"Sepete ekle: \u201c2.el tek ki\u015filik \u00e7\u0131kma yatak\u201d\" rel=\"nofollow\" data-success_message=\"&quot;2.el tek ki\u015filik \u00e7\u0131kma yatak&quot; sepetinize eklendi\" role=\"button\">Sepete Ekle<\/a>\t<span id=\"woocommerce_loop_add_to_cart_link_describedby_732\" class=\"screen-reader-text\">\n\t\t\t<\/span>\n<\/li>\n<li class=\"product type-product post-654 status-publish instock product_cat-ikinci-el-is-makineleri has-post-thumbnail sale shipping-taxable purchasable product-type-simple\">\n\t<a href=\"https:\/\/mustibilgi.com\/magaza\/urun\/20-ton-siyah-sac-mazot-tanki-cikma-tertemiz\/\" class=\"woocommerce-LoopProduct-link woocommerce-loop-product__link\">\n\t<span class=\"onsale\">\u0130ndirim!<\/span>\n\t<img loading=\"lazy\" decoding=\"async\" width=\"300\" height=\"300\" src=\"https:\/\/mustibilgi.com\/magaza\/wp-content\/uploads\/2024\/07\/20-TON-SIYAH-SAC-MAZOT-TANKI-1-300x300.png\" class=\"attachment-woocommerce_thumbnail size-woocommerce_thumbnail\" alt=\"20 TON S\u0130YAH SA\u00c7 MAZOT TANKI \u00c7IKMA TERTEM\u0130Z\" srcset=\"https:\/\/mustibilgi.com\/magaza\/wp-content\/uploads\/2024\/07\/20-TON-SIYAH-SAC-MAZOT-TANKI-1-300x300.png 300w, https:\/\/mustibilgi.com\/magaza\/wp-content\/uploads\/2024\/07\/20-TON-SIYAH-SAC-MAZOT-TANKI-1-150x150.png 150w, https:\/\/mustibilgi.com\/magaza\/wp-content\/uploads\/2024\/07\/20-TON-SIYAH-SAC-MAZOT-TANKI-1-100x100.png 100w\" sizes=\"auto, (max-width: 300px) 100vw, 300px\" title=\"\"><h2 class=\"woocommerce-loop-product__title\">20 TON S\u0130YAH SA\u00c7 MAZOT TANKI \u00c7IKMA TERTEM\u0130Z<\/h2>\n\t<span class=\"price\"><del aria-hidden=\"true\"><span class=\"woocommerce-Price-amount amount\"><bdi><span class=\"woocommerce-Price-currencySymbol\">&#8378;<\/span>12,000.00<\/bdi><\/span><\/del> <span class=\"screen-reader-text\">Orijinal fiyat: &#8378;12,000.00.<\/span><ins aria-hidden=\"true\"><span class=\"woocommerce-Price-amount amount\"><bdi><span class=\"woocommerce-Price-currencySymbol\">&#8378;<\/span>10,000.00<\/bdi><\/span><\/ins><span class=\"screen-reader-text\">\u015eu andaki fiyat: &#8378;10,000.00.<\/span><\/span>\n<div class=\"archive-product-categories text-center\"><a href=\"https:\/\/mustibilgi.com\/magaza\/urun-kategori\/ikinci-el-is-makineleri\/\" rel=\"tag\">ikinci el i\u015f makineleri<\/a><\/div><\/a><a href=\"\/magaza\/wp-json\/wp\/v2\/pages\/387?add-to-cart=654\" aria-describedby=\"woocommerce_loop_add_to_cart_link_describedby_654\" data-quantity=\"1\" class=\"button product_type_simple add_to_cart_button ajax_add_to_cart\" data-product_id=\"654\" data-product_sku=\"\" aria-label=\"Sepete ekle: \u201c20 TON S\u0130YAH SA\u00c7 MAZOT TANKI \u00c7IKMA TERTEM\u0130Z\u201d\" rel=\"nofollow\" data-success_message=\"&quot;20 TON S\u0130YAH SA\u00c7 MAZOT TANKI \u00c7IKMA TERTEM\u0130Z&quot; sepetinize eklendi\" role=\"button\">Sepete Ekle<\/a>\t<span id=\"woocommerce_loop_add_to_cart_link_describedby_654\" class=\"screen-reader-text\">\n\t\t\t<\/span>\n<\/li>\n<li class=\"product type-product post-566 status-publish instock product_cat-ikinci-el-mobilya has-post-thumbnail sale shipping-taxable purchasable product-type-simple\">\n\t<a href=\"https:\/\/mustibilgi.com\/magaza\/urun\/5x10-insaat-kereste-fiyatlari-saglam-civisiz-kereste\/\" class=\"woocommerce-LoopProduct-link woocommerce-loop-product__link\">\n\t<span class=\"onsale\">\u0130ndirim!<\/span>\n\t<img loading=\"lazy\" decoding=\"async\" width=\"300\" height=\"300\" src=\"https:\/\/mustibilgi.com\/magaza\/wp-content\/uploads\/2024\/05\/5X10-Insaat-Kereste-2-300x300.png\" class=\"attachment-woocommerce_thumbnail size-woocommerce_thumbnail\" alt=\"5X10 \u0130n\u015faat Kereste Fiyatlar\u0131 SA\u011eLAM \u00c7\u0130V\u0130S\u0130Z KERESTE\" srcset=\"https:\/\/mustibilgi.com\/magaza\/wp-content\/uploads\/2024\/05\/5X10-Insaat-Kereste-2-300x300.png 300w, https:\/\/mustibilgi.com\/magaza\/wp-content\/uploads\/2024\/05\/5X10-Insaat-Kereste-2-150x150.png 150w, https:\/\/mustibilgi.com\/magaza\/wp-content\/uploads\/2024\/05\/5X10-Insaat-Kereste-2-100x100.png 100w\" sizes=\"auto, (max-width: 300px) 100vw, 300px\" title=\"\"><h2 class=\"woocommerce-loop-product__title\">5X10 \u0130n\u015faat Kereste Fiyatlar\u0131 SA\u011eLAM \u00c7\u0130V\u0130S\u0130Z KERESTE<\/h2>\n\t<span class=\"price\"><del aria-hidden=\"true\"><span class=\"woocommerce-Price-amount amount\"><bdi><span class=\"woocommerce-Price-currencySymbol\">&#8378;<\/span>250.00<\/bdi><\/span><\/del> <span class=\"screen-reader-text\">Orijinal fiyat: &#8378;250.00.<\/span><ins aria-hidden=\"true\"><span class=\"woocommerce-Price-amount amount\"><bdi><span class=\"woocommerce-Price-currencySymbol\">&#8378;<\/span>100.00<\/bdi><\/span><\/ins><span class=\"screen-reader-text\">\u015eu andaki fiyat: &#8378;100.00.<\/span><\/span>\n<div class=\"archive-product-categories text-center\"><a href=\"https:\/\/mustibilgi.com\/magaza\/urun-kategori\/ikinci-el-mobilya\/\" rel=\"tag\">ikinci el mobilya<\/a><\/div><\/a><a href=\"\/magaza\/wp-json\/wp\/v2\/pages\/387?add-to-cart=566\" aria-describedby=\"woocommerce_loop_add_to_cart_link_describedby_566\" data-quantity=\"1\" class=\"button product_type_simple add_to_cart_button ajax_add_to_cart\" data-product_id=\"566\" data-product_sku=\"\" aria-label=\"Sepete ekle: \u201c5X10 \u0130n\u015faat Kereste Fiyatlar\u0131 SA\u011eLAM \u00c7\u0130V\u0130S\u0130Z KERESTE\u201d\" rel=\"nofollow\" data-success_message=\"&quot;5X10 \u0130n\u015faat Kereste Fiyatlar\u0131 SA\u011eLAM \u00c7\u0130V\u0130S\u0130Z KERESTE&quot; sepetinize eklendi\" role=\"button\">Sepete Ekle<\/a>\t<span id=\"woocommerce_loop_add_to_cart_link_describedby_566\" class=\"screen-reader-text\">\n\t\t\t<\/span>\n<\/li>\n<li class=\"product type-product post-668 status-publish last instock product_cat-ikinci-el-esya has-post-thumbnail sale shipping-taxable purchasable product-type-simple\">\n\t<a href=\"https:\/\/mustibilgi.com\/magaza\/urun\/a4-fotokopi-kagidi-spot-balya-bazinda-toptan-ucuz-a4-kagidi\/\" class=\"woocommerce-LoopProduct-link woocommerce-loop-product__link\">\n\t<span class=\"onsale\">\u0130ndirim!<\/span>\n\t<img loading=\"lazy\" decoding=\"async\" width=\"300\" height=\"300\" src=\"https:\/\/mustibilgi.com\/magaza\/wp-content\/uploads\/2024\/07\/spot-balya-bazinda-toptan-ucuz-a4-kagidi-3-300x300.png\" class=\"attachment-woocommerce_thumbnail size-woocommerce_thumbnail\" alt=\"A4 fotokopi ka\u011f\u0131d\u0131 spot balya baz\u0131nda toptan ucuz a4 ka\u011f\u0131d\u0131\" srcset=\"https:\/\/mustibilgi.com\/magaza\/wp-content\/uploads\/2024\/07\/spot-balya-bazinda-toptan-ucuz-a4-kagidi-3-300x300.png 300w, https:\/\/mustibilgi.com\/magaza\/wp-content\/uploads\/2024\/07\/spot-balya-bazinda-toptan-ucuz-a4-kagidi-3-150x150.png 150w, https:\/\/mustibilgi.com\/magaza\/wp-content\/uploads\/2024\/07\/spot-balya-bazinda-toptan-ucuz-a4-kagidi-3-100x100.png 100w\" sizes=\"auto, (max-width: 300px) 100vw, 300px\" title=\"\"><h2 class=\"woocommerce-loop-product__title\">A4 fotokopi ka\u011f\u0131d\u0131 spot balya baz\u0131nda toptan ucuz a4 ka\u011f\u0131d\u0131<\/h2>\n\t<span class=\"price\"><del aria-hidden=\"true\"><span class=\"woocommerce-Price-amount amount\"><bdi><span class=\"woocommerce-Price-currencySymbol\">&#8378;<\/span>80.00<\/bdi><\/span><\/del> <span class=\"screen-reader-text\">Orijinal fiyat: &#8378;80.00.<\/span><ins aria-hidden=\"true\"><span class=\"woocommerce-Price-amount amount\"><bdi><span class=\"woocommerce-Price-currencySymbol\">&#8378;<\/span>70.00<\/bdi><\/span><\/ins><span class=\"screen-reader-text\">\u015eu andaki fiyat: &#8378;70.00.<\/span><\/span>\n<div class=\"archive-product-categories text-center\"><a href=\"https:\/\/mustibilgi.com\/magaza\/urun-kategori\/ikinci-el-esya\/\" rel=\"tag\">ikinci el e\u015fya<\/a><\/div><\/a><a href=\"\/magaza\/wp-json\/wp\/v2\/pages\/387?add-to-cart=668\" aria-describedby=\"woocommerce_loop_add_to_cart_link_describedby_668\" data-quantity=\"1\" class=\"button product_type_simple add_to_cart_button ajax_add_to_cart\" data-product_id=\"668\" data-product_sku=\"\" aria-label=\"Sepete ekle: \u201cA4 fotokopi ka\u011f\u0131d\u0131 spot balya baz\u0131nda toptan ucuz a4 ka\u011f\u0131d\u0131\u201d\" rel=\"nofollow\" data-success_message=\"&quot;A4 fotokopi ka\u011f\u0131d\u0131 spot balya baz\u0131nda toptan ucuz a4 ka\u011f\u0131d\u0131&quot; sepetinize eklendi\" role=\"button\">Sepete Ekle<\/a>\t<span id=\"woocommerce_loop_add_to_cart_link_describedby_668\" class=\"screen-reader-text\">\n\t\t\t<\/span>\n<\/li>\n<\/ul>\n<\/div>\n","protected":false},"excerpt":{"rendered":"","protected":false},"author":1,"featured_media":431,"parent":0,"menu_order":0,"comment_status":"closed","ping_status":"closed","template":"","meta":{"footnotes":""},"class_list":["post-387","page","type-page","status-publish","has-post-thumbnail","hentry"],"_links":{"self":[{"href":"https:\/\/mustibilgi.com\/magaza\/wp-json\/wp\/v2\/pages\/387","targetHints":{"allow":["GET"]}}],"collection":[{"href":"https:\/\/mustibilgi.com\/magaza\/wp-json\/wp\/v2\/pages"}],"about":[{"href":"https:\/\/mustibilgi.com\/magaza\/wp-json\/wp\/v2\/types\/page"}],"author":[{"embeddable":true,"href":"https:\/\/mustibilgi.com\/magaza\/wp-json\/wp\/v2\/users\/1"}],"replies":[{"embeddable":true,"href":"https:\/\/mustibilgi.com\/magaza\/wp-json\/wp\/v2\/comments?post=387"}],"version-history":[{"count":3,"href":"https:\/\/mustibilgi.com\/magaza\/wp-json\/wp\/v2\/pages\/387\/revisions"}],"predecessor-version":[{"id":523,"href":"https:\/\/mustibilgi.com\/magaza\/wp-json\/wp\/v2\/pages\/387\/revisions\/523"}],"wp:featuredmedia":[{"embeddable":true,"href":"https:\/\/mustibilgi.com\/magaza\/wp-json\/wp\/v2\/media\/431"}],"wp:attachment":[{"href":"https:\/\/mustibilgi.com\/magaza\/wp-json\/wp\/v2\/media?parent=387"}],"curies":[{"name":"wp","href":"https:\/\/api.w.org\/{rel}","templated":true}]}}